{"id":1034,"date":"2013-10-16T21:41:25","date_gmt":"2013-10-16T21:41:25","guid":{"rendered":"http:\/\/thegravity.net\/supernova\/?page_id=1034"},"modified":"2026-03-09T12:50:17","modified_gmt":"2026-03-09T12:50:17","slug":"full-width-grid-2-cols","status":"publish","type":"page","link":"http:\/\/lasteaed.vaatsa.ee\/index.php\/full-width-grid-2-cols\/","title":{"rendered":"Dokumendid"},"content":{"rendered":"\n<p><strong>LASTEAED ON AVATUD E-R KELLA 7.00- 18.00<\/strong><\/p>\n\n\n\n<p>Alates 01.01.2025 on laste <strong>KOHATASU<\/strong><\/p>\n\n\n\n<div class=\"wp-block-file\"><a id=\"wp-block-file--media-e30244bf-4e7d-4155-969e-eeb7ebbed488\" href=\"http:\/\/lasteaed.vaatsa.ee\/wp-content\/uploads\/2025\/03\/Blankett-Lasteaia-nimekirja-arvamine-1.doc\">Blankett-Lasteaia-nimekirja-arvamine-1<\/a><a href=\"http:\/\/lasteaed.vaatsa.ee\/wp-content\/uploads\/2025\/03\/Blankett-Lasteaia-nimekirja-arvamine-1.doc\" class=\"wp-block-file__button wp-element-button\" download aria-describedby=\"wp-block-file--media-e30244bf-4e7d-4155-969e-eeb7ebbed488\">Laadi alla<\/a><\/div>\n\n\n\n<p>1 laps 100% 44,30 eurot<br>2 laps 75% 33,22 eurot<br>3 laps tasuta<\/p>\n\n\n\n<p>Toidup\u00e4eva maksumus on 2.20 eurot p\u00e4ev.<\/p>\n\n\n\n<p><\/p>\n\n\n\n<figure class=\"wp-block-image size-large\"><a href=\"http:\/\/lasteaed.vaatsa.ee\/wp-content\/uploads\/2024\/08\/VAATSA-LASTEAED-PAIKAPP-PAEVAKAVA.png\"><img fetchpriority=\"high\" decoding=\"async\" width=\"724\" height=\"1024\" src=\"http:\/\/lasteaed.vaatsa.ee\/wp-content\/uploads\/2024\/08\/VAATSA-LASTEAED-PAIKAPP-PAEVAKAVA-724x1024.png\" alt=\"\" class=\"wp-image-4135\" srcset=\"http:\/\/lasteaed.vaatsa.ee\/wp-content\/uploads\/2024\/08\/VAATSA-LASTEAED-PAIKAPP-PAEVAKAVA-724x1024.png 724w, http:\/\/lasteaed.vaatsa.ee\/wp-content\/uploads\/2024\/08\/VAATSA-LASTEAED-PAIKAPP-PAEVAKAVA-212x300.png 212w, http:\/\/lasteaed.vaatsa.ee\/wp-content\/uploads\/2024\/08\/VAATSA-LASTEAED-PAIKAPP-PAEVAKAVA-768x1086.png 768w, http:\/\/lasteaed.vaatsa.ee\/wp-content\/uploads\/2024\/08\/VAATSA-LASTEAED-PAIKAPP-PAEVAKAVA-1086x1536.png 1086w, http:\/\/lasteaed.vaatsa.ee\/wp-content\/uploads\/2024\/08\/VAATSA-LASTEAED-PAIKAPP-PAEVAKAVA-1448x2048.png 1448w, http:\/\/lasteaed.vaatsa.ee\/wp-content\/uploads\/2024\/08\/VAATSA-LASTEAED-PAIKAPP-PAEVAKAVA.png 1587w\" sizes=\"(max-width: 724px) 100vw, 724px\" \/><\/a><\/figure>\n\n\n\n<div data-wp-interactive=\"core\/file\" class=\"wp-block-file\"><object data-wp-bind--hidden=\"!state.hasPdfPreview\" hidden class=\"wp-block-file__embed\" data=\"http:\/\/lasteaed.vaatsa.ee\/wp-content\/uploads\/2025\/01\/Vaatsa-lasteaia-Paikapp-kodukord-.pdf\" type=\"application\/pdf\" style=\"width:100%;height:600px\" aria-label=\"Lisa V\u00e4\u00e4tsa lasteaia Paik\u00e4pp kodukord.\"><\/object><a id=\"wp-block-file--media-70f953f6-92a2-4588-9e39-9101fbb2c2c8\" href=\"http:\/\/lasteaed.vaatsa.ee\/wp-content\/uploads\/2025\/01\/Vaatsa-lasteaia-Paikapp-kodukord-.pdf\">V\u00e4\u00e4tsa lasteaia Paik\u00e4pp kodukord<\/a><a href=\"http:\/\/lasteaed.vaatsa.ee\/wp-content\/uploads\/2025\/01\/Vaatsa-lasteaia-Paikapp-kodukord-.pdf\" class=\"wp-block-file__button wp-element-button\" download aria-describedby=\"wp-block-file--media-70f953f6-92a2-4588-9e39-9101fbb2c2c8\">Laadi alla<\/a><\/div>\n\n\n\n<div data-wp-interactive=\"core\/file\" class=\"wp-block-file\"><object data-wp-bind--hidden=\"!state.hasPdfPreview\" hidden class=\"wp-block-file__embed\" data=\"http:\/\/lasteaed.vaatsa.ee\/wp-content\/uploads\/2025\/03\/lasteaia_pohimaarus.pdf\" type=\"application\/pdf\" style=\"width:100%;height:600px\" aria-label=\"Lisa lasteaia_p\u00f5him\u00e4\u00e4rus.\"><\/object><a id=\"wp-block-file--media-68a8edd7-71db-4a40-a043-7ee67f26eb52\" href=\"http:\/\/lasteaed.vaatsa.ee\/wp-content\/uploads\/2025\/03\/lasteaia_pohimaarus.pdf\">lasteaia_p\u00f5him\u00e4\u00e4rus<\/a><a href=\"http:\/\/lasteaed.vaatsa.ee\/wp-content\/uploads\/2025\/03\/lasteaia_pohimaarus.pdf\" class=\"wp-block-file__button wp-element-button\" download aria-describedby=\"wp-block-file--media-68a8edd7-71db-4a40-a043-7ee67f26eb52\">Laadi alla<\/a><\/div>\n\n\n\n<div class=\"wp-block-group is-layout-flow wp-block-group-is-layout-flow\">\n<p><a href=\"http:\/\/lasteaed.vaatsa.ee\/wp-content\/uploads\/2019\/03\/V%C3%A4%C3%A4tsa-lasteaia-andmekaitsetingimused-02.2019.pdf\" target=\"_blank\" rel=\"noreferrer noopener\">lasteaed.vaatsa.ee\/\u2026\/V\u00e4\u00e4tsa-lasteaia-andmekaitsetingimused-02.2019.pdf<\/a><\/p>\n<\/div>\n\n\n\n<p><strong>ARENGUKAVA 2026-2030<\/strong><\/p>\n\n\n\n<div data-wp-interactive=\"core\/file\" class=\"wp-block-file\"><object data-wp-bind--hidden=\"!state.hasPdfPreview\" hidden class=\"wp-block-file__embed\" data=\"http:\/\/lasteaed.vaatsa.ee\/wp-content\/uploads\/2026\/03\/Lisa_Vaatsa_Lasteaed_arengukava_2026_2030.pdf\" type=\"application\/pdf\" style=\"width:100%;height:600px\" aria-label=\"Lisa Lisa_Vaatsa_Lasteaed_arengukava_2026_2030.\"><\/object><a id=\"wp-block-file--media-ed0300e4-1d17-4198-b115-f9181f751bd2\" href=\"http:\/\/lasteaed.vaatsa.ee\/wp-content\/uploads\/2026\/03\/Lisa_Vaatsa_Lasteaed_arengukava_2026_2030.pdf\">Lisa_Vaatsa_Lasteaed_arengukava_2026_2030<\/a><a href=\"http:\/\/lasteaed.vaatsa.ee\/wp-content\/uploads\/2026\/03\/Lisa_Vaatsa_Lasteaed_arengukava_2026_2030.pdf\" class=\"wp-block-file__button wp-element-button\" download aria-describedby=\"wp-block-file--media-ed0300e4-1d17-4198-b115-f9181f751bd2\">Laadi alla<\/a><\/div>\n\n\n\n<div class=\"wp-block-columns is-layout-flex wp-container-core-columns-is-layout-28f84493 wp-block-columns-is-layout-flex\">\n<div class=\"wp-block-column is-layout-flow wp-block-column-is-layout-flow\">\n<div data-wp-interactive=\"core\/file\" class=\"wp-block-file\"><object data-wp-bind--hidden=\"!state.hasPdfPreview\" hidden class=\"wp-block-file__embed\" data=\"http:\/\/lasteaed.vaatsa.ee\/wp-content\/uploads\/2023\/11\/Korraldus_nr_347.pdf\" type=\"application\/pdf\" style=\"width:100%;height:600px\" aria-label=\"Lisa Tasu m\u00e4\u00e4rad V\u00e4\u00e4tsa Lasteaed Paik\u00e4pp valduses oleva vara allkasutusele andmiseks.\"><\/object><a id=\"wp-block-file--media-ee022df5-0ab6-4c66-a616-e396b34de731\" href=\"http:\/\/lasteaed.vaatsa.ee\/wp-content\/uploads\/2023\/11\/Korraldus_nr_347.pdf\">Tasu m\u00e4\u00e4rad V\u00e4\u00e4tsa Lasteaed Paik\u00e4pp valduses oleva vara allkasutusele andmiseks<\/a><a href=\"http:\/\/lasteaed.vaatsa.ee\/wp-content\/uploads\/2023\/11\/Korraldus_nr_347.pdf\" class=\"wp-block-file__button wp-element-button\" download aria-describedby=\"wp-block-file--media-ee022df5-0ab6-4c66-a616-e396b34de731\">Laadi alla<\/a><\/div>\n\n\n\n<hr class=\"wp-block-separator has-css-opacity\"\/>\n\n\n\n<p>&#8220;<strong>Meie lasteaeda koha saamiseks tuleb:<\/strong>&#8221; T\u00e4ita avaldus s\u00fcnnitunnistuse ja rahvastikuregistri t\u00f5endi alusel. T\u00e4idetud avalduse saab kas v\u00e4lja tr\u00fckkida ja lasteaeda tuua v\u00f5i siis saata lasteaia&nbsp; \u00fcldelektronposti aadressile <strong>vaatsa.lasteaed@tyri.ee. <\/strong><\/p>\n\n\n\n<p>Tutvuda meie lasteaia kodukorra ja p\u00e4evakavaga. Valmistada laps ette kohanemiseks uues kollektiivis.&nbsp;<\/p>\n\n\n\n<p>&#8220;<strong>Mida teha, et laps kohaneks v\u00f5imalikult valutult? &#8220;<\/strong>Tutvustage lapsele j\u00e4rk-j\u00e4rgult meie lasteaeda. K\u00fclastage r\u00fchma ja tutvuge r\u00fchma t\u00f6\u00f6tajatega.<br>M\u00e4ngige koos lapsega lasteaia \u00f5uealal.<\/p>\n\n\n\n<p>&#8220;<strong>Mis on lasteaia p\u00e4evakavas kohanemisel k\u00f5ige raskem?<\/strong>&#8221; Lahkumine emast &#8211; p\u00fc\u00fcdke olla rahulik ja optimistlik!<br>P\u00e4evane uni &#8211; p\u00fc\u00fcdke kodus sisse seada lasteaiaga v\u00f5imalikult sarnane p\u00e4evakava.<br>S\u00f6\u00f6mine &#8211; tutvuge lasteaia men\u00fc\u00fcga, teatage oma lapse toiduallergiast r\u00fchma t\u00f6\u00f6tajatele ja meie kokale. Lasteaia men\u00fc\u00fcd on e-lasteaias Eliis ja r\u00fchmastendil. <\/p>\n\n\n\n<p>&#8220;<strong>Mida ette v\u00f5tta, kui laps j\u00e4tkuvalt ei kohane?<\/strong>&#8220;Sisendage lapsesse turvatunnet ja positiivset suhtumist lasteaeda. Varuge rohkem aega lapse harjutamiseks uue keskkonnaga. Tugevdage lapse tervist aktiivse liikumisega ning rohke \u00f5uesviibimisega..<\/p>\n\n\n\n<p>&#8220;<strong>Mida v\u00f5tta kaasa lasteaeda tulekul?<\/strong>&#8220;Vahetusjalan\u00f5ud,v\u00f5imlemisriided, ujumisriided. \u00d5uesviibimiseks riided vastavalt ilmale ja vahetusriided kappi.<br>V\u00f5imalusel m\u00e4rgistage oma lapse riideid ja jalan\u00f5usid. S\u00f5imelapsele vajadusel m\u00e4hkmed.&nbsp;<\/p>\n\n\n\n<p><\/p>\n\n\n\n<p><\/p>\n<\/div>\n<\/div>\n\n\n\n<p><\/p>\n","protected":false},"excerpt":{"rendered":"<p>LASTEAED ON AVATUD E-R KELLA 7.00- 18.00 Alates 01.01.2025 on laste KOHATASU 1 laps 100% 44,30 eurot2 laps 75% 33,22 [&hellip;]<\/p>\n","protected":false},"author":1,"featured_media":0,"parent":0,"menu_order":0,"comment_status":"open","ping_status":"open","template":"","meta":{"site-sidebar-layout":"default","site-content-layout":"","ast-site-content-layout":"default","site-content-style":"default","site-sidebar-style":"default","ast-global-header-display":"","ast-banner-title-visibility":"","ast-main-header-display":"","ast-hfb-above-header-display":"","ast-hfb-below-header-display":"","ast-hfb-mobile-header-display":"","site-post-title":"","ast-breadcrumbs-content":"","ast-featured-img":"","footer-sml-layout":"","ast-disable-related-posts":"","theme-transparent-header-meta":"","adv-header-id-meta":"","stick-header-meta":"","header-above-stick-meta":"","header-main-stick-meta":"","header-below-stick-meta":"","astra-migrate-meta-layouts":"default","ast-page-background-enabled":"default","ast-page-background-meta":{"desktop":{"background-color":"var(--ast-global-color-5)","background-image":"","background-repeat":"repeat","background-position":"center center","background-size":"auto","background-attachment":"scroll","background-type":"","background-media":"","overlay-type":"","overlay-color":"","overlay-opacity":"","overlay-gradient":""},"tablet":{"background-color":"","background-image":"","background-repeat":"repeat","background-position":"center center","background-size":"auto","background-attachment":"scroll","background-type":"","background-media":"","overlay-type":"","overlay-color":"","overlay-opacity":"","overlay-gradient":""},"mobile":{"background-color":"","background-image":"","background-repeat":"repeat","background-position":"center center","background-size":"auto","background-attachment":"scroll","background-type":"","background-media":"","overlay-type":"","overlay-color":"","overlay-opacity":"","overlay-gradient":""}},"ast-content-background-meta":{"desktop":{"background-color":"var(--ast-global-color-4)","background-image":"","background-repeat":"repeat","background-position":"center center","background-size":"auto","background-attachment":"scroll","background-type":"","background-media":"","overlay-type":"","overlay-color":"","overlay-opacity":"","overlay-gradient":""},"tablet":{"background-color":"var(--ast-global-color-4)","background-image":"","background-repeat":"repeat","background-position":"center center","background-size":"auto","background-attachment":"scroll","background-type":"","background-media":"","overlay-type":"","overlay-color":"","overlay-opacity":"","overlay-gradient":""},"mobile":{"background-color":"var(--ast-global-color-4)","background-image":"","background-repeat":"repeat","background-position":"center center","background-size":"auto","background-attachment":"scroll","background-type":"","background-media":"","overlay-type":"","overlay-color":"","overlay-opacity":"","overlay-gradient":""}},"footnotes":""},"class_list":["post-1034","page","type-page","status-publish","hentry"],"_links":{"self":[{"href":"http:\/\/lasteaed.vaatsa.ee\/index.php\/wp-json\/wp\/v2\/pages\/1034","targetHints":{"allow":["GET"]}}],"collection":[{"href":"http:\/\/lasteaed.vaatsa.ee\/index.php\/wp-json\/wp\/v2\/pages"}],"about":[{"href":"http:\/\/lasteaed.vaatsa.ee\/index.php\/wp-json\/wp\/v2\/types\/page"}],"author":[{"embeddable":true,"href":"http:\/\/lasteaed.vaatsa.ee\/index.php\/wp-json\/wp\/v2\/users\/1"}],"replies":[{"embeddable":true,"href":"http:\/\/lasteaed.vaatsa.ee\/index.php\/wp-json\/wp\/v2\/comments?post=1034"}],"version-history":[{"count":147,"href":"http:\/\/lasteaed.vaatsa.ee\/index.php\/wp-json\/wp\/v2\/pages\/1034\/revisions"}],"predecessor-version":[{"id":4440,"href":"http:\/\/lasteaed.vaatsa.ee\/index.php\/wp-json\/wp\/v2\/pages\/1034\/revisions\/4440"}],"wp:attachment":[{"href":"http:\/\/lasteaed.vaatsa.ee\/index.php\/wp-json\/wp\/v2\/media?parent=1034"}],"curies":[{"name":"wp","href":"https:\/\/api.w.org\/{rel}","templated":true}]}}