{"id":2015,"date":"2017-10-30T12:17:18","date_gmt":"2017-10-30T12:17:18","guid":{"rendered":"http:\/\/lasteaed.vaatsa.ee\/?page_id=2015"},"modified":"2026-03-04T05:31:56","modified_gmt":"2026-03-04T05:31:56","slug":"uudised-ja-teated","status":"publish","type":"page","link":"http:\/\/lasteaed.vaatsa.ee\/index.php\/uudised-ja-teated\/","title":{"rendered":"\u00dcritused ja info"},"content":{"rendered":"\n<p>Lasteaia peod ja info&nbsp;on n\u00e4ha lapsevanematele <strong>e-lasteaias Eliis.<\/strong> Hea lapsevanem, kui sul pole veel Eliis kontot, ole hea ja esita lasteaiale l\u00e4bi www.eliis.ee taotlus ja k\u00f5ik vahvad tegemised saavad sulle n\u00e4htavaks. Pidude korraldamisel l\u00e4htume lasteaia traditsioonidest ja rahvakalendri t\u00e4htp\u00e4evadest.  <\/p>\n\n\n\n<p><a href=\"https:\/\/eliis.eu\">https:\/\/eliis.eu<\/a><\/p>\n\n\n\n<div class=\"wp-block-columns is-layout-flex wp-container-core-columns-is-layout-28f84493 wp-block-columns-is-layout-flex\">\n<div class=\"wp-block-column is-layout-flow wp-block-column-is-layout-flow\" style=\"flex-basis:33.33%\">\n<figure class=\"wp-block-image size-large\"><img fetchpriority=\"high\" decoding=\"async\" width=\"1024\" height=\"768\" src=\"http:\/\/lasteaed.vaatsa.ee\/wp-content\/uploads\/2020\/10\/IMG_2128-1024x768.jpg\" alt=\"\" class=\"wp-image-3248\" srcset=\"http:\/\/lasteaed.vaatsa.ee\/wp-content\/uploads\/2020\/10\/IMG_2128-1024x768.jpg 1024w, http:\/\/lasteaed.vaatsa.ee\/wp-content\/uploads\/2020\/10\/IMG_2128-300x225.jpg 300w, http:\/\/lasteaed.vaatsa.ee\/wp-content\/uploads\/2020\/10\/IMG_2128-768x576.jpg 768w, http:\/\/lasteaed.vaatsa.ee\/wp-content\/uploads\/2020\/10\/IMG_2128-1536x1152.jpg 1536w, http:\/\/lasteaed.vaatsa.ee\/wp-content\/uploads\/2020\/10\/IMG_2128-2048x1536.jpg 2048w\" sizes=\"(max-width: 1024px) 100vw, 1024px\" \/><figcaption class=\"wp-element-caption\">Esimene lumi<\/figcaption><\/figure>\n\n\n\n<figure class=\"wp-block-image size-large\"><img decoding=\"async\" width=\"1024\" height=\"768\" src=\"http:\/\/lasteaed.vaatsa.ee\/wp-content\/uploads\/2020\/10\/IMG_1700-1024x768.jpg\" alt=\"\" class=\"wp-image-3249\" srcset=\"http:\/\/lasteaed.vaatsa.ee\/wp-content\/uploads\/2020\/10\/IMG_1700-1024x768.jpg 1024w, http:\/\/lasteaed.vaatsa.ee\/wp-content\/uploads\/2020\/10\/IMG_1700-300x225.jpg 300w, http:\/\/lasteaed.vaatsa.ee\/wp-content\/uploads\/2020\/10\/IMG_1700-768x576.jpg 768w, http:\/\/lasteaed.vaatsa.ee\/wp-content\/uploads\/2020\/10\/IMG_1700-1536x1152.jpg 1536w, http:\/\/lasteaed.vaatsa.ee\/wp-content\/uploads\/2020\/10\/IMG_1700-2048x1536.jpg 2048w\" sizes=\"(max-width: 1024px) 100vw, 1024px\" \/><\/figure>\n\n\n\n<figure class=\"wp-block-image size-large\"><img decoding=\"async\" width=\"1024\" height=\"768\" src=\"http:\/\/lasteaed.vaatsa.ee\/wp-content\/uploads\/2020\/10\/IMG_2078-1-1024x768.jpg\" alt=\"\" class=\"wp-image-3252\" srcset=\"http:\/\/lasteaed.vaatsa.ee\/wp-content\/uploads\/2020\/10\/IMG_2078-1-1024x768.jpg 1024w, http:\/\/lasteaed.vaatsa.ee\/wp-content\/uploads\/2020\/10\/IMG_2078-1-300x225.jpg 300w, http:\/\/lasteaed.vaatsa.ee\/wp-content\/uploads\/2020\/10\/IMG_2078-1-768x576.jpg 768w, http:\/\/lasteaed.vaatsa.ee\/wp-content\/uploads\/2020\/10\/IMG_2078-1-1536x1152.jpg 1536w, http:\/\/lasteaed.vaatsa.ee\/wp-content\/uploads\/2020\/10\/IMG_2078-1-2048x1536.jpg 2048w\" sizes=\"(max-width: 1024px) 100vw, 1024px\" \/><figcaption class=\"wp-element-caption\">Meil on poni<\/figcaption><\/figure>\n\n\n\n<figure class=\"wp-block-image size-large\"><img loading=\"lazy\" decoding=\"async\" width=\"1024\" height=\"683\" src=\"http:\/\/lasteaed.vaatsa.ee\/wp-content\/uploads\/2020\/10\/DSC_0066-1024x683.jpg\" alt=\"\" class=\"wp-image-3254\" srcset=\"http:\/\/lasteaed.vaatsa.ee\/wp-content\/uploads\/2020\/10\/DSC_0066-1024x683.jpg 1024w, http:\/\/lasteaed.vaatsa.ee\/wp-content\/uploads\/2020\/10\/DSC_0066-300x200.jpg 300w, http:\/\/lasteaed.vaatsa.ee\/wp-content\/uploads\/2020\/10\/DSC_0066-768x512.jpg 768w, http:\/\/lasteaed.vaatsa.ee\/wp-content\/uploads\/2020\/10\/DSC_0066-1536x1024.jpg 1536w, http:\/\/lasteaed.vaatsa.ee\/wp-content\/uploads\/2020\/10\/DSC_0066-2048x1365.jpg 2048w\" sizes=\"(max-width: 1024px) 100vw, 1024px\" \/><figcaption class=\"wp-element-caption\">Lasteaia s\u00fcnnip\u00e4ev<\/figcaption><\/figure>\n\n\n\n<figure class=\"wp-block-image size-large\"><img loading=\"lazy\" decoding=\"async\" width=\"1024\" height=\"683\" src=\"http:\/\/lasteaed.vaatsa.ee\/wp-content\/uploads\/2020\/10\/DSC_0102-1-1024x683.jpg\" alt=\"\" class=\"wp-image-3255\" srcset=\"http:\/\/lasteaed.vaatsa.ee\/wp-content\/uploads\/2020\/10\/DSC_0102-1-1024x683.jpg 1024w, http:\/\/lasteaed.vaatsa.ee\/wp-content\/uploads\/2020\/10\/DSC_0102-1-300x200.jpg 300w, http:\/\/lasteaed.vaatsa.ee\/wp-content\/uploads\/2020\/10\/DSC_0102-1-768x512.jpg 768w, http:\/\/lasteaed.vaatsa.ee\/wp-content\/uploads\/2020\/10\/DSC_0102-1-1536x1024.jpg 1536w, http:\/\/lasteaed.vaatsa.ee\/wp-content\/uploads\/2020\/10\/DSC_0102-1-2048x1365.jpg 2048w\" sizes=\"(max-width: 1024px) 100vw, 1024px\" \/><\/figure>\n<\/div>\n\n\n\n<div class=\"wp-block-column is-layout-flow wp-block-column-is-layout-flow\" style=\"flex-basis:66.66%\">\n<figure class=\"wp-block-image size-large is-resized\"><img loading=\"lazy\" decoding=\"async\" width=\"1024\" height=\"683\" src=\"http:\/\/lasteaed.vaatsa.ee\/wp-content\/uploads\/2020\/10\/DSC_0138-1-1024x683.jpg\" alt=\"\" class=\"wp-image-3256\" style=\"width:376px;height:auto\" srcset=\"http:\/\/lasteaed.vaatsa.ee\/wp-content\/uploads\/2020\/10\/DSC_0138-1-1024x683.jpg 1024w, http:\/\/lasteaed.vaatsa.ee\/wp-content\/uploads\/2020\/10\/DSC_0138-1-300x200.jpg 300w, http:\/\/lasteaed.vaatsa.ee\/wp-content\/uploads\/2020\/10\/DSC_0138-1-768x512.jpg 768w, http:\/\/lasteaed.vaatsa.ee\/wp-content\/uploads\/2020\/10\/DSC_0138-1-1536x1024.jpg 1536w, http:\/\/lasteaed.vaatsa.ee\/wp-content\/uploads\/2020\/10\/DSC_0138-1-2048x1365.jpg 2048w\" sizes=\"(max-width: 1024px) 100vw, 1024px\" \/><figcaption class=\"wp-element-caption\">Vanematega V\u00e4\u00e4tsa rabas<\/figcaption><\/figure>\n\n\n\n<figure class=\"wp-block-image size-large is-resized\"><img loading=\"lazy\" decoding=\"async\" width=\"1024\" height=\"768\" src=\"http:\/\/lasteaed.vaatsa.ee\/wp-content\/uploads\/2020\/10\/IMG_7339-1024x768.jpg\" alt=\"\" class=\"wp-image-3257\" style=\"width:375px;height:auto\" srcset=\"http:\/\/lasteaed.vaatsa.ee\/wp-content\/uploads\/2020\/10\/IMG_7339-1024x768.jpg 1024w, http:\/\/lasteaed.vaatsa.ee\/wp-content\/uploads\/2020\/10\/IMG_7339-300x225.jpg 300w, http:\/\/lasteaed.vaatsa.ee\/wp-content\/uploads\/2020\/10\/IMG_7339-768x576.jpg 768w, http:\/\/lasteaed.vaatsa.ee\/wp-content\/uploads\/2020\/10\/IMG_7339-1536x1152.jpg 1536w, http:\/\/lasteaed.vaatsa.ee\/wp-content\/uploads\/2020\/10\/IMG_7339-2048x1536.jpg 2048w\" sizes=\"(max-width: 1024px) 100vw, 1024px\" \/><figcaption class=\"wp-element-caption\">Moositegu<\/figcaption><\/figure>\n\n\n\n<figure class=\"wp-block-image size-large is-resized\"><a href=\"http:\/\/lasteaed.vaatsa.ee\/wp-content\/uploads\/2021\/11\/20201102_175249-scaled.jpg\"><img loading=\"lazy\" decoding=\"async\" width=\"1024\" height=\"576\" src=\"http:\/\/lasteaed.vaatsa.ee\/wp-content\/uploads\/2021\/11\/20201102_175249-1024x576.jpg\" alt=\"\" class=\"wp-image-3529\" style=\"width:379px;height:auto\" srcset=\"http:\/\/lasteaed.vaatsa.ee\/wp-content\/uploads\/2021\/11\/20201102_175249-1024x576.jpg 1024w, http:\/\/lasteaed.vaatsa.ee\/wp-content\/uploads\/2021\/11\/20201102_175249-300x169.jpg 300w, http:\/\/lasteaed.vaatsa.ee\/wp-content\/uploads\/2021\/11\/20201102_175249-768x432.jpg 768w, http:\/\/lasteaed.vaatsa.ee\/wp-content\/uploads\/2021\/11\/20201102_175249-1536x864.jpg 1536w, http:\/\/lasteaed.vaatsa.ee\/wp-content\/uploads\/2021\/11\/20201102_175249-2048x1152.jpg 2048w, http:\/\/lasteaed.vaatsa.ee\/wp-content\/uploads\/2021\/11\/20201102_175249-1200x675.jpg 1200w\" sizes=\"(max-width: 1024px) 100vw, 1024px\" \/><\/a><figcaption class=\"wp-element-caption\">Tervisemeeskonna \u00f6ine matk<\/figcaption><\/figure>\n<\/div>\n<\/div>\n\n\n\n<figure class=\"wp-block-image size-large is-resized\"><a href=\"http:\/\/lasteaed.vaatsa.ee\/wp-content\/uploads\/2021\/11\/20201125_092159-scaled.jpg\"><img loading=\"lazy\" decoding=\"async\" width=\"1024\" height=\"576\" src=\"http:\/\/lasteaed.vaatsa.ee\/wp-content\/uploads\/2021\/11\/20201125_092159-1024x576.jpg\" alt=\"\" class=\"wp-image-3528\" style=\"width:404px;height:auto\" srcset=\"http:\/\/lasteaed.vaatsa.ee\/wp-content\/uploads\/2021\/11\/20201125_092159-1024x576.jpg 1024w, http:\/\/lasteaed.vaatsa.ee\/wp-content\/uploads\/2021\/11\/20201125_092159-300x169.jpg 300w, http:\/\/lasteaed.vaatsa.ee\/wp-content\/uploads\/2021\/11\/20201125_092159-768x432.jpg 768w, http:\/\/lasteaed.vaatsa.ee\/wp-content\/uploads\/2021\/11\/20201125_092159-1536x864.jpg 1536w, http:\/\/lasteaed.vaatsa.ee\/wp-content\/uploads\/2021\/11\/20201125_092159-2048x1152.jpg 2048w, http:\/\/lasteaed.vaatsa.ee\/wp-content\/uploads\/2021\/11\/20201125_092159-1200x675.jpg 1200w\" sizes=\"(max-width: 1024px) 100vw, 1024px\" \/><\/a><figcaption class=\"wp-element-caption\">Mardip\u00e4ev, kes on tugevam.<\/figcaption><\/figure>\n\n\n\n<p><\/p>\n\n\n\n<figure class=\"wp-block-gallery has-nested-images columns-default is-cropped wp-block-gallery-1 is-layout-flex wp-block-gallery-is-layout-flex\"><\/figure>\n","protected":false},"excerpt":{"rendered":"<p>Lasteaia peod ja info&nbsp;on n\u00e4ha lapsevanematele e-lasteaias Eliis. Hea lapsevanem, kui sul pole veel Eliis kontot, ole hea ja esita [&hellip;]<\/p>\n","protected":false},"author":1,"featured_media":1809,"parent":0,"menu_order":0,"comment_status":"closed","ping_status":"closed","template":"","meta":{"site-sidebar-layout":"default","site-content-layout":"","ast-site-content-layout":"default","site-content-style":"default","site-sidebar-style":"default","ast-global-header-display":"","ast-banner-title-visibility":"","ast-main-header-display":"","ast-hfb-above-header-display":"","ast-hfb-below-header-display":"","ast-hfb-mobile-header-display":"","site-post-title":"","ast-breadcrumbs-content":"","ast-featured-img":"","footer-sml-layout":"","ast-disable-related-posts":"","theme-transparent-header-meta":"","adv-header-id-meta":"","stick-header-meta":"","header-above-stick-meta":"","header-main-stick-meta":"","header-below-stick-meta":"","astra-migrate-meta-layouts":"default","ast-page-background-enabled":"default","ast-page-background-meta":{"desktop":{"background-color":"var(--ast-global-color-5)","background-image":"","background-repeat":"repeat","background-position":"center center","background-size":"auto","background-attachment":"scroll","background-type":"","background-media":"","overlay-type":"","overlay-color":"","overlay-opacity":"","overlay-gradient":""},"tablet":{"background-color":"","background-image":"","background-repeat":"repeat","background-position":"center center","background-size":"auto","background-attachment":"scroll","background-type":"","background-media":"","overlay-type":"","overlay-color":"","overlay-opacity":"","overlay-gradient":""},"mobile":{"background-color":"","background-image":"","background-repeat":"repeat","background-position":"center center","background-size":"auto","background-attachment":"scroll","background-type":"","background-media":"","overlay-type":"","overlay-color":"","overlay-opacity":"","overlay-gradient":""}},"ast-content-background-meta":{"desktop":{"background-color":"var(--ast-global-color-4)","background-image":"","background-repeat":"repeat","background-position":"center center","background-size":"auto","background-attachment":"scroll","background-type":"","background-media":"","overlay-type":"","overlay-color":"","overlay-opacity":"","overlay-gradient":""},"tablet":{"background-color":"var(--ast-global-color-4)","background-image":"","background-repeat":"repeat","background-position":"center center","background-size":"auto","background-attachment":"scroll","background-type":"","background-media":"","overlay-type":"","overlay-color":"","overlay-opacity":"","overlay-gradient":""},"mobile":{"background-color":"var(--ast-global-color-4)","background-image":"","background-repeat":"repeat","background-position":"center center","background-size":"auto","background-attachment":"scroll","background-type":"","background-media":"","overlay-type":"","overlay-color":"","overlay-opacity":"","overlay-gradient":""}},"footnotes":""},"class_list":["post-2015","page","type-page","status-publish","has-post-thumbnail","hentry"],"_links":{"self":[{"href":"http:\/\/lasteaed.vaatsa.ee\/index.php\/wp-json\/wp\/v2\/pages\/2015","targetHints":{"allow":["GET"]}}],"collection":[{"href":"http:\/\/lasteaed.vaatsa.ee\/index.php\/wp-json\/wp\/v2\/pages"}],"about":[{"href":"http:\/\/lasteaed.vaatsa.ee\/index.php\/wp-json\/wp\/v2\/types\/page"}],"author":[{"embeddable":true,"href":"http:\/\/lasteaed.vaatsa.ee\/index.php\/wp-json\/wp\/v2\/users\/1"}],"replies":[{"embeddable":true,"href":"http:\/\/lasteaed.vaatsa.ee\/index.php\/wp-json\/wp\/v2\/comments?post=2015"}],"version-history":[{"count":46,"href":"http:\/\/lasteaed.vaatsa.ee\/index.php\/wp-json\/wp\/v2\/pages\/2015\/revisions"}],"predecessor-version":[{"id":4432,"href":"http:\/\/lasteaed.vaatsa.ee\/index.php\/wp-json\/wp\/v2\/pages\/2015\/revisions\/4432"}],"wp:featuredmedia":[{"embeddable":true,"href":"http:\/\/lasteaed.vaatsa.ee\/index.php\/wp-json\/wp\/v2\/media\/1809"}],"wp:attachment":[{"href":"http:\/\/lasteaed.vaatsa.ee\/index.php\/wp-json\/wp\/v2\/media?parent=2015"}],"curies":[{"name":"wp","href":"https:\/\/api.w.org\/{rel}","templated":true}]}}