{"id":2115,"date":"2018-01-31T07:28:57","date_gmt":"2018-01-31T07:28:57","guid":{"rendered":"http:\/\/lasteaed.vaatsa.ee\/?page_id=2115"},"modified":"2025-02-05T07:38:14","modified_gmt":"2025-02-05T07:38:14","slug":"oppe-ja-kasvatustoo","status":"publish","type":"page","link":"http:\/\/lasteaed.vaatsa.ee\/index.php\/oppe-ja-kasvatustoo\/","title":{"rendered":"\u00d5PPE- JA KASVATUST\u00d6\u00d6"},"content":{"rendered":"\n<p>V\u00e4\u00e4tsa Lasteaed Paik\u00e4pp Kaisukarude r\u00fchm osales k<em>onkursil&nbsp; <strong>\u201dMeisterdusi metsast\u201d<\/strong>&nbsp; <\/em><\/p>\n\n\n\n<p><em>Sellel aastal on huvitavad meisterdused, mis nagu p\u00e4ikesekiired annavad lumele v\u00e4rvi. Palju roheliste lehtedega kausse ja lambivarje ning seente rohket metsa. Konkursile saabus sel aastal rohkem t\u00f6id J\u00e4rvamaalt&nbsp; <strong>15 <\/strong>&nbsp;ja Harjumaalt <strong>5<\/strong> t\u00f6\u00f6d. Enamus t\u00f6id oli valmistatud r\u00fchmaga.<\/em><\/p>\n\n\n\n<p><em>Kokku osales meisterduste tegemisel 248 last koos oma \u00f5petajatega.<\/em><\/p>\n\n\n\n<p><em>V\u00e4ike \u017e\u00fcrii koosseis leidis oma lemmikud ja nendeks olid:<\/em><\/p>\n\n\n\n<p><em>T\u00fcri LA P\u00f5rnikate r\u00fchma \u201e<strong>Silmadega puud, lehed<\/strong>\u201c ;&nbsp; V\u00e4\u00e4tsa LA&nbsp; \u201e<strong>Looduskell\u201c<\/strong> , Aruk\u00fcla LA Rukkilill P\u00e4\u00e4susilma r\u00fchm <strong>\u201eLehekuplilamp<\/strong>\u201c&nbsp; ning Anija valla LA Lastetare maja \u201e<strong>T\u00f5rukeste seiklused Kehra RMK terviserajal\u201c<\/strong><\/em><\/p>\n\n\n\n<p><em>Need r\u00fchmad saavad lisaks meenetele ka tasuta RMK Aegviidu loodus\u00f5ppeprogrammi oma vabal valikul aasta jooksul!<\/em><\/p>\n\n\n\n<p><\/p>\n\n\n<p><a href=\"http:\/\/eliis.ee\/\">ELIIS.EE<\/a><\/p>\n<p>ELIIS (e-lasteaed) on infos\u00fcsteem, mis pakub lasteaedadele innovaatilisi ning digitaalseid lahendusi \u00f5ppet\u00f6\u00f6 mugavamaks korraldamiseks. V\u00e4\u00e4tsa lasteaed kasutab Eliisi 2016aastast. Lapsevanemal on mugav kaasa r\u00e4\u00e4kida r\u00fchma tegemistes, olla kursis oma lapse ning lasteaia tegemistega, vaadata pilte toimunud s\u00fcndmustest ja olla otsekontaktis \u00f5petajatega. ELIISi kasutamine lapsevanematele ja \u00f5petajatele ei maksa midagi. Eliisi kasutajaks saad v\u00f5ta meiega \u00fchendust lingi kaudu\u00a0 <a href=\"https:\/\/eliis.ee\/contact\">https:\/\/eliis.ee\/contact<\/a><\/p>\n<p><a href=\"http:\/\/www.terviseinfo.ee\/et\/tervise-edendamine\/lasteaias\/tervist-edendavate-lasteaedade-tel-vorgustik\">\u00a0TERVIST EDENDAVAD LASTEAIAD\u00a0<\/a><img decoding=\"async\" src=\"http:\/\/www.terviseinfo.ee\/images\/vorgustikud\/TEL_logo_v\u00e4rv.jpg\" width=\"260\" height=\"173\" \/><\/p>\n<p>Tervist edendavate lasteaedade (TEL) v\u00f5rgustikku kuuluvad vabatahtlikkuse alusel liitunud lasteaiad, kuhu kuulub ka 2018aastast\u00a0 V\u00e4\u00e4tsa lasteaed. Tervist edendava lasteaia eesm\u00e4rk on hoida ja tugevdada lapse tervist ning luua nii lastele kui personalile heaolu toetavad tingimused. See t\u00e4hendab s\u00fcsteemset ja j\u00e4rjepidevat arendust\u00f6\u00f6d, mis l\u00e4htub hindamisel selgunud vajadustest.<\/p>\n<p>2016-2017 \u00f5a. V\u00f5tame osa ka eTwinning\u2019ust,\u00a0 <a href=\"https:\/\/www.etwinning.net\/et\/pub\/about.htm\">https:\/\/www.etwinning.net\/et\/pub\/about.htm<\/a> mis \u00a0on osa programmist Erasmus+, EU hariduse, v\u00e4lja\u00f5ppe, noorte ja spordiga tegelevast programmist.<\/p>\n<p><img decoding=\"async\" src=\"http:\/\/www.alatskivi.edu.ee\/wp-content\/uploads\/2017\/09\/erasmus-logo.png\" alt=\"\" width=\"309\" \/><a href=\"https:\/\/ec.europa.eu\/programmes\/erasmus-plus\/node_et\">ERASMUS+<\/a><\/p>\n<p><strong>Meie lasteaias on kasutusel metoodika \u201eKiusamisest vabaks!\u201c <img decoding=\"async\" class=\"fadeFromTop wp-image-1737 alignleft\" src=\"http:\/\/lasteaed.vaatsa.ee\/wp-content\/uploads\/2013\/09\/kiusamisest_vabaks_LOGO_1-3-300x300.png\" sizes=\"(max-width: 300px) 100vw, 300px\" srcset=\"http:\/\/lasteaed.vaatsa.ee\/wp-content\/uploads\/2013\/09\/kiusamisest_vabaks_LOGO_1-3-300x300.png 300w, http:\/\/lasteaed.vaatsa.ee\/wp-content\/uploads\/2013\/09\/kiusamisest_vabaks_LOGO_1-3-150x150.png 150w, http:\/\/lasteaed.vaatsa.ee\/wp-content\/uploads\/2013\/09\/kiusamisest_vabaks_LOGO_1-3-55x55.png 55w, http:\/\/lasteaed.vaatsa.ee\/wp-content\/uploads\/2013\/09\/kiusamisest_vabaks_LOGO_1-3-312x312.png 312w, http:\/\/lasteaed.vaatsa.ee\/wp-content\/uploads\/2013\/09\/kiusamisest_vabaks_LOGO_1-3-230x230.png 230w, http:\/\/lasteaed.vaatsa.ee\/wp-content\/uploads\/2013\/09\/kiusamisest_vabaks_LOGO_1-3-110x110.png 110w, http:\/\/lasteaed.vaatsa.ee\/wp-content\/uploads\/2013\/09\/kiusamisest_vabaks_LOGO_1-3.png 400w\" alt=\"kiusamisest_vabaks_LOGO_1-(3)\" width=\"188\" height=\"188\" \/><\/strong><\/p>\n<p><a href=\"http:\/\/www.kiusamisestvabaks.ee\/\">KIUSAMISEST VABA LASTEAED<\/a><\/p>\n\n\n<figure class=\"wp-block-gallery has-nested-images columns-default is-cropped wp-block-gallery-1 is-layout-flex wp-block-gallery-is-layout-flex\">\n<figure class=\"wp-block-image size-large\"><a href=\"http:\/\/lasteaed.vaatsa.ee\/wp-content\/uploads\/2023\/09\/20230530_120707.jpg\"><img fetchpriority=\"high\" decoding=\"async\" width=\"1024\" height=\"768\" data-id=\"3886\" src=\"http:\/\/lasteaed.vaatsa.ee\/wp-content\/uploads\/2023\/09\/20230530_120707-1024x768.jpg\" alt=\"\" class=\"wp-image-3886\" srcset=\"http:\/\/lasteaed.vaatsa.ee\/wp-content\/uploads\/2023\/09\/20230530_120707-1024x768.jpg 1024w, http:\/\/lasteaed.vaatsa.ee\/wp-content\/uploads\/2023\/09\/20230530_120707-300x225.jpg 300w, http:\/\/lasteaed.vaatsa.ee\/wp-content\/uploads\/2023\/09\/20230530_120707-768x576.jpg 768w, http:\/\/lasteaed.vaatsa.ee\/wp-content\/uploads\/2023\/09\/20230530_120707.jpg 1241w\" sizes=\"(max-width: 1024px) 100vw, 1024px\" \/><\/a><\/figure>\n\n\n\n<figure class=\"wp-block-image size-large\"><a href=\"http:\/\/lasteaed.vaatsa.ee\/wp-content\/uploads\/2023\/09\/20230530_125806.jpg\"><img loading=\"lazy\" decoding=\"async\" width=\"1024\" height=\"768\" data-id=\"3887\" src=\"http:\/\/lasteaed.vaatsa.ee\/wp-content\/uploads\/2023\/09\/20230530_125806-1024x768.jpg\" alt=\"\" class=\"wp-image-3887\" srcset=\"http:\/\/lasteaed.vaatsa.ee\/wp-content\/uploads\/2023\/09\/20230530_125806-1024x768.jpg 1024w, http:\/\/lasteaed.vaatsa.ee\/wp-content\/uploads\/2023\/09\/20230530_125806-300x225.jpg 300w, http:\/\/lasteaed.vaatsa.ee\/wp-content\/uploads\/2023\/09\/20230530_125806-768x576.jpg 768w, http:\/\/lasteaed.vaatsa.ee\/wp-content\/uploads\/2023\/09\/20230530_125806.jpg 1241w\" sizes=\"(max-width: 1024px) 100vw, 1024px\" \/><\/a><\/figure>\n\n\n\n<figure class=\"wp-block-image size-large\"><a href=\"http:\/\/lasteaed.vaatsa.ee\/wp-content\/uploads\/2023\/09\/20230530_130941.jpg\"><img loading=\"lazy\" decoding=\"async\" width=\"1024\" height=\"768\" data-id=\"3888\" src=\"http:\/\/lasteaed.vaatsa.ee\/wp-content\/uploads\/2023\/09\/20230530_130941-1024x768.jpg\" alt=\"\" class=\"wp-image-3888\" srcset=\"http:\/\/lasteaed.vaatsa.ee\/wp-content\/uploads\/2023\/09\/20230530_130941-1024x768.jpg 1024w, http:\/\/lasteaed.vaatsa.ee\/wp-content\/uploads\/2023\/09\/20230530_130941-300x225.jpg 300w, http:\/\/lasteaed.vaatsa.ee\/wp-content\/uploads\/2023\/09\/20230530_130941-768x576.jpg 768w, http:\/\/lasteaed.vaatsa.ee\/wp-content\/uploads\/2023\/09\/20230530_130941.jpg 1241w\" sizes=\"(max-width: 1024px) 100vw, 1024px\" \/><\/a><\/figure>\n\n\n\n<figure class=\"wp-block-image size-large\"><a href=\"http:\/\/lasteaed.vaatsa.ee\/wp-content\/uploads\/2023\/09\/20230530_131259.jpg\"><img loading=\"lazy\" decoding=\"async\" width=\"698\" height=\"931\" data-id=\"3889\" src=\"http:\/\/lasteaed.vaatsa.ee\/wp-content\/uploads\/2023\/09\/20230530_131259.jpg\" alt=\"\" class=\"wp-image-3889\" srcset=\"http:\/\/lasteaed.vaatsa.ee\/wp-content\/uploads\/2023\/09\/20230530_131259.jpg 698w, http:\/\/lasteaed.vaatsa.ee\/wp-content\/uploads\/2023\/09\/20230530_131259-225x300.jpg 225w\" sizes=\"(max-width: 698px) 100vw, 698px\" \/><\/a><\/figure>\n\n\n\n<figure class=\"wp-block-image size-large\"><a href=\"http:\/\/lasteaed.vaatsa.ee\/wp-content\/uploads\/2023\/09\/20230530_134754.jpg\"><img loading=\"lazy\" decoding=\"async\" width=\"1024\" height=\"768\" data-id=\"3890\" src=\"http:\/\/lasteaed.vaatsa.ee\/wp-content\/uploads\/2023\/09\/20230530_134754-1024x768.jpg\" alt=\"\" class=\"wp-image-3890\" srcset=\"http:\/\/lasteaed.vaatsa.ee\/wp-content\/uploads\/2023\/09\/20230530_134754-1024x768.jpg 1024w, http:\/\/lasteaed.vaatsa.ee\/wp-content\/uploads\/2023\/09\/20230530_134754-300x225.jpg 300w, http:\/\/lasteaed.vaatsa.ee\/wp-content\/uploads\/2023\/09\/20230530_134754-768x576.jpg 768w, http:\/\/lasteaed.vaatsa.ee\/wp-content\/uploads\/2023\/09\/20230530_134754.jpg 1241w\" sizes=\"(max-width: 1024px) 100vw, 1024px\" \/><\/a><\/figure>\n\n\n\n<figure class=\"wp-block-image size-large\"><a href=\"http:\/\/lasteaed.vaatsa.ee\/wp-content\/uploads\/2023\/09\/20230530_141519.jpg\"><img loading=\"lazy\" decoding=\"async\" width=\"1024\" height=\"768\" data-id=\"3891\" src=\"http:\/\/lasteaed.vaatsa.ee\/wp-content\/uploads\/2023\/09\/20230530_141519-1024x768.jpg\" alt=\"\" class=\"wp-image-3891\" srcset=\"http:\/\/lasteaed.vaatsa.ee\/wp-content\/uploads\/2023\/09\/20230530_141519-1024x768.jpg 1024w, http:\/\/lasteaed.vaatsa.ee\/wp-content\/uploads\/2023\/09\/20230530_141519-300x225.jpg 300w, http:\/\/lasteaed.vaatsa.ee\/wp-content\/uploads\/2023\/09\/20230530_141519-768x576.jpg 768w, http:\/\/lasteaed.vaatsa.ee\/wp-content\/uploads\/2023\/09\/20230530_141519.jpg 1241w\" sizes=\"(max-width: 1024px) 100vw, 1024px\" \/><\/a><\/figure>\n\n\n\n<figure class=\"wp-block-image size-large\"><a href=\"http:\/\/lasteaed.vaatsa.ee\/wp-content\/uploads\/2023\/09\/20230530_142104.jpg\"><img loading=\"lazy\" decoding=\"async\" width=\"1024\" height=\"768\" data-id=\"3892\" src=\"http:\/\/lasteaed.vaatsa.ee\/wp-content\/uploads\/2023\/09\/20230530_142104-1024x768.jpg\" alt=\"\" class=\"wp-image-3892\" srcset=\"http:\/\/lasteaed.vaatsa.ee\/wp-content\/uploads\/2023\/09\/20230530_142104-1024x768.jpg 1024w, http:\/\/lasteaed.vaatsa.ee\/wp-content\/uploads\/2023\/09\/20230530_142104-300x225.jpg 300w, http:\/\/lasteaed.vaatsa.ee\/wp-content\/uploads\/2023\/09\/20230530_142104-768x576.jpg 768w, http:\/\/lasteaed.vaatsa.ee\/wp-content\/uploads\/2023\/09\/20230530_142104.jpg 1241w\" sizes=\"(max-width: 1024px) 100vw, 1024px\" \/><\/a><\/figure>\n\n\n\n<figure class=\"wp-block-image size-large\"><a href=\"http:\/\/lasteaed.vaatsa.ee\/wp-content\/uploads\/2023\/09\/20230601_103742.jpg\"><img loading=\"lazy\" decoding=\"async\" width=\"1024\" height=\"768\" data-id=\"3893\" src=\"http:\/\/lasteaed.vaatsa.ee\/wp-content\/uploads\/2023\/09\/20230601_103742-1024x768.jpg\" alt=\"\" class=\"wp-image-3893\" srcset=\"http:\/\/lasteaed.vaatsa.ee\/wp-content\/uploads\/2023\/09\/20230601_103742-1024x768.jpg 1024w, http:\/\/lasteaed.vaatsa.ee\/wp-content\/uploads\/2023\/09\/20230601_103742-300x225.jpg 300w, http:\/\/lasteaed.vaatsa.ee\/wp-content\/uploads\/2023\/09\/20230601_103742-768x576.jpg 768w, http:\/\/lasteaed.vaatsa.ee\/wp-content\/uploads\/2023\/09\/20230601_103742.jpg 1241w\" sizes=\"(max-width: 1024px) 100vw, 1024px\" \/><\/a><\/figure>\n\n\n\n<figure class=\"wp-block-image size-large\"><a href=\"http:\/\/lasteaed.vaatsa.ee\/wp-content\/uploads\/2023\/09\/20230601_103926.jpg\"><img loading=\"lazy\" decoding=\"async\" width=\"1024\" height=\"768\" data-id=\"3894\" src=\"http:\/\/lasteaed.vaatsa.ee\/wp-content\/uploads\/2023\/09\/20230601_103926-1024x768.jpg\" alt=\"\" class=\"wp-image-3894\" srcset=\"http:\/\/lasteaed.vaatsa.ee\/wp-content\/uploads\/2023\/09\/20230601_103926-1024x768.jpg 1024w, http:\/\/lasteaed.vaatsa.ee\/wp-content\/uploads\/2023\/09\/20230601_103926-300x225.jpg 300w, http:\/\/lasteaed.vaatsa.ee\/wp-content\/uploads\/2023\/09\/20230601_103926-768x576.jpg 768w, http:\/\/lasteaed.vaatsa.ee\/wp-content\/uploads\/2023\/09\/20230601_103926.jpg 1241w\" sizes=\"(max-width: 1024px) 100vw, 1024px\" \/><\/a><\/figure>\n<\/figure>\n","protected":false},"excerpt":{"rendered":"<p>V\u00e4\u00e4tsa Lasteaed Paik\u00e4pp Kaisukarude r\u00fchm osales konkursil&nbsp; \u201dMeisterdusi metsast\u201d&nbsp; Sellel aastal on huvitavad meisterdused, mis nagu p\u00e4ikesekiired annavad lumele v\u00e4rvi. [&hellip;]<\/p>\n","protected":false},"author":1,"featured_media":1573,"parent":0,"menu_order":0,"comment_status":"closed","ping_status":"closed","template":"","meta":{"site-sidebar-layout":"default","site-content-layout":"","ast-site-content-layout":"default","site-content-style":"default","site-sidebar-style":"default","ast-global-header-display":"","ast-banner-title-visibility":"","ast-main-header-display":"","ast-hfb-above-header-display":"","ast-hfb-below-header-display":"","ast-hfb-mobile-header-display":"","site-post-title":"","ast-breadcrumbs-content":"","ast-featured-img":"","footer-sml-layout":"","ast-disable-related-posts":"","theme-transparent-header-meta":"","adv-header-id-meta":"","stick-header-meta":"","header-above-stick-meta":"","header-main-stick-meta":"","header-below-stick-meta":"","astra-migrate-meta-layouts":"default","ast-page-background-enabled":"default","ast-page-background-meta":{"desktop":{"background-color":"var(--ast-global-color-5)","background-image":"","background-repeat":"repeat","background-position":"center center","background-size":"auto","background-attachment":"scroll","background-type":"","background-media":"","overlay-type":"","overlay-color":"","overlay-opacity":"","overlay-gradient":""},"tablet":{"background-color":"","background-image":"","background-repeat":"repeat","background-position":"center center","background-size":"auto","background-attachment":"scroll","background-type":"","background-media":"","overlay-type":"","overlay-color":"","overlay-opacity":"","overlay-gradient":""},"mobile":{"background-color":"","background-image":"","background-repeat":"repeat","background-position":"center center","background-size":"auto","background-attachment":"scroll","background-type":"","background-media":"","overlay-type":"","overlay-color":"","overlay-opacity":"","overlay-gradient":""}},"ast-content-background-meta":{"desktop":{"background-color":"var(--ast-global-color-4)","background-image":"","background-repeat":"repeat","background-position":"center center","background-size":"auto","background-attachment":"scroll","background-type":"","background-media":"","overlay-type":"","overlay-color":"","overlay-opacity":"","overlay-gradient":""},"tablet":{"background-color":"var(--ast-global-color-4)","background-image":"","background-repeat":"repeat","background-position":"center center","background-size":"auto","background-attachment":"scroll","background-type":"","background-media":"","overlay-type":"","overlay-color":"","overlay-opacity":"","overlay-gradient":""},"mobile":{"background-color":"var(--ast-global-color-4)","background-image":"","background-repeat":"repeat","background-position":"center center","background-size":"auto","background-attachment":"scroll","background-type":"","background-media":"","overlay-type":"","overlay-color":"","overlay-opacity":"","overlay-gradient":""}},"footnotes":""},"class_list":["post-2115","page","type-page","status-publish","has-post-thumbnail","hentry"],"_links":{"self":[{"href":"http:\/\/lasteaed.vaatsa.ee\/index.php\/wp-json\/wp\/v2\/pages\/2115","targetHints":{"allow":["GET"]}}],"collection":[{"href":"http:\/\/lasteaed.vaatsa.ee\/index.php\/wp-json\/wp\/v2\/pages"}],"about":[{"href":"http:\/\/lasteaed.vaatsa.ee\/index.php\/wp-json\/wp\/v2\/types\/page"}],"author":[{"embeddable":true,"href":"http:\/\/lasteaed.vaatsa.ee\/index.php\/wp-json\/wp\/v2\/users\/1"}],"replies":[{"embeddable":true,"href":"http:\/\/lasteaed.vaatsa.ee\/index.php\/wp-json\/wp\/v2\/comments?post=2115"}],"version-history":[{"count":44,"href":"http:\/\/lasteaed.vaatsa.ee\/index.php\/wp-json\/wp\/v2\/pages\/2115\/revisions"}],"predecessor-version":[{"id":4307,"href":"http:\/\/lasteaed.vaatsa.ee\/index.php\/wp-json\/wp\/v2\/pages\/2115\/revisions\/4307"}],"wp:featuredmedia":[{"embeddable":true,"href":"http:\/\/lasteaed.vaatsa.ee\/index.php\/wp-json\/wp\/v2\/media\/1573"}],"wp:attachment":[{"href":"http:\/\/lasteaed.vaatsa.ee\/index.php\/wp-json\/wp\/v2\/media?parent=2115"}],"curies":[{"name":"wp","href":"https:\/\/api.w.org\/{rel}","templated":true}]}}