{"id":2125,"date":"2019-01-29T13:25:28","date_gmt":"2019-01-29T13:25:28","guid":{"rendered":"http:\/\/lasteaed.vaatsa.ee\/?page_id=2125"},"modified":"2025-04-26T04:13:20","modified_gmt":"2025-04-26T04:13:20","slug":"ajalugu","status":"publish","type":"page","link":"http:\/\/lasteaed.vaatsa.ee\/index.php\/ajalugu\/","title":{"rendered":"LASTEAIA AJALUGU"},"content":{"rendered":"\n<p>V\u00e4\u00e4tsa Lasteaed Paik\u00e4pp on koolieelne munitsipaallasteasutus, mis asub T\u00fcri vallas, V\u00e4\u00e4tsa alevikus. Lasteaed paikneb V\u00e4\u00e4tsa P\u00f5hikooli ja V\u00e4\u00e4tsa Tervisekeskuse k\u00f5rval asuval haljastatud ja aiaga piiratud alal. <\/p>\n\n\n\n<p>V\u00e4\u00e4tsa lasteaed avati 12.01.1987. aastal &#8220;9.Mai&#8221; kolhoosi lastep\u00e4evakoduna. <\/p>\n\n\n\n<p>12.jaanuar 2022 t\u00e4histasime lasteaia 35-ndat juubelit. <\/p>\n\n\n\n<p><\/p>\n\n\n\n<div class=\"wp-block-columns is-layout-flex wp-container-core-columns-is-layout-28f84493 wp-block-columns-is-layout-flex\">\n<div class=\"wp-block-column is-layout-flow wp-block-column-is-layout-flow\" style=\"flex-basis:100%\">\n<figure class=\"wp-block-gallery has-nested-images columns-default is-cropped wp-block-gallery-1 is-layout-flex wp-block-gallery-is-layout-flex\">\n<figure class=\"wp-block-image size-large is-style-default\"><a href=\"http:\/\/lasteaed.vaatsa.ee\/wp-content\/uploads\/2022\/01\/pilt-lipp-2-scaled.jpg\"><img fetchpriority=\"high\" decoding=\"async\" width=\"576\" height=\"1024\" data-id=\"3598\" src=\"http:\/\/lasteaed.vaatsa.ee\/wp-content\/uploads\/2022\/01\/pilt-lipp-2-576x1024.jpg\" alt=\"\" class=\"wp-image-3598\" srcset=\"http:\/\/lasteaed.vaatsa.ee\/wp-content\/uploads\/2022\/01\/pilt-lipp-2-576x1024.jpg 576w, http:\/\/lasteaed.vaatsa.ee\/wp-content\/uploads\/2022\/01\/pilt-lipp-2-169x300.jpg 169w, http:\/\/lasteaed.vaatsa.ee\/wp-content\/uploads\/2022\/01\/pilt-lipp-2-768x1365.jpg 768w, http:\/\/lasteaed.vaatsa.ee\/wp-content\/uploads\/2022\/01\/pilt-lipp-2-864x1536.jpg 864w, http:\/\/lasteaed.vaatsa.ee\/wp-content\/uploads\/2022\/01\/pilt-lipp-2-1152x2048.jpg 1152w, http:\/\/lasteaed.vaatsa.ee\/wp-content\/uploads\/2022\/01\/pilt-lipp-2-scaled.jpg 1440w\" sizes=\"(max-width: 576px) 100vw, 576px\" \/><\/a><\/figure>\n\n\n\n<figure class=\"wp-block-image size-large\"><a href=\"http:\/\/lasteaed.vaatsa.ee\/wp-content\/uploads\/2022\/01\/IMG_5251.jpeg\"><img decoding=\"async\" width=\"1024\" height=\"768\" data-id=\"3662\" src=\"http:\/\/lasteaed.vaatsa.ee\/wp-content\/uploads\/2022\/01\/IMG_5251-1024x768.jpeg\" alt=\"\" class=\"wp-image-3662\" srcset=\"http:\/\/lasteaed.vaatsa.ee\/wp-content\/uploads\/2022\/01\/IMG_5251-1024x768.jpeg 1024w, http:\/\/lasteaed.vaatsa.ee\/wp-content\/uploads\/2022\/01\/IMG_5251-300x225.jpeg 300w, http:\/\/lasteaed.vaatsa.ee\/wp-content\/uploads\/2022\/01\/IMG_5251-768x576.jpeg 768w, http:\/\/lasteaed.vaatsa.ee\/wp-content\/uploads\/2022\/01\/IMG_5251-1536x1152.jpeg 1536w, http:\/\/lasteaed.vaatsa.ee\/wp-content\/uploads\/2022\/01\/IMG_5251.jpeg 2048w\" sizes=\"(max-width: 1024px) 100vw, 1024px\" \/><\/a><\/figure>\n\n\n\n<figure class=\"wp-block-image size-large\"><a href=\"http:\/\/lasteaed.vaatsa.ee\/wp-content\/uploads\/2022\/01\/IMG_5257.jpeg\"><img decoding=\"async\" width=\"1024\" height=\"768\" data-id=\"3664\" src=\"http:\/\/lasteaed.vaatsa.ee\/wp-content\/uploads\/2022\/01\/IMG_5257-1024x768.jpeg\" alt=\"\" class=\"wp-image-3664\" srcset=\"http:\/\/lasteaed.vaatsa.ee\/wp-content\/uploads\/2022\/01\/IMG_5257-1024x768.jpeg 1024w, http:\/\/lasteaed.vaatsa.ee\/wp-content\/uploads\/2022\/01\/IMG_5257-300x225.jpeg 300w, http:\/\/lasteaed.vaatsa.ee\/wp-content\/uploads\/2022\/01\/IMG_5257-768x576.jpeg 768w, http:\/\/lasteaed.vaatsa.ee\/wp-content\/uploads\/2022\/01\/IMG_5257-1536x1152.jpeg 1536w, http:\/\/lasteaed.vaatsa.ee\/wp-content\/uploads\/2022\/01\/IMG_5257.jpeg 2048w\" sizes=\"(max-width: 1024px) 100vw, 1024px\" \/><\/a><\/figure>\n<\/figure>\n<\/div>\n<\/div>\n\n\n\n<p>01.01.1992.aastal anti lasteaed \u00fcle V\u00e4\u00e4tsa Vallavalitsuse haldusalasse 1994.aastast asub lasteaia \u00fches r\u00fchmaruumis V\u00e4\u00e4tsa raamatukogu. 2021.aastal, kolis raamatukogu renoveeritud V\u00e4\u00e4tsa rahvamajja.<\/p>\n\n\n\n<p>01.01.2018 on V\u00e4\u00e4tsa lasteaed T\u00fcri Vallavalitsuse munitsipaalasutus.  <\/p>\n\n\n\n<p>Esimesel korrusel asub suur saal, kus viiakse l\u00e4bi liikumise- ja muusikatunde, \u00fcritusi ja koosolekuid. Samuti on esimesel korrusel k\u00f6\u00f6k, kabinetid ja ujula. Teisel korrusel on neli r\u00fchmaruumi, iga r\u00fchmaruum on oma n\u00e4gu. <\/p>\n\n\n\n<p>Lasteaia \u00f5ueala on suur ja avar (1,8 ha). \u00d5uealal kasvavad erinevad puud- ja p\u00f5\u00f5sad. \u00d5ueala on jagatud erinevatesse tsoonidesse &#8211; tarbeaed, iluaed, m\u00e4nguala-ronimislinnak, looduslik ala, spordiala. \u00d5ueala kujundamine on lasteaia \u00fcks v\u00e4\u00e4rtusi, eesm\u00e4rgiks on pakkuda lastele erinevaid v\u00f5imalusi m\u00e4ngida, \u00f5ppida, liikuda, uurida, kogeda ehedat looduskeskkonda. <\/p>\n\n\n\n<p>2019.aastal rajati lasteaia \u00f5ue madal seiklusrada, samuti uuendati paviljon \u00f5ues\u00f5ppe l\u00e4biviimise kohaks. <\/p>\n\n\n\n<p>2020.aastal rajati s\u00f5imer\u00fchma ala, mis on piiratud madala aiaga, s\u00f5imealale on soetatud uued \u00f5uem\u00e4nguvahendid.<\/p>\n\n\n\n<p>2021.aastal kujundati lasteaia majaesist ning koostt\u00f6\u00f6s heade sponsoritega (Combimill Reola, V\u00e4\u00e4tsa Agro, Plantex Juhani Puukool) rajasime suure peenra, kus kasvavad madalad poolp\u00f5\u00f5sad ja ilutaimed. Suur t\u00e4nu, kes aitasid sellele kaasa!<\/p>\n\n\n\n<p>2022.aasta juuni alustati s\u00f5imer\u00fchma ehitust\u00f6\u00f6dega. Uus s\u00f5imer\u00fchm hakkab olema esimesel korrusel.<\/p>\n\n\n\n<p>2022.aasta detsember l\u00f5ppesid s\u00f5imer\u00fchma ehitust\u00f6\u00f6d ja lapsed ning \u00f5petajad kolisid vastvalminud ruumidesse (vt pildigaleriid).<\/p>\n\n\n\n<p>2023.aasta lasteaia maja \u00fcmber t\u00e4navakivi uuendamine.<\/p>\n\n\n\n<p>2024.aasta trepikodade ja koridoride uuenduskuur ja remont.<\/p>\n\n\n\n<figure class=\"wp-block-gallery has-nested-images columns-default is-cropped wp-block-gallery-2 is-layout-flex wp-block-gallery-is-layout-flex\">\n<figure class=\"wp-block-image size-large\"><img loading=\"lazy\" decoding=\"async\" width=\"1024\" height=\"768\" data-id=\"3222\" src=\"http:\/\/lasteaed.vaatsa.ee\/wp-content\/uploads\/2020\/10\/IMG_4303-1024x768.jpg\" alt=\"\" class=\"wp-image-3222\" srcset=\"http:\/\/lasteaed.vaatsa.ee\/wp-content\/uploads\/2020\/10\/IMG_4303-1024x768.jpg 1024w, http:\/\/lasteaed.vaatsa.ee\/wp-content\/uploads\/2020\/10\/IMG_4303-300x225.jpg 300w, http:\/\/lasteaed.vaatsa.ee\/wp-content\/uploads\/2020\/10\/IMG_4303-768x576.jpg 768w, http:\/\/lasteaed.vaatsa.ee\/wp-content\/uploads\/2020\/10\/IMG_4303-1536x1152.jpg 1536w, http:\/\/lasteaed.vaatsa.ee\/wp-content\/uploads\/2020\/10\/IMG_4303-2048x1536.jpg 2048w\" sizes=\"(max-width: 1024px) 100vw, 1024px\" \/><\/figure>\n\n\n\n<figure class=\"wp-block-image size-large\"><a href=\"http:\/\/lasteaed.vaatsa.ee\/wp-content\/uploads\/2021\/09\/20190925_110712-1-scaled.jpg\"><img loading=\"lazy\" decoding=\"async\" width=\"576\" height=\"1024\" data-id=\"3498\" src=\"http:\/\/lasteaed.vaatsa.ee\/wp-content\/uploads\/2021\/09\/20190925_110712-1-576x1024.jpg\" alt=\"\" class=\"wp-image-3498\" srcset=\"http:\/\/lasteaed.vaatsa.ee\/wp-content\/uploads\/2021\/09\/20190925_110712-1-576x1024.jpg 576w, http:\/\/lasteaed.vaatsa.ee\/wp-content\/uploads\/2021\/09\/20190925_110712-1-169x300.jpg 169w, http:\/\/lasteaed.vaatsa.ee\/wp-content\/uploads\/2021\/09\/20190925_110712-1-768x1365.jpg 768w, http:\/\/lasteaed.vaatsa.ee\/wp-content\/uploads\/2021\/09\/20190925_110712-1-864x1536.jpg 864w, http:\/\/lasteaed.vaatsa.ee\/wp-content\/uploads\/2021\/09\/20190925_110712-1-1152x2048.jpg 1152w, http:\/\/lasteaed.vaatsa.ee\/wp-content\/uploads\/2021\/09\/20190925_110712-1-scaled.jpg 1440w\" sizes=\"(max-width: 576px) 100vw, 576px\" \/><\/a><\/figure>\n<\/figure>\n\n\n\n<div class=\"wp-block-group is-layout-flow wp-block-group-is-layout-flow\">\n<figure class=\"wp-block-gallery has-nested-images columns-default is-cropped wp-block-gallery-3 is-layout-flex wp-block-gallery-is-layout-flex\">\n<figure class=\"wp-block-image size-large\"><a href=\"http:\/\/lasteaed.vaatsa.ee\/wp-content\/uploads\/2023\/11\/IMG_2139.jpg\"><img loading=\"lazy\" decoding=\"async\" width=\"1024\" height=\"757\" data-id=\"3959\" src=\"http:\/\/lasteaed.vaatsa.ee\/wp-content\/uploads\/2023\/11\/IMG_2139-1024x757.jpg\" alt=\"\" class=\"wp-image-3959\" srcset=\"http:\/\/lasteaed.vaatsa.ee\/wp-content\/uploads\/2023\/11\/IMG_2139-1024x757.jpg 1024w, http:\/\/lasteaed.vaatsa.ee\/wp-content\/uploads\/2023\/11\/IMG_2139-300x222.jpg 300w, http:\/\/lasteaed.vaatsa.ee\/wp-content\/uploads\/2023\/11\/IMG_2139-768x568.jpg 768w, http:\/\/lasteaed.vaatsa.ee\/wp-content\/uploads\/2023\/11\/IMG_2139-1536x1135.jpg 1536w, http:\/\/lasteaed.vaatsa.ee\/wp-content\/uploads\/2023\/11\/IMG_2139.jpg 2035w\" sizes=\"(max-width: 1024px) 100vw, 1024px\" \/><\/a><\/figure>\n\n\n\n<figure class=\"wp-block-image size-large\"><a href=\"http:\/\/lasteaed.vaatsa.ee\/wp-content\/uploads\/2024\/09\/trepikoja_remont_2024-scaled.jpg\"><img loading=\"lazy\" decoding=\"async\" width=\"1024\" height=\"768\" data-id=\"4161\" src=\"http:\/\/lasteaed.vaatsa.ee\/wp-content\/uploads\/2024\/09\/trepikoja_remont_2024-1024x768.jpg\" alt=\"\" class=\"wp-image-4161\" srcset=\"http:\/\/lasteaed.vaatsa.ee\/wp-content\/uploads\/2024\/09\/trepikoja_remont_2024-1024x768.jpg 1024w, http:\/\/lasteaed.vaatsa.ee\/wp-content\/uploads\/2024\/09\/trepikoja_remont_2024-300x225.jpg 300w, http:\/\/lasteaed.vaatsa.ee\/wp-content\/uploads\/2024\/09\/trepikoja_remont_2024-768x576.jpg 768w, http:\/\/lasteaed.vaatsa.ee\/wp-content\/uploads\/2024\/09\/trepikoja_remont_2024-1536x1152.jpg 1536w, http:\/\/lasteaed.vaatsa.ee\/wp-content\/uploads\/2024\/09\/trepikoja_remont_2024-2048x1536.jpg 2048w\" sizes=\"(max-width: 1024px) 100vw, 1024px\" \/><\/a><\/figure>\n<\/figure>\n<\/div>\n\n\n\n<p>Lasteaia on l\u00f5petanud 546 last (1987-2024)<\/p>\n\n\n\n<p>Lasteaia juhatajad :\u00a0 \u00a0Ellen Melesk\u00a01987-1988 (1) ; Tiiu Agasild\u00a01988-2005 (17) ; Uuve Jakkimainen\u00a0\u00a0\u00a0\u00a02006-2007 (1);\u00a0 Aira Schumann\u00a0\u00a028.11.2007-august 2016 (9); Ulvi Hantson (Ermel) 09.09.2016-25.04.2025 (9);<\/p>\n\n\n\n<p><\/p>\n","protected":false},"excerpt":{"rendered":"<p>V\u00e4\u00e4tsa Lasteaed Paik\u00e4pp on koolieelne munitsipaallasteasutus, mis asub T\u00fcri vallas, V\u00e4\u00e4tsa alevikus. Lasteaed paikneb V\u00e4\u00e4tsa P\u00f5hikooli ja V\u00e4\u00e4tsa Tervisekeskuse k\u00f5rval [&hellip;]<\/p>\n","protected":false},"author":1,"featured_media":0,"parent":0,"menu_order":0,"comment_status":"closed","ping_status":"closed","template":"","meta":{"site-sidebar-layout":"default","site-content-layout":"","ast-site-content-layout":"default","site-content-style":"default","site-sidebar-style":"default","ast-global-header-display":"","ast-banner-title-visibility":"","ast-main-header-display":"","ast-hfb-above-header-display":"","ast-hfb-below-header-display":"","ast-hfb-mobile-header-display":"","site-post-title":"","ast-breadcrumbs-content":"","ast-featured-img":"","footer-sml-layout":"","ast-disable-related-posts":"","theme-transparent-header-meta":"","adv-header-id-meta":"","stick-header-meta":"","header-above-stick-meta":"","header-main-stick-meta":"","header-below-stick-meta":"","astra-migrate-meta-layouts":"default","ast-page-background-enabled":"default","ast-page-background-meta":{"desktop":{"background-color":"var(--ast-global-color-5)","background-image":"","background-repeat":"repeat","background-position":"center center","background-size":"auto","background-attachment":"scroll","background-type":"","background-media":"","overlay-type":"","overlay-color":"","overlay-opacity":"","overlay-gradient":""},"tablet":{"background-color":"","background-image":"","background-repeat":"repeat","background-position":"center center","background-size":"auto","background-attachment":"scroll","background-type":"","background-media":"","overlay-type":"","overlay-color":"","overlay-opacity":"","overlay-gradient":""},"mobile":{"background-color":"","background-image":"","background-repeat":"repeat","background-position":"center center","background-size":"auto","background-attachment":"scroll","background-type":"","background-media":"","overlay-type":"","overlay-color":"","overlay-opacity":"","overlay-gradient":""}},"ast-content-background-meta":{"desktop":{"background-color":"var(--ast-global-color-4)","background-image":"","background-repeat":"repeat","background-position":"center center","background-size":"auto","background-attachment":"scroll","background-type":"","background-media":"","overlay-type":"","overlay-color":"","overlay-opacity":"","overlay-gradient":""},"tablet":{"background-color":"var(--ast-global-color-4)","background-image":"","background-repeat":"repeat","background-position":"center center","background-size":"auto","background-attachment":"scroll","background-type":"","background-media":"","overlay-type":"","overlay-color":"","overlay-opacity":"","overlay-gradient":""},"mobile":{"background-color":"var(--ast-global-color-4)","background-image":"","background-repeat":"repeat","background-position":"center center","background-size":"auto","background-attachment":"scroll","background-type":"","background-media":"","overlay-type":"","overlay-color":"","overlay-opacity":"","overlay-gradient":""}},"footnotes":""},"class_list":["post-2125","page","type-page","status-publish","hentry"],"_links":{"self":[{"href":"http:\/\/lasteaed.vaatsa.ee\/index.php\/wp-json\/wp\/v2\/pages\/2125","targetHints":{"allow":["GET"]}}],"collection":[{"href":"http:\/\/lasteaed.vaatsa.ee\/index.php\/wp-json\/wp\/v2\/pages"}],"about":[{"href":"http:\/\/lasteaed.vaatsa.ee\/index.php\/wp-json\/wp\/v2\/types\/page"}],"author":[{"embeddable":true,"href":"http:\/\/lasteaed.vaatsa.ee\/index.php\/wp-json\/wp\/v2\/users\/1"}],"replies":[{"embeddable":true,"href":"http:\/\/lasteaed.vaatsa.ee\/index.php\/wp-json\/wp\/v2\/comments?post=2125"}],"version-history":[{"count":38,"href":"http:\/\/lasteaed.vaatsa.ee\/index.php\/wp-json\/wp\/v2\/pages\/2125\/revisions"}],"predecessor-version":[{"id":4389,"href":"http:\/\/lasteaed.vaatsa.ee\/index.php\/wp-json\/wp\/v2\/pages\/2125\/revisions\/4389"}],"wp:attachment":[{"href":"http:\/\/lasteaed.vaatsa.ee\/index.php\/wp-json\/wp\/v2\/media?parent=2125"}],"curies":[{"name":"wp","href":"https:\/\/api.w.org\/{rel}","templated":true}]}}