{"id":2133,"date":"2018-02-22T06:29:10","date_gmt":"2018-02-22T06:29:10","guid":{"rendered":"http:\/\/lasteaed.vaatsa.ee\/?page_id=2133"},"modified":"2026-03-04T06:35:24","modified_gmt":"2026-03-04T06:35:24","slug":"hoolekogu-koosseis","status":"publish","type":"page","link":"http:\/\/lasteaed.vaatsa.ee\/index.php\/hoolekogu-koosseis\/","title":{"rendered":"Hoolekogu"},"content":{"rendered":"<p>2025-2026 \u00f5a hoolekogu\u00a0<\/p>\n<p>Hoolekogusse kuuluvad:<\/p>\n<ol>\n<li>Merle H\u00e4lvin Mesimummide r\u00fchma lapsevanemate esindaja, hoolekogu esinaine<\/li>\n<li>Liisi Paas P\u00e4evalillede r\u00fchma lapsevanemate esindaja<\/li>\n<li>Grete Karu Kaisukarude r\u00fchma lapsevanemate esindaja<\/li>\n<li>Margit Raud s\u00f5imer\u00fchma lapsevanemate esindaja<\/li>\n<li>Kadi Perillus lasteaia \u00f5petajate esindaja<\/li>\n<li>Ele Enn T\u00fcri valla esindaja<\/li>\n<\/ol>\n<p>Hoolekogu on lasteaia alaliselt tegutsev organ, kelle \u00fclesanne on j\u00e4lgida, et \u00f5ppe- ja kasvatustegevus vastaks laste arengule ja huvidele ning kes \u00f5ppe- ja kasvatustegevuse parendamiseks ja t\u00f5hustamiseks teeb koost\u00f6\u00f6d lasteaia personaliga.\u00a0<\/p>\n<p><strong>Hoolekogu moodustamine ja volituste kestus<\/strong><\/p>\n<p>Lasteaia hoolekogusse kuuluvad \u00f5petajate esindaja, iga r\u00fchma vanemate esindaja ja valla esindaja.<\/p>\n<p>\u00a0Hoolekogu koosseis valitakse \u00fcheks aastaks.<\/p>\n<p>\u00a0Vanemate esindaja valitakse lastevanemate r\u00fchmakoosolekul h\u00e4\u00e4letamise teel. Kandidaadiks \u00fcles seatud v\u00f5ib olla iga lapsevanem. Valituks osutub enim h\u00e4\u00e4li saanud kandidaat.<\/p>\n<p>Lasteaia \u00f5petajate esindaja valitakse pedagoogilise n\u00f5ukogu koosolekul h\u00e4\u00e4letamise teel. \u00d5petajate esindaja valimise protseduur lepitakse kokku pedagoogilise n\u00f5ukogu vastaval koosolekul ning protseduurireeglid m\u00e4rgitakse koosoleku protokollis.<\/p>\n<p>T\u00fcri valla esindaja lasteaia hoolekogusse nimetab v\u00f5i valib vallavolikogu.<\/p>\n<p>\u00a0Lasteaia hoolekogu koosseisu kinnitab vallavalitsus korraldusega. Direktor esitab hoolekogu koosseisu vallavalitsusele kinnitamiseks \u00fche kuu jooksul \u00f5ppeaasta algusest arvates.<\/p>\n<p>Hoolekogu volitused kehtivad hoolekogu koosseisu kinnitamise p\u00e4evast kuni uue hoolekogu koosseisu kinnitamiseni.<\/p>\n\n\n<p><\/p>\n","protected":false},"excerpt":{"rendered":"<p>2025-2026 \u00f5a hoolekogu\u00a0 Hoolekogusse kuuluvad: Merle H\u00e4lvin Mesimummide r\u00fchma lapsevanemate esindaja, hoolekogu esinaine Liisi Paas P\u00e4evalillede r\u00fchma lapsevanemate esindaja Grete [&hellip;]<\/p>\n","protected":false},"author":1,"featured_media":1573,"parent":0,"menu_order":0,"comment_status":"closed","ping_status":"closed","template":"","meta":{"site-sidebar-layout":"default","site-content-layout":"","ast-site-content-layout":"default","site-content-style":"default","site-sidebar-style":"default","ast-global-header-display":"","ast-banner-title-visibility":"","ast-main-header-display":"","ast-hfb-above-header-display":"","ast-hfb-below-header-display":"","ast-hfb-mobile-header-display":"","site-post-title":"","ast-breadcrumbs-content":"","ast-featured-img":"","footer-sml-layout":"","ast-disable-related-posts":"","theme-transparent-header-meta":"","adv-header-id-meta":"","stick-header-meta":"","header-above-stick-meta":"","header-main-stick-meta":"","header-below-stick-meta":"","astra-migrate-meta-layouts":"default","ast-page-background-enabled":"default","ast-page-background-meta":{"desktop":{"background-color":"var(--ast-global-color-5)","background-image":"","background-repeat":"repeat","background-position":"center center","background-size":"auto","background-attachment":"scroll","background-type":"","background-media":"","overlay-type":"","overlay-color":"","overlay-opacity":"","overlay-gradient":""},"tablet":{"background-color":"","background-image":"","background-repeat":"repeat","background-position":"center center","background-size":"auto","background-attachment":"scroll","background-type":"","background-media":"","overlay-type":"","overlay-color":"","overlay-opacity":"","overlay-gradient":""},"mobile":{"background-color":"","background-image":"","background-repeat":"repeat","background-position":"center center","background-size":"auto","background-attachment":"scroll","background-type":"","background-media":"","overlay-type":"","overlay-color":"","overlay-opacity":"","overlay-gradient":""}},"ast-content-background-meta":{"desktop":{"background-color":"var(--ast-global-color-4)","background-image":"","background-repeat":"repeat","background-position":"center center","background-size":"auto","background-attachment":"scroll","background-type":"","background-media":"","overlay-type":"","overlay-color":"","overlay-opacity":"","overlay-gradient":""},"tablet":{"background-color":"var(--ast-global-color-4)","background-image":"","background-repeat":"repeat","background-position":"center center","background-size":"auto","background-attachment":"scroll","background-type":"","background-media":"","overlay-type":"","overlay-color":"","overlay-opacity":"","overlay-gradient":""},"mobile":{"background-color":"var(--ast-global-color-4)","background-image":"","background-repeat":"repeat","background-position":"center center","background-size":"auto","background-attachment":"scroll","background-type":"","background-media":"","overlay-type":"","overlay-color":"","overlay-opacity":"","overlay-gradient":""}},"footnotes":""},"class_list":["post-2133","page","type-page","status-publish","has-post-thumbnail","hentry"],"_links":{"self":[{"href":"http:\/\/lasteaed.vaatsa.ee\/index.php\/wp-json\/wp\/v2\/pages\/2133","targetHints":{"allow":["GET"]}}],"collection":[{"href":"http:\/\/lasteaed.vaatsa.ee\/index.php\/wp-json\/wp\/v2\/pages"}],"about":[{"href":"http:\/\/lasteaed.vaatsa.ee\/index.php\/wp-json\/wp\/v2\/types\/page"}],"author":[{"embeddable":true,"href":"http:\/\/lasteaed.vaatsa.ee\/index.php\/wp-json\/wp\/v2\/users\/1"}],"replies":[{"embeddable":true,"href":"http:\/\/lasteaed.vaatsa.ee\/index.php\/wp-json\/wp\/v2\/comments?post=2133"}],"version-history":[{"count":32,"href":"http:\/\/lasteaed.vaatsa.ee\/index.php\/wp-json\/wp\/v2\/pages\/2133\/revisions"}],"predecessor-version":[{"id":4436,"href":"http:\/\/lasteaed.vaatsa.ee\/index.php\/wp-json\/wp\/v2\/pages\/2133\/revisions\/4436"}],"wp:featuredmedia":[{"embeddable":true,"href":"http:\/\/lasteaed.vaatsa.ee\/index.php\/wp-json\/wp\/v2\/media\/1573"}],"wp:attachment":[{"href":"http:\/\/lasteaed.vaatsa.ee\/index.php\/wp-json\/wp\/v2\/media?parent=2133"}],"curies":[{"name":"wp","href":"https:\/\/api.w.org\/{rel}","templated":true}]}}