{"id":2161,"date":"2018-03-12T09:29:23","date_gmt":"2018-03-12T09:29:23","guid":{"rendered":"http:\/\/lasteaed.vaatsa.ee\/?page_id=2161"},"modified":"2024-12-19T06:27:56","modified_gmt":"2024-12-19T06:27:56","slug":"paikapa-100-tervisenippi","status":"publish","type":"page","link":"http:\/\/lasteaed.vaatsa.ee\/index.php\/2021-2021-oppeaasta-eesmargid\/tervisemeeskond\/paikapa-100-tervisenippi\/","title":{"rendered":"Paik\u00e4pa 100 tervisenippi"},"content":{"rendered":"\n<p>Eesm\u00e4rgid:<\/p>\n\n\n\n<ul class=\"wp-block-list\">\n<li>Laps tunneb, v\u00e4\u00e4rtustab ja huvitub loodusest ning hoolib oma tervisest (looduskeskkond, \u00f5ppek\u00e4igud, tervist edendavate eluviiside \u00f5ppimine).<\/li>\n\n\n\n<li>Lasteaia ja pere koost\u00f6\u00f6s on tugevnenud \u00fchtsed v\u00e4\u00e4rtused, mille toel on laps hooliv, enda ja kaaslastega toimetulev, \u00f5nnelik ja \u00f5ppimishimuline (\u00f5pi- ja sotsiaalsete oskuste \u00f5ppimine, k\u00e4itumisoskused, traditsioonide ja kultuurip\u00e4randi kaudu v\u00e4\u00e4rtushinnangute kujundamine).<\/li>\n\n\n\n<li>Laste arengut toetab lasteasutuse hooliv personal, tugis\u00fcsteemid ja oleme avatud koost\u00f6\u00f6le<\/li>\n<\/ul>\n\n\n\n<p><strong>DETSEMBER- j\u00f5uluootuse kuu<\/strong><\/p>\n\n\n\n<ol class=\"wp-block-list\">\n<li>P\u00e4kapikud piiluvad ja J\u00f5uluvana on liikumas<\/li>\n\n\n\n<li>T\u00e4histame Advendiaega<\/li>\n\n\n\n<li>Tegeleme vaimse tervisega<\/li>\n<\/ol>\n\n\n\n<div class=\"wp-block-group is-layout-constrained wp-block-group-is-layout-constrained\">\n<figure class=\"wp-block-image size-large is-resized wp-duotone-unset-1\"><a href=\"http:\/\/lasteaed.vaatsa.ee\/wp-content\/uploads\/2024\/12\/vaimne-scaled.jpg\"><img fetchpriority=\"high\" decoding=\"async\" width=\"577\" height=\"1024\" src=\"http:\/\/lasteaed.vaatsa.ee\/wp-content\/uploads\/2024\/12\/vaimne-577x1024.jpg\" alt=\"\" class=\"wp-image-4224\" style=\"width:142px;height:auto\" srcset=\"http:\/\/lasteaed.vaatsa.ee\/wp-content\/uploads\/2024\/12\/vaimne-577x1024.jpg 577w, http:\/\/lasteaed.vaatsa.ee\/wp-content\/uploads\/2024\/12\/vaimne-169x300.jpg 169w, http:\/\/lasteaed.vaatsa.ee\/wp-content\/uploads\/2024\/12\/vaimne-768x1364.jpg 768w, http:\/\/lasteaed.vaatsa.ee\/wp-content\/uploads\/2024\/12\/vaimne-865x1536.jpg 865w, http:\/\/lasteaed.vaatsa.ee\/wp-content\/uploads\/2024\/12\/vaimne-1153x2048.jpg 1153w, http:\/\/lasteaed.vaatsa.ee\/wp-content\/uploads\/2024\/12\/vaimne-scaled.jpg 1442w\" sizes=\"(max-width: 577px) 100vw, 577px\" \/><\/a><\/figure>\n<\/div>\n\n\n<p><strong><span style=\"color: #ff00ff;\">M\u00c4RTSIKUU TEGEMISED<\/span><\/strong><\/p>\n<ul>\n<li><span style=\"color: #ff00ff;\">ON AEG k\u00fclvata seemneid! <\/span><span style=\"color: #ff00ff;\">K\u00fclva tomateid, paprikaid ja suvelilli. <\/span><span style=\"color: #ff00ff;\">Proovi sel aastal midagi uut! Katseta n\u00e4iteks arbuusi kasvatamist.<\/span><span style=\"color: #ff00ff;\">Too kevad tuppa! <\/span><span style=\"color: #ff00ff;\">L\u00f5ika aiast \u00f5unapuu-, kirsipuu-, toominga- ja sirelioksi varakevadiseks ajatamiseks vaasis.<\/span><\/li>\n<li><span style=\"color: #ff00ff;\">Ajata rohelist sibulat ja valmista leivam\u00e4\u00e4ret!<\/span><br \/><span style=\"color: #ff00ff;\">Maitsev\u00f5i sibula ja maitserohelisega &#8211; 175 g toasooja v\u00f5id, 0,5 tl soola, peot\u00e4is rohelist sibulat, peot\u00e4is rohelist tilli jm rohelist, koostisosad segada \u00fchtlaseks massiks.<\/span><\/li>\n<\/ul>\n<p style=\"padding-left: 240px;\"><img decoding=\"async\" class=\"\" src=\"https:\/\/nami-nami.ee\/files\/\/recipes\/8111\/ilsekarulauguvoi1.jpg\" width=\"206\" height=\"275\" \/><\/p>\n<p><span style=\"color: #339966;\"><strong>APRILLIKUU TEGEMISED<\/strong><\/span><\/p>\n<p>Kevad on saabunud.\u00a0<\/p>\n<ol>\n<li>Mine \u00f5ue ja vaata pilvi, p\u00e4ikest. Vaata kuidas pilved liiguvad, otsi tuulevaikne koht ja pane nina p\u00e4ikese poole.<\/li>\n<li>Tulge lasteaeda jalgsi ja kuulake linnulaulu. Tuvastage linde, kes laulab?<\/li>\n<li>Naerata ja \u00fctle &#8220;Tere hommikust&#8221; k\u00f5igile keda \u00f5ues liikumas n\u00e4ed.\u00a0<\/li>\n<li>Vaata aknast \u00f5ue ja joonista sellest pilt &#8220;Kevad k\u00e4es.&#8221;<\/li>\n<\/ol>\n\n\n<p><\/p>\n","protected":false},"excerpt":{"rendered":"<p>Eesm\u00e4rgid: DETSEMBER- j\u00f5uluootuse kuu M\u00c4RTSIKUU TEGEMISED ON AEG k\u00fclvata seemneid! K\u00fclva tomateid, paprikaid ja suvelilli. Proovi sel aastal midagi uut! [&hellip;]<\/p>\n","protected":false},"author":1,"featured_media":0,"parent":2105,"menu_order":3,"comment_status":"closed","ping_status":"closed","template":"","meta":{"site-sidebar-layout":"default","site-content-layout":"","ast-site-content-layout":"default","site-content-style":"default","site-sidebar-style":"default","ast-global-header-display":"","ast-banner-title-visibility":"","ast-main-header-display":"","ast-hfb-above-header-display":"","ast-hfb-below-header-display":"","ast-hfb-mobile-header-display":"","site-post-title":"","ast-breadcrumbs-content":"","ast-featured-img":"","footer-sml-layout":"","ast-disable-related-posts":"","theme-transparent-header-meta":"","adv-header-id-meta":"","stick-header-meta":"","header-above-stick-meta":"","header-main-stick-meta":"","header-below-stick-meta":"","astra-migrate-meta-layouts":"default","ast-page-background-enabled":"default","ast-page-background-meta":{"desktop":{"background-color":"var(--ast-global-color-5)","background-image":"","background-repeat":"repeat","background-position":"center center","background-size":"auto","background-attachment":"scroll","background-type":"","background-media":"","overlay-type":"","overlay-color":"","overlay-opacity":"","overlay-gradient":""},"tablet":{"background-color":"","background-image":"","background-repeat":"repeat","background-position":"center center","background-size":"auto","background-attachment":"scroll","background-type":"","background-media":"","overlay-type":"","overlay-color":"","overlay-opacity":"","overlay-gradient":""},"mobile":{"background-color":"","background-image":"","background-repeat":"repeat","background-position":"center center","background-size":"auto","background-attachment":"scroll","background-type":"","background-media":"","overlay-type":"","overlay-color":"","overlay-opacity":"","overlay-gradient":""}},"ast-content-background-meta":{"desktop":{"background-color":"var(--ast-global-color-4)","background-image":"","background-repeat":"repeat","background-position":"center center","background-size":"auto","background-attachment":"scroll","background-type":"","background-media":"","overlay-type":"","overlay-color":"","overlay-opacity":"","overlay-gradient":""},"tablet":{"background-color":"var(--ast-global-color-4)","background-image":"","background-repeat":"repeat","background-position":"center center","background-size":"auto","background-attachment":"scroll","background-type":"","background-media":"","overlay-type":"","overlay-color":"","overlay-opacity":"","overlay-gradient":""},"mobile":{"background-color":"var(--ast-global-color-4)","background-image":"","background-repeat":"repeat","background-position":"center center","background-size":"auto","background-attachment":"scroll","background-type":"","background-media":"","overlay-type":"","overlay-color":"","overlay-opacity":"","overlay-gradient":""}},"footnotes":""},"class_list":["post-2161","page","type-page","status-publish","hentry"],"_links":{"self":[{"href":"http:\/\/lasteaed.vaatsa.ee\/index.php\/wp-json\/wp\/v2\/pages\/2161","targetHints":{"allow":["GET"]}}],"collection":[{"href":"http:\/\/lasteaed.vaatsa.ee\/index.php\/wp-json\/wp\/v2\/pages"}],"about":[{"href":"http:\/\/lasteaed.vaatsa.ee\/index.php\/wp-json\/wp\/v2\/types\/page"}],"author":[{"embeddable":true,"href":"http:\/\/lasteaed.vaatsa.ee\/index.php\/wp-json\/wp\/v2\/users\/1"}],"replies":[{"embeddable":true,"href":"http:\/\/lasteaed.vaatsa.ee\/index.php\/wp-json\/wp\/v2\/comments?post=2161"}],"version-history":[{"count":12,"href":"http:\/\/lasteaed.vaatsa.ee\/index.php\/wp-json\/wp\/v2\/pages\/2161\/revisions"}],"predecessor-version":[{"id":4228,"href":"http:\/\/lasteaed.vaatsa.ee\/index.php\/wp-json\/wp\/v2\/pages\/2161\/revisions\/4228"}],"up":[{"embeddable":true,"href":"http:\/\/lasteaed.vaatsa.ee\/index.php\/wp-json\/wp\/v2\/pages\/2105"}],"wp:attachment":[{"href":"http:\/\/lasteaed.vaatsa.ee\/index.php\/wp-json\/wp\/v2\/media?parent=2161"}],"curies":[{"name":"wp","href":"https:\/\/api.w.org\/{rel}","templated":true}]}}