{"id":2372,"date":"2018-10-11T07:35:51","date_gmt":"2018-10-11T07:35:51","guid":{"rendered":"http:\/\/lasteaed.vaatsa.ee\/?page_id=2372"},"modified":"2022-01-17T08:36:09","modified_gmt":"2022-01-17T08:36:09","slug":"osaleme-uurimuses-hambad-puhtaks","status":"publish","type":"page","link":"http:\/\/lasteaed.vaatsa.ee\/index.php\/2021-2021-oppeaasta-eesmargid\/tervisemeeskond\/osaleme-uurimuses-hambad-puhtaks\/","title":{"rendered":"osaleme uurimuses &#8220;HAMBAD PUHTAKS&#8221;"},"content":{"rendered":"<p>Paik\u00e4pp aitab kasvatada tervete hammastega laste p\u00f5lvkonda. Paik\u00e4pp kaardistab lasteaialaste hambapesuharjumusi suutervise uurimuse &#8220;Hambad puhtaks&#8221; raames.<\/p>\n<p>Suukool.ee hoolib eest laste tervisest ja tervetest hammastest.<\/p>\n<p><a href=\"https:\/\/suukool.ee\/et\/\">Suukool.ee<\/a><\/p>\n","protected":false},"excerpt":{"rendered":"<p>Paik\u00e4pp aitab kasvatada tervete hammastega laste p\u00f5lvkonda. Paik\u00e4pp kaardistab lasteaialaste hambapesuharjumusi suutervise uurimuse &#8220;Hambad puhtaks&#8221; raames. Suukool.ee hoolib eest laste [&hellip;]<\/p>\n","protected":false},"author":1,"featured_media":0,"parent":2105,"menu_order":2,"comment_status":"closed","ping_status":"closed","template":"","meta":{"site-sidebar-layout":"default","site-content-layout":"","ast-site-content-layout":"default","site-content-style":"default","site-sidebar-style":"default","ast-global-header-display":"","ast-banner-title-visibility":"","ast-main-header-display":"","ast-hfb-above-header-display":"","ast-hfb-below-header-display":"","ast-hfb-mobile-header-display":"","site-post-title":"","ast-breadcrumbs-content":"","ast-featured-img":"","footer-sml-layout":"","ast-disable-related-posts":"","theme-transparent-header-meta":"","adv-header-id-meta":"","stick-header-meta":"","header-above-stick-meta":"","header-main-stick-meta":"","header-below-stick-meta":"","astra-migrate-meta-layouts":"default","ast-page-background-enabled":"default","ast-page-background-meta":{"desktop":{"background-color":"var(--ast-global-color-5)","background-image":"","background-repeat":"repeat","background-position":"center center","background-size":"auto","background-attachment":"scroll","background-type":"","background-media":"","overlay-type":"","overlay-color":"","overlay-opacity":"","overlay-gradient":""},"tablet":{"background-color":"","background-image":"","background-repeat":"repeat","background-position":"center center","background-size":"auto","background-attachment":"scroll","background-type":"","background-media":"","overlay-type":"","overlay-color":"","overlay-opacity":"","overlay-gradient":""},"mobile":{"background-color":"","background-image":"","background-repeat":"repeat","background-position":"center center","background-size":"auto","background-attachment":"scroll","background-type":"","background-media":"","overlay-type":"","overlay-color":"","overlay-opacity":"","overlay-gradient":""}},"ast-content-background-meta":{"desktop":{"background-color":"var(--ast-global-color-4)","background-image":"","background-repeat":"repeat","background-position":"center center","background-size":"auto","background-attachment":"scroll","background-type":"","background-media":"","overlay-type":"","overlay-color":"","overlay-opacity":"","overlay-gradient":""},"tablet":{"background-color":"var(--ast-global-color-4)","background-image":"","background-repeat":"repeat","background-position":"center center","background-size":"auto","background-attachment":"scroll","background-type":"","background-media":"","overlay-type":"","overlay-color":"","overlay-opacity":"","overlay-gradient":""},"mobile":{"background-color":"var(--ast-global-color-4)","background-image":"","background-repeat":"repeat","background-position":"center center","background-size":"auto","background-attachment":"scroll","background-type":"","background-media":"","overlay-type":"","overlay-color":"","overlay-opacity":"","overlay-gradient":""}},"footnotes":""},"class_list":["post-2372","page","type-page","status-publish","hentry"],"_links":{"self":[{"href":"http:\/\/lasteaed.vaatsa.ee\/index.php\/wp-json\/wp\/v2\/pages\/2372","targetHints":{"allow":["GET"]}}],"collection":[{"href":"http:\/\/lasteaed.vaatsa.ee\/index.php\/wp-json\/wp\/v2\/pages"}],"about":[{"href":"http:\/\/lasteaed.vaatsa.ee\/index.php\/wp-json\/wp\/v2\/types\/page"}],"author":[{"embeddable":true,"href":"http:\/\/lasteaed.vaatsa.ee\/index.php\/wp-json\/wp\/v2\/users\/1"}],"replies":[{"embeddable":true,"href":"http:\/\/lasteaed.vaatsa.ee\/index.php\/wp-json\/wp\/v2\/comments?post=2372"}],"version-history":[{"count":6,"href":"http:\/\/lasteaed.vaatsa.ee\/index.php\/wp-json\/wp\/v2\/pages\/2372\/revisions"}],"predecessor-version":[{"id":3579,"href":"http:\/\/lasteaed.vaatsa.ee\/index.php\/wp-json\/wp\/v2\/pages\/2372\/revisions\/3579"}],"up":[{"embeddable":true,"href":"http:\/\/lasteaed.vaatsa.ee\/index.php\/wp-json\/wp\/v2\/pages\/2105"}],"wp:attachment":[{"href":"http:\/\/lasteaed.vaatsa.ee\/index.php\/wp-json\/wp\/v2\/media?parent=2372"}],"curies":[{"name":"wp","href":"https:\/\/api.w.org\/{rel}","templated":true}]}}