{"id":2770,"date":"2019-03-12T17:41:29","date_gmt":"2019-03-12T17:41:29","guid":{"rendered":"http:\/\/lasteaed.vaatsa.ee\/?page_id=2770"},"modified":"2023-11-08T06:33:06","modified_gmt":"2023-11-08T06:33:06","slug":"koostoogrupid-vaatsa-lasteaias","status":"publish","type":"page","link":"http:\/\/lasteaed.vaatsa.ee\/index.php\/koostoogrupid-vaatsa-lasteaias\/","title":{"rendered":"Koost\u00f6\u00f6grupid lasteaias"},"content":{"rendered":"\n<div class=\"wp-block-file\"><a id=\"wp-block-file--media-679b2c33-5b11-4de0-80f4-93fb7ed8ae8e\" href=\"http:\/\/lasteaed.vaatsa.ee\/wp-content\/uploads\/2019\/03\/2018-koost\u00f6\u00f6grupid-V\u00e4\u00e4tsa-lasteaias.pdf\">koost\u00f6\u00f6grupid V\u00e4\u00e4tsa lasteaias<\/a><a href=\"http:\/\/lasteaed.vaatsa.ee\/wp-content\/uploads\/2019\/03\/2018-koost\u00f6\u00f6grupid-V\u00e4\u00e4tsa-lasteaias.pdf\" class=\"wp-block-file__button wp-element-button\" download aria-describedby=\"wp-block-file--media-679b2c33-5b11-4de0-80f4-93fb7ed8ae8e\">Laadi alla<\/a><\/div>\n\n\n\n<p class=\"has-text-align-center\">V\u00e4\u00e4tsa lasteaial on v\u00e4lja kujunenud oma lasteaia koost\u00f6\u00f6v\u00f5rgustik (lapsed, lapsevanemad (hoolekogu), t\u00f6\u00f6tajad, kool, omavalitsus, koost\u00f6\u00f6partnerid) eesm\u00e4rgiga toetada lasteaia visiooni ja missiooni elluviimist. <\/p>\n\n\n\n<p>\u00dcheks huvigrupiks on meil hoolekogu, kes on lastevanemate \u201ck\u00e4epikendus\u201d ning on kaasatud lasteaia arengu toetamisse ja arendustegevustesse. Igal uuel \u00f5ppeaasta esimesel r\u00fchmakoosolekul (septembris) valitakse r\u00fchmadest uus hoolekogu liige, kes siis vastavalt koolieelse lasteasutuse seadusele peaks j\u00e4lgima, et lasteaia \u00f5ppe- ja kasvatustegevus vastaks laste arengule ja huvidele. \u00d5ppeaastal alguses (oktoober) kavandab hoolekogu oma tegevuskava, kus on kajastatud tegevused huvigruppidega ja koost\u00f6\u00f6partneritega.<\/p>\n\n\n\n<figure class=\"wp-block-image size-large is-resized\"><img fetchpriority=\"high\" decoding=\"async\" width=\"1024\" height=\"576\" src=\"http:\/\/lasteaed.vaatsa.ee\/wp-content\/uploads\/2020\/10\/pildid-fotokast-766-1024x576.jpg\" alt=\"\" class=\"wp-image-3235\" style=\"width:383px;height:215px\" srcset=\"http:\/\/lasteaed.vaatsa.ee\/wp-content\/uploads\/2020\/10\/pildid-fotokast-766-1024x576.jpg 1024w, http:\/\/lasteaed.vaatsa.ee\/wp-content\/uploads\/2020\/10\/pildid-fotokast-766-300x169.jpg 300w, http:\/\/lasteaed.vaatsa.ee\/wp-content\/uploads\/2020\/10\/pildid-fotokast-766-768x432.jpg 768w, http:\/\/lasteaed.vaatsa.ee\/wp-content\/uploads\/2020\/10\/pildid-fotokast-766-1536x864.jpg 1536w, http:\/\/lasteaed.vaatsa.ee\/wp-content\/uploads\/2020\/10\/pildid-fotokast-766-2048x1152.jpg 2048w\" sizes=\"(max-width: 1024px) 100vw, 1024px\" \/><figcaption class=\"wp-element-caption\">V\u00e4\u00e4tsa J\u00f5ululaat &#8211; lastevanemate panus<\/figcaption><\/figure>\n\n\n\n<p><\/p>\n","protected":false},"excerpt":{"rendered":"<p>V\u00e4\u00e4tsa lasteaial on v\u00e4lja kujunenud oma lasteaia koost\u00f6\u00f6v\u00f5rgustik (lapsed, lapsevanemad (hoolekogu), t\u00f6\u00f6tajad, kool, omavalitsus, koost\u00f6\u00f6partnerid) eesm\u00e4rgiga toetada lasteaia visiooni ja [&hellip;]<\/p>\n","protected":false},"author":1,"featured_media":0,"parent":0,"menu_order":0,"comment_status":"closed","ping_status":"closed","template":"","meta":{"site-sidebar-layout":"default","site-content-layout":"","ast-site-content-layout":"default","site-content-style":"default","site-sidebar-style":"default","ast-global-header-display":"","ast-banner-title-visibility":"","ast-main-header-display":"","ast-hfb-above-header-display":"","ast-hfb-below-header-display":"","ast-hfb-mobile-header-display":"","site-post-title":"","ast-breadcrumbs-content":"","ast-featured-img":"","footer-sml-layout":"","ast-disable-related-posts":"","theme-transparent-header-meta":"","adv-header-id-meta":"","stick-header-meta":"","header-above-stick-meta":"","header-main-stick-meta":"","header-below-stick-meta":"","astra-migrate-meta-layouts":"default","ast-page-background-enabled":"default","ast-page-background-meta":{"desktop":{"background-color":"var(--ast-global-color-5)","background-image":"","background-repeat":"repeat","background-position":"center center","background-size":"auto","background-attachment":"scroll","background-type":"","background-media":"","overlay-type":"","overlay-color":"","overlay-opacity":"","overlay-gradient":""},"tablet":{"background-color":"","background-image":"","background-repeat":"repeat","background-position":"center center","background-size":"auto","background-attachment":"scroll","background-type":"","background-media":"","overlay-type":"","overlay-color":"","overlay-opacity":"","overlay-gradient":""},"mobile":{"background-color":"","background-image":"","background-repeat":"repeat","background-position":"center center","background-size":"auto","background-attachment":"scroll","background-type":"","background-media":"","overlay-type":"","overlay-color":"","overlay-opacity":"","overlay-gradient":""}},"ast-content-background-meta":{"desktop":{"background-color":"var(--ast-global-color-4)","background-image":"","background-repeat":"repeat","background-position":"center center","background-size":"auto","background-attachment":"scroll","background-type":"","background-media":"","overlay-type":"","overlay-color":"","overlay-opacity":"","overlay-gradient":""},"tablet":{"background-color":"var(--ast-global-color-4)","background-image":"","background-repeat":"repeat","background-position":"center center","background-size":"auto","background-attachment":"scroll","background-type":"","background-media":"","overlay-type":"","overlay-color":"","overlay-opacity":"","overlay-gradient":""},"mobile":{"background-color":"var(--ast-global-color-4)","background-image":"","background-repeat":"repeat","background-position":"center center","background-size":"auto","background-attachment":"scroll","background-type":"","background-media":"","overlay-type":"","overlay-color":"","overlay-opacity":"","overlay-gradient":""}},"footnotes":""},"class_list":["post-2770","page","type-page","status-publish","hentry"],"_links":{"self":[{"href":"http:\/\/lasteaed.vaatsa.ee\/index.php\/wp-json\/wp\/v2\/pages\/2770","targetHints":{"allow":["GET"]}}],"collection":[{"href":"http:\/\/lasteaed.vaatsa.ee\/index.php\/wp-json\/wp\/v2\/pages"}],"about":[{"href":"http:\/\/lasteaed.vaatsa.ee\/index.php\/wp-json\/wp\/v2\/types\/page"}],"author":[{"embeddable":true,"href":"http:\/\/lasteaed.vaatsa.ee\/index.php\/wp-json\/wp\/v2\/users\/1"}],"replies":[{"embeddable":true,"href":"http:\/\/lasteaed.vaatsa.ee\/index.php\/wp-json\/wp\/v2\/comments?post=2770"}],"version-history":[{"count":5,"href":"http:\/\/lasteaed.vaatsa.ee\/index.php\/wp-json\/wp\/v2\/pages\/2770\/revisions"}],"predecessor-version":[{"id":3921,"href":"http:\/\/lasteaed.vaatsa.ee\/index.php\/wp-json\/wp\/v2\/pages\/2770\/revisions\/3921"}],"wp:attachment":[{"href":"http:\/\/lasteaed.vaatsa.ee\/index.php\/wp-json\/wp\/v2\/media?parent=2770"}],"curies":[{"name":"wp","href":"https:\/\/api.w.org\/{rel}","templated":true}]}}