{"id":2805,"date":"2019-03-19T09:43:03","date_gmt":"2019-03-19T09:43:03","guid":{"rendered":"http:\/\/lasteaed.vaatsa.ee\/?page_id=2805"},"modified":"2025-01-22T12:18:39","modified_gmt":"2025-01-22T12:18:39","slug":"lasteaia-oppekava","status":"publish","type":"page","link":"http:\/\/lasteaed.vaatsa.ee\/index.php\/lasteaia-oppekava\/","title":{"rendered":"\u00d5ppekava"},"content":{"rendered":"\n<div data-wp-interactive=\"core\/file\" class=\"wp-block-file\"><object data-wp-bind--hidden=\"!state.hasPdfPreview\" hidden class=\"wp-block-file__embed\" data=\"http:\/\/lasteaed.vaatsa.ee\/wp-content\/uploads\/2025\/01\/Vaatsa-lasteaed-oppekava.pdf\" type=\"application\/pdf\" style=\"width:100%;height:600px\" aria-label=\"Lisa V\u00e4\u00e4tsa lasteaed \u00f5ppekava.\"><\/object><a id=\"wp-block-file--media-88376902-1d1d-444a-abb7-3d49c1a62ee8\" href=\"http:\/\/lasteaed.vaatsa.ee\/wp-content\/uploads\/2025\/01\/Vaatsa-lasteaed-oppekava.pdf\">V\u00e4\u00e4tsa lasteaed \u00f5ppekava<\/a><a href=\"http:\/\/lasteaed.vaatsa.ee\/wp-content\/uploads\/2025\/01\/Vaatsa-lasteaed-oppekava.pdf\" class=\"wp-block-file__button wp-element-button\" download aria-describedby=\"wp-block-file--media-88376902-1d1d-444a-abb7-3d49c1a62ee8\">Laadi alla<\/a><\/div>\n","protected":false},"excerpt":{"rendered":"","protected":false},"author":1,"featured_media":0,"parent":0,"menu_order":0,"comment_status":"closed","ping_status":"closed","template":"","meta":{"site-sidebar-layout":"default","site-content-layout":"","ast-site-content-layout":"default","site-content-style":"default","site-sidebar-style":"default","ast-global-header-display":"","ast-banner-title-visibility":"","ast-main-header-display":"","ast-hfb-above-header-display":"","ast-hfb-below-header-display":"","ast-hfb-mobile-header-display":"","site-post-title":"","ast-breadcrumbs-content":"","ast-featured-img":"","footer-sml-layout":"","ast-disable-related-posts":"","theme-transparent-header-meta":"","adv-header-id-meta":"","stick-header-meta":"","header-above-stick-meta":"","header-main-stick-meta":"","header-below-stick-meta":"","astra-migrate-meta-layouts":"default","ast-page-background-enabled":"default","ast-page-background-meta":{"desktop":{"background-color":"var(--ast-global-color-5)","background-image":"","background-repeat":"repeat","background-position":"center center","background-size":"auto","background-attachment":"scroll","background-type":"","background-media":"","overlay-type":"","overlay-color":"","overlay-opacity":"","overlay-gradient":""},"tablet":{"background-color":"","background-image":"","background-repeat":"repeat","background-position":"center center","background-size":"auto","background-attachment":"scroll","background-type":"","background-media":"","overlay-type":"","overlay-color":"","overlay-opacity":"","overlay-gradient":""},"mobile":{"background-color":"","background-image":"","background-repeat":"repeat","background-position":"center center","background-size":"auto","background-attachment":"scroll","background-type":"","background-media":"","overlay-type":"","overlay-color":"","overlay-opacity":"","overlay-gradient":""}},"ast-content-background-meta":{"desktop":{"background-color":"var(--ast-global-color-4)","background-image":"","background-repeat":"repeat","background-position":"center center","background-size":"auto","background-attachment":"scroll","background-type":"","background-media":"","overlay-type":"","overlay-color":"","overlay-opacity":"","overlay-gradient":""},"tablet":{"background-color":"var(--ast-global-color-4)","background-image":"","background-repeat":"repeat","background-position":"center center","background-size":"auto","background-attachment":"scroll","background-type":"","background-media":"","overlay-type":"","overlay-color":"","overlay-opacity":"","overlay-gradient":""},"mobile":{"background-color":"var(--ast-global-color-4)","background-image":"","background-repeat":"repeat","background-position":"center center","background-size":"auto","background-attachment":"scroll","background-type":"","background-media":"","overlay-type":"","overlay-color":"","overlay-opacity":"","overlay-gradient":""}},"footnotes":""},"class_list":["post-2805","page","type-page","status-publish","hentry"],"_links":{"self":[{"href":"http:\/\/lasteaed.vaatsa.ee\/index.php\/wp-json\/wp\/v2\/pages\/2805","targetHints":{"allow":["GET"]}}],"collection":[{"href":"http:\/\/lasteaed.vaatsa.ee\/index.php\/wp-json\/wp\/v2\/pages"}],"about":[{"href":"http:\/\/lasteaed.vaatsa.ee\/index.php\/wp-json\/wp\/v2\/types\/page"}],"author":[{"embeddable":true,"href":"http:\/\/lasteaed.vaatsa.ee\/index.php\/wp-json\/wp\/v2\/users\/1"}],"replies":[{"embeddable":true,"href":"http:\/\/lasteaed.vaatsa.ee\/index.php\/wp-json\/wp\/v2\/comments?post=2805"}],"version-history":[{"count":13,"href":"http:\/\/lasteaed.vaatsa.ee\/index.php\/wp-json\/wp\/v2\/pages\/2805\/revisions"}],"predecessor-version":[{"id":4292,"href":"http:\/\/lasteaed.vaatsa.ee\/index.php\/wp-json\/wp\/v2\/pages\/2805\/revisions\/4292"}],"wp:attachment":[{"href":"http:\/\/lasteaed.vaatsa.ee\/index.php\/wp-json\/wp\/v2\/media?parent=2805"}],"curies":[{"name":"wp","href":"https:\/\/api.w.org\/{rel}","templated":true}]}}