{"id":2846,"date":"2019-04-03T07:07:42","date_gmt":"2019-04-03T07:07:42","guid":{"rendered":"http:\/\/lasteaed.vaatsa.ee\/?page_id=2846"},"modified":"2021-11-30T11:13:03","modified_gmt":"2021-11-30T11:13:03","slug":"visioon-missioon-ja-eesmargid","status":"publish","type":"page","link":"http:\/\/lasteaed.vaatsa.ee\/index.php\/visioon-missioon-ja-eesmargid\/","title":{"rendered":"Visioon, missioon ja eesm\u00e4rgid"},"content":{"rendered":"\n<p><strong>Meie visioon on: <\/strong>V\u00e4\u00e4tsa lasteaed Paik\u00e4pp on p\u00fcsivate traditsioonide, hea mainega&nbsp; innovaatiline organisatsioon, kus lapsed ja t\u00f6\u00f6tajad tunnevad r\u00f5\u00f5mu igast lasteaiap\u00e4evast.<\/p>\n\n\n\n<p><strong>Meie missioon on<\/strong>: V\u00e4\u00e4rtustades oma kodukoha loodust, tervislikke eluviise, loovust, hoolivust ja s\u00f5bralikkust loome koost\u00f6\u00f6s peredega  lapse arengut toetava kasvukeskkonna. <\/p>\n\n\n\n<p>Moto: Hea s\u00f5bra jaoks on valla me uksed ja me hing \u2026<\/p>\n\n\n\n<ul class=\"wp-block-list\"><li>P\u00fcsivad traditsioonid &#8211; lasteaia traditsioonid on pikaajalised ja kujundavad lasteaia head mainet. Pedagoogid t\u00e4iendavad ja viivad sisse muudatused tegevuskavas ja \u00fcrituste kalenderplaanis. Kalenderplaanis kajastuvad tegevused, mis on laste poolt eriti h\u00e4sti vastu v\u00f5etud. Selle hinnangu aluseks\u00a0 on \u00f5petajate poolt lastele l\u00e4biviidud k\u00fcsitlused, antud vastused on dokumenteeritud ja asuvad laste individuaalses arengumapis. Nende vastuste p\u00f5hjal (\u00fcrituste ja pidude meeldimine) hoiame au sees traditsioonilisi \u00fcritusi ja pidusid ning koost\u00f6\u00f6d\u00a0 lasteaia ja lapsevanema vahel.<\/li><\/ul>\n\n\n\n<figure class=\"wp-block-image size-large is-resized\"><img fetchpriority=\"high\" decoding=\"async\" src=\"http:\/\/lasteaed.vaatsa.ee\/wp-content\/uploads\/2020\/10\/IMG_1965-1024x683.jpg\" alt=\"\" class=\"wp-image-3227\" width=\"519\" height=\"345\" srcset=\"http:\/\/lasteaed.vaatsa.ee\/wp-content\/uploads\/2020\/10\/IMG_1965-1024x683.jpg 1024w, http:\/\/lasteaed.vaatsa.ee\/wp-content\/uploads\/2020\/10\/IMG_1965-300x200.jpg 300w, http:\/\/lasteaed.vaatsa.ee\/wp-content\/uploads\/2020\/10\/IMG_1965-768x512.jpg 768w, http:\/\/lasteaed.vaatsa.ee\/wp-content\/uploads\/2020\/10\/IMG_1965-1536x1024.jpg 1536w, http:\/\/lasteaed.vaatsa.ee\/wp-content\/uploads\/2020\/10\/IMG_1965-2048x1365.jpg 2048w\" sizes=\"(max-width: 519px) 100vw, 519px\" \/><figcaption>Eesti Vabariigi s\u00fcnnip\u00e4ev<\/figcaption><\/figure>\n\n\n\n<figure class=\"wp-block-image size-large is-resized\"><img decoding=\"async\" src=\"http:\/\/lasteaed.vaatsa.ee\/wp-content\/uploads\/2020\/10\/IMG_4226-1024x768.jpg\" alt=\"\" class=\"wp-image-3229\" width=\"507\" height=\"380\" srcset=\"http:\/\/lasteaed.vaatsa.ee\/wp-content\/uploads\/2020\/10\/IMG_4226-1024x768.jpg 1024w, http:\/\/lasteaed.vaatsa.ee\/wp-content\/uploads\/2020\/10\/IMG_4226-300x225.jpg 300w, http:\/\/lasteaed.vaatsa.ee\/wp-content\/uploads\/2020\/10\/IMG_4226-768x576.jpg 768w, http:\/\/lasteaed.vaatsa.ee\/wp-content\/uploads\/2020\/10\/IMG_4226-1536x1152.jpg 1536w, http:\/\/lasteaed.vaatsa.ee\/wp-content\/uploads\/2020\/10\/IMG_4226-2048x1536.jpg 2048w\" sizes=\"(max-width: 507px) 100vw, 507px\" \/><figcaption>Jalgrattamatk<\/figcaption><\/figure>\n\n\n\n<figure class=\"wp-block-image size-large is-resized\"><img decoding=\"async\" src=\"http:\/\/lasteaed.vaatsa.ee\/wp-content\/uploads\/2020\/10\/vaateaknad7-1024x768.jpg\" alt=\"\" class=\"wp-image-3230\" width=\"502\" height=\"376\" srcset=\"http:\/\/lasteaed.vaatsa.ee\/wp-content\/uploads\/2020\/10\/vaateaknad7-1024x768.jpg 1024w, http:\/\/lasteaed.vaatsa.ee\/wp-content\/uploads\/2020\/10\/vaateaknad7-300x225.jpg 300w, http:\/\/lasteaed.vaatsa.ee\/wp-content\/uploads\/2020\/10\/vaateaknad7-768x576.jpg 768w, http:\/\/lasteaed.vaatsa.ee\/wp-content\/uploads\/2020\/10\/vaateaknad7.jpg 1440w\" sizes=\"(max-width: 502px) 100vw, 502px\" \/><figcaption>V\u00e4\u00e4tsa j\u00f5uluaknad<\/figcaption><\/figure>\n\n\n\n<p><\/p>\n\n\n\n<p>Visioon ja missioon on v\u00e4lja t\u00f6\u00f6tatud t\u00f6\u00f6gruppide poolt (pedagoogiline koosolek, hoolekogu, tervisemeeskond, abipersonal). Visioonis ja missioonis kajastuvad meie lasteaia v\u00e4\u00e4rtused.&nbsp;<\/p>\n\n\n\n<p>2019.aastal t\u00f6\u00f6tati v\u00e4lja lasteaia v\u00e4\u00e4rtused, \u00fchiselt kokkulepitud v\u00e4\u00e4rtused annavad kindlustunde ja eelduse neid j\u00e4rgida (isiklik eeskuju ja panus kollektiivi). Olulisel kohal on, et t\u00f6\u00f6tajad, lapsevanemad, koost\u00f6\u00f6partnerid teaksid lasteaia v\u00e4\u00e4rtusi ning l\u00e4bi nende v\u00e4\u00e4rtuste toetaksid lapse \u00f5ppimist ja arenemist V\u00e4\u00e4tsa lasteaias.&nbsp;<\/p>\n\n\n\n<figure class=\"wp-block-image size-large is-resized\"><img loading=\"lazy\" decoding=\"async\" src=\"http:\/\/lasteaed.vaatsa.ee\/wp-content\/uploads\/2020\/10\/pildid-fotokast-510.jpg\" alt=\"\" class=\"wp-image-3231\" width=\"797\" height=\"478\" srcset=\"http:\/\/lasteaed.vaatsa.ee\/wp-content\/uploads\/2020\/10\/pildid-fotokast-510.jpg 885w, http:\/\/lasteaed.vaatsa.ee\/wp-content\/uploads\/2020\/10\/pildid-fotokast-510-300x180.jpg 300w, http:\/\/lasteaed.vaatsa.ee\/wp-content\/uploads\/2020\/10\/pildid-fotokast-510-768x461.jpg 768w\" sizes=\"(max-width: 797px) 100vw, 797px\" \/><figcaption>Mardip\u00e4ev<\/figcaption><\/figure>\n","protected":false},"excerpt":{"rendered":"<p>Meie visioon on: V\u00e4\u00e4tsa lasteaed Paik\u00e4pp on p\u00fcsivate traditsioonide, hea mainega&nbsp; innovaatiline organisatsioon, kus lapsed ja t\u00f6\u00f6tajad tunnevad r\u00f5\u00f5mu igast [&hellip;]<\/p>\n","protected":false},"author":1,"featured_media":1681,"parent":0,"menu_order":0,"comment_status":"closed","ping_status":"closed","template":"","meta":{"site-sidebar-layout":"default","site-content-layout":"","ast-site-content-layout":"default","site-content-style":"default","site-sidebar-style":"default","ast-global-header-display":"","ast-banner-title-visibility":"","ast-main-header-display":"","ast-hfb-above-header-display":"","ast-hfb-below-header-display":"","ast-hfb-mobile-header-display":"","site-post-title":"","ast-breadcrumbs-content":"","ast-featured-img":"","footer-sml-layout":"","ast-disable-related-posts":"","theme-transparent-header-meta":"","adv-header-id-meta":"","stick-header-meta":"","header-above-stick-meta":"","header-main-stick-meta":"","header-below-stick-meta":"","astra-migrate-meta-layouts":"default","ast-page-background-enabled":"default","ast-page-background-meta":{"desktop":{"background-color":"var(--ast-global-color-5)","background-image":"","background-repeat":"repeat","background-position":"center center","background-size":"auto","background-attachment":"scroll","background-type":"","background-media":"","overlay-type":"","overlay-color":"","overlay-opacity":"","overlay-gradient":""},"tablet":{"background-color":"","background-image":"","background-repeat":"repeat","background-position":"center center","background-size":"auto","background-attachment":"scroll","background-type":"","background-media":"","overlay-type":"","overlay-color":"","overlay-opacity":"","overlay-gradient":""},"mobile":{"background-color":"","background-image":"","background-repeat":"repeat","background-position":"center center","background-size":"auto","background-attachment":"scroll","background-type":"","background-media":"","overlay-type":"","overlay-color":"","overlay-opacity":"","overlay-gradient":""}},"ast-content-background-meta":{"desktop":{"background-color":"var(--ast-global-color-4)","background-image":"","background-repeat":"repeat","background-position":"center center","background-size":"auto","background-attachment":"scroll","background-type":"","background-media":"","overlay-type":"","overlay-color":"","overlay-opacity":"","overlay-gradient":""},"tablet":{"background-color":"var(--ast-global-color-4)","background-image":"","background-repeat":"repeat","background-position":"center center","background-size":"auto","background-attachment":"scroll","background-type":"","background-media":"","overlay-type":"","overlay-color":"","overlay-opacity":"","overlay-gradient":""},"mobile":{"background-color":"var(--ast-global-color-4)","background-image":"","background-repeat":"repeat","background-position":"center center","background-size":"auto","background-attachment":"scroll","background-type":"","background-media":"","overlay-type":"","overlay-color":"","overlay-opacity":"","overlay-gradient":""}},"footnotes":""},"class_list":["post-2846","page","type-page","status-publish","has-post-thumbnail","hentry"],"_links":{"self":[{"href":"http:\/\/lasteaed.vaatsa.ee\/index.php\/wp-json\/wp\/v2\/pages\/2846","targetHints":{"allow":["GET"]}}],"collection":[{"href":"http:\/\/lasteaed.vaatsa.ee\/index.php\/wp-json\/wp\/v2\/pages"}],"about":[{"href":"http:\/\/lasteaed.vaatsa.ee\/index.php\/wp-json\/wp\/v2\/types\/page"}],"author":[{"embeddable":true,"href":"http:\/\/lasteaed.vaatsa.ee\/index.php\/wp-json\/wp\/v2\/users\/1"}],"replies":[{"embeddable":true,"href":"http:\/\/lasteaed.vaatsa.ee\/index.php\/wp-json\/wp\/v2\/comments?post=2846"}],"version-history":[{"count":10,"href":"http:\/\/lasteaed.vaatsa.ee\/index.php\/wp-json\/wp\/v2\/pages\/2846\/revisions"}],"predecessor-version":[{"id":3539,"href":"http:\/\/lasteaed.vaatsa.ee\/index.php\/wp-json\/wp\/v2\/pages\/2846\/revisions\/3539"}],"wp:featuredmedia":[{"embeddable":true,"href":"http:\/\/lasteaed.vaatsa.ee\/index.php\/wp-json\/wp\/v2\/media\/1681"}],"wp:attachment":[{"href":"http:\/\/lasteaed.vaatsa.ee\/index.php\/wp-json\/wp\/v2\/media?parent=2846"}],"curies":[{"name":"wp","href":"https:\/\/api.w.org\/{rel}","templated":true}]}}