{"id":3188,"date":"2020-09-07T12:29:59","date_gmt":"2020-09-07T12:29:59","guid":{"rendered":"http:\/\/lasteaed.vaatsa.ee\/?page_id=3188"},"modified":"2023-12-05T07:56:11","modified_gmt":"2023-12-05T07:56:11","slug":"vaatsa-lasteaia-laul","status":"publish","type":"page","link":"http:\/\/lasteaed.vaatsa.ee\/index.php\/vaatsa-lasteaia-laul\/","title":{"rendered":"V\u00c4\u00c4TSA LASTEAIA LAUL"},"content":{"rendered":"\n<p>\u201eMEIE PAIK\u00c4PP\u201c <\/p>\n\n\n\n<p>S\u00f5nad: Laste ja vanemate \u00fchislooming<\/p>\n\n\n\n<p>Viis: Heli Vutt<\/p>\n\n\n\n<p>1. \u00dckskord ammu juhtus see, toodi siia vahva mees.<\/p>\n\n\n\n<p>N\u00fc\u00fcd on lastel oma karu ja veel t\u00e4itsa, t\u00e4itsa maru.<\/p>\n\n\n\n<p>REFR: M\u00f5mm, m\u00f5mm, m\u00f5mm, m\u00f5mm \u2013 m\u00f5mmi hea<\/p>\n\n\n\n<p>oma suure k\u00e4paga. <\/p>\n\n\n\n<p>M\u00f5mm, m\u00f5mm, m\u00f5mm, m\u00f5mm \u2013 m\u00f5mmi hea pika pai teeb meile ta.<\/p>\n\n\n\n<p>2. Karum\u00f5mm meil nimeta, seda nii ei j\u00e4tta saa.<\/p>\n\n\n\n<p>Paik\u00e4pp karul nimeks pandi, ristimiseks saali kanti.<\/p>\n\n\n\n<p>REFR: Pai, pai, pai, pai \u2013 Paik\u00e4pp hea, oma suure k\u00e4paga.<\/p>\n\n\n\n<p>Pai, pai, pai, pai \u2013 Paik\u00e4pp hea, pika pai teeb meile ta.<\/p>\n\n\n\n<p>3. Paik\u00e4pp on meil tore sell, m\u00f5tteid palju, pilk nii hell.<\/p>\n\n\n\n<p>Tema saab meil k\u00f5igest aru, h\u00e4sti arukas me karu.<\/p>\n\n\n\n<p>REFR: Pai, pai, pai, pai \u2013 Paik\u00e4pp hea oma suure k\u00e4paga.<\/p>\n\n\n\n<p>Pai, pai, pai, pai \u2013 Paik\u00e4pp hea pika pai teeb meile ta.<\/p>\n","protected":false},"excerpt":{"rendered":"<p>\u201eMEIE PAIK\u00c4PP\u201c S\u00f5nad: Laste ja vanemate \u00fchislooming Viis: Heli Vutt 1. \u00dckskord ammu juhtus see, toodi siia vahva mees. N\u00fc\u00fcd [&hellip;]<\/p>\n","protected":false},"author":1,"featured_media":0,"parent":0,"menu_order":0,"comment_status":"closed","ping_status":"closed","template":"","meta":{"site-sidebar-layout":"default","site-content-layout":"","ast-site-content-layout":"default","site-content-style":"default","site-sidebar-style":"default","ast-global-header-display":"","ast-banner-title-visibility":"","ast-main-header-display":"","ast-hfb-above-header-display":"","ast-hfb-below-header-display":"","ast-hfb-mobile-header-display":"","site-post-title":"","ast-breadcrumbs-content":"","ast-featured-img":"","footer-sml-layout":"","ast-disable-related-posts":"","theme-transparent-header-meta":"","adv-header-id-meta":"","stick-header-meta":"","header-above-stick-meta":"","header-main-stick-meta":"","header-below-stick-meta":"","astra-migrate-meta-layouts":"default","ast-page-background-enabled":"default","ast-page-background-meta":{"desktop":{"background-color":"var(--ast-global-color-5)","background-image":"","background-repeat":"repeat","background-position":"center center","background-size":"auto","background-attachment":"scroll","background-type":"","background-media":"","overlay-type":"","overlay-color":"","overlay-opacity":"","overlay-gradient":""},"tablet":{"background-color":"","background-image":"","background-repeat":"repeat","background-position":"center center","background-size":"auto","background-attachment":"scroll","background-type":"","background-media":"","overlay-type":"","overlay-color":"","overlay-opacity":"","overlay-gradient":""},"mobile":{"background-color":"","background-image":"","background-repeat":"repeat","background-position":"center center","background-size":"auto","background-attachment":"scroll","background-type":"","background-media":"","overlay-type":"","overlay-color":"","overlay-opacity":"","overlay-gradient":""}},"ast-content-background-meta":{"desktop":{"background-color":"var(--ast-global-color-4)","background-image":"","background-repeat":"repeat","background-position":"center center","background-size":"auto","background-attachment":"scroll","background-type":"","background-media":"","overlay-type":"","overlay-color":"","overlay-opacity":"","overlay-gradient":""},"tablet":{"background-color":"var(--ast-global-color-4)","background-image":"","background-repeat":"repeat","background-position":"center center","background-size":"auto","background-attachment":"scroll","background-type":"","background-media":"","overlay-type":"","overlay-color":"","overlay-opacity":"","overlay-gradient":""},"mobile":{"background-color":"var(--ast-global-color-4)","background-image":"","background-repeat":"repeat","background-position":"center center","background-size":"auto","background-attachment":"scroll","background-type":"","background-media":"","overlay-type":"","overlay-color":"","overlay-opacity":"","overlay-gradient":""}},"footnotes":""},"class_list":["post-3188","page","type-page","status-publish","hentry"],"_links":{"self":[{"href":"http:\/\/lasteaed.vaatsa.ee\/index.php\/wp-json\/wp\/v2\/pages\/3188","targetHints":{"allow":["GET"]}}],"collection":[{"href":"http:\/\/lasteaed.vaatsa.ee\/index.php\/wp-json\/wp\/v2\/pages"}],"about":[{"href":"http:\/\/lasteaed.vaatsa.ee\/index.php\/wp-json\/wp\/v2\/types\/page"}],"author":[{"embeddable":true,"href":"http:\/\/lasteaed.vaatsa.ee\/index.php\/wp-json\/wp\/v2\/users\/1"}],"replies":[{"embeddable":true,"href":"http:\/\/lasteaed.vaatsa.ee\/index.php\/wp-json\/wp\/v2\/comments?post=3188"}],"version-history":[{"count":4,"href":"http:\/\/lasteaed.vaatsa.ee\/index.php\/wp-json\/wp\/v2\/pages\/3188\/revisions"}],"predecessor-version":[{"id":4011,"href":"http:\/\/lasteaed.vaatsa.ee\/index.php\/wp-json\/wp\/v2\/pages\/3188\/revisions\/4011"}],"wp:attachment":[{"href":"http:\/\/lasteaed.vaatsa.ee\/index.php\/wp-json\/wp\/v2\/media?parent=3188"}],"curies":[{"name":"wp","href":"https:\/\/api.w.org\/{rel}","templated":true}]}}