{"id":3306,"date":"2020-11-04T13:11:39","date_gmt":"2020-11-04T13:11:39","guid":{"rendered":"http:\/\/lasteaed.vaatsa.ee\/?page_id=3306"},"modified":"2025-01-22T13:12:23","modified_gmt":"2025-01-22T13:12:23","slug":"2021-2021-oppeaasta-eesmargid","status":"publish","type":"page","link":"http:\/\/lasteaed.vaatsa.ee\/index.php\/2021-2021-oppeaasta-eesmargid\/","title":{"rendered":"2024-2025 \u00f5ppeaasta eesm\u00e4rgid"},"content":{"rendered":"\n<p>V\u00e4\u00e4tsa lastaed on liitunud Rohelise kooli programmiga. Sel aastal k\u00e4sitleme s\u00fcvenenult kolme olulist teemat. <\/p>\n\n\n\n<p>\u00d5ppeaasta tunnuslauseks on:&nbsp;<strong> &#8220;Paik\u00e4pp tervist t\u00e4htsaks peab, porgand, vesi, sport ja \u00f5u annab meile eluj\u00f5u&#8221;<\/strong><\/p>\n\n\n\n<p><strong>2024-2025 aastas tegeleme lasteaias kolme teemaga:<\/strong><\/p>\n\n\n\n<ul class=\"wp-block-list\">\n<li>TOIT<\/li>\n\n\n\n<li>TERVIS JA HEAOLU<\/li>\n\n\n\n<li>GLOBAALNE KODAKONSUS<\/li>\n<\/ul>\n\n\n\n<p><strong>EESM\u00c4RGID:<\/strong><\/p>\n\n\n\n<p><strong>Toit<\/strong> &#8211; edendame tervislikku ja keskkonnateadlikku toitumist, \u00f5pime ise toitu kasvatama ja v\u00e4\u00e4rtustame toidu saamiseks tehtavat t\u00f6\u00f6d.<\/p>\n\n\n\n<p><strong>Tervis ja heaolu<\/strong> &#8211; oleme eeskujuks ja p\u00fc\u00fcdleme oma k\u00e4itumiselt olla terviseteadlikumad, loome ise oma keskkonnas vajalikke tingimusi.<\/p>\n\n\n\n<p><strong>Globaalne kodakondsus<\/strong> &#8211; v\u00e4\u00e4rtustame erisusi ja teadvustame iga inimese t\u00e4htsust, aitame t\u00e4iskasvanutena kujundada laste minapilti.<\/p>\n\n\n\n<p><strong>V\u00e4\u00e4tsa lasteaia missioon on:<\/strong><\/p>\n\n\n\n<p>koost\u00f6\u00f6s perega luua lapse arengut toetav kasvukeskkond, \u00f5petades lapsi v\u00e4\u00e4rtustama loodust enda \u00fcmber, toetades igak\u00fclgselt tervislikke eluviisise, arendades loovust ja s\u00f5bralikku k\u00e4itumist.<\/p>\n\n\n\n<p><strong>V\u00e4\u00e4tsa lasteaia visioon on:&nbsp;<\/strong><\/p>\n\n\n\n<p>oleme p\u00fcsivate traditsioonidega innovaatiline haridusasutus, v\u00e4\u00e4rtustades loodust ja tervislikke eluviise, kus lapsed ja t\u00f6\u00f6tajad tunnevad r\u00f5\u00f5mu igast lasteaiap\u00e4evast.<\/p>\n\n\n\n<p><strong>Meie traditsiooniline moto on:<\/strong><\/p>\n\n\n\n<p>\u201eHea s\u00f5bra jaoks on valla me uksed ja me hing \u2026\u201c<\/p>\n\n\n\n<p><strong>V\u00c4\u00c4RTUSED<\/strong><strong> <\/strong><strong><\/strong><\/p>\n\n\n\n<ul class=\"wp-block-list\">\n<li><strong>KESKKOND <\/strong>\u2013 v\u00e4\u00e4rtustame oma kodukohta ja loodust ning selle hoidmist. \u00dchiselt koos tagame turvalise ja ohutu \u00f5ppe- ja kasvukeskkonna.<\/li>\n\n\n\n<li><strong>TERVIS<\/strong> &#8211; meie jaoks on t\u00e4htis iga lapse ja t\u00f6\u00f6taja tervis, kus&nbsp; p\u00f6\u00f6rame igap\u00e4evaselt ja erinevate tegevuste k\u00e4igus t\u00e4helepanu tervislikele eluviisidele, toitumisele ning f\u00fc\u00fcsilisele aktiivsusele. V\u00e4\u00e4rtustame rohket \u00f5ues viibimist. Eesm\u00e4rgiks on, et lapsed viibivad iga ilmaga \u00f5ues.<\/li>\n\n\n\n<li><strong>LOOVUS<\/strong>&nbsp; &#8211; oleme avatud ja kasutame erinevaid \u00f5ppimisv\u00f5imalusi, kus arvestame lapse individuaalsusega, v\u00e4\u00e4rtustades lasteaia traditsioone ja kodukoha kultuuritraditsioone. Au sees on rahvatants.<\/li>\n\n\n\n<li><strong>KOOST\u00d6\u00d6<\/strong> \u2013 meie jaoks on koost\u00f6\u00f6 igal tasandil (lapsed, lapsevanemad, meeskond, kogukond, teised asutused). Meil arvestatakse huvigruppide ettepanekutega ja tegutsedes \u00fchise eesm\u00e4rgi nimel. Oleme avatud uutele v\u00e4ljakutsetele ja \u00f5ppimisv\u00f5imalustele. \u00d5pime k\u00f5ik koos ja eraldi,&nbsp; teeme \u00fchiseid koolitusi, anname tagasisidet koolituste kohta ja&nbsp; v\u00f5tame vastu koolitajaid.<\/li>\n<\/ul>\n\n\n\n<p><strong>TUGEVUSED:<\/strong><\/p>\n\n\n\n<ul class=\"wp-block-list\">\n<li>P\u00fcsiv personal.<\/li>\n\n\n\n<li>Lapse individuaalsuse ja loovusega arvestamine.<\/li>\n\n\n\n<li>V\u00e4ljakujunenud traditsioonid.<\/li>\n\n\n\n<li>\u00d5ues\u00f5ppe praktiseerimine.<\/li>\n\n\n\n<li>Tervislik toitumine.<\/li>\n\n\n\n<li>\u00d5uetegevused iga ilmaga.<\/li>\n<\/ul>\n","protected":false},"excerpt":{"rendered":"<p>V\u00e4\u00e4tsa lastaed on liitunud Rohelise kooli programmiga. Sel aastal k\u00e4sitleme s\u00fcvenenult kolme olulist teemat. \u00d5ppeaasta tunnuslauseks on:&nbsp; &#8220;Paik\u00e4pp tervist t\u00e4htsaks peab, porgand, vesi, sport ja \u00f5u annab meile eluj\u00f5u&#8221; 2024-2025 aastas tegeleme lasteaias kolme teemaga: EESM\u00c4RGID: Toit &#8211; edendame tervislikku &hellip; <\/p>\n","protected":false},"author":1,"featured_media":0,"parent":0,"menu_order":0,"comment_status":"closed","ping_status":"closed","template":"","meta":{"footnotes":""},"class_list":["post-3306","page","type-page","status-publish","hentry"],"_links":{"self":[{"href":"http:\/\/lasteaed.vaatsa.ee\/index.php\/wp-json\/wp\/v2\/pages\/3306","targetHints":{"allow":["GET"]}}],"collection":[{"href":"http:\/\/lasteaed.vaatsa.ee\/index.php\/wp-json\/wp\/v2\/pages"}],"about":[{"href":"http:\/\/lasteaed.vaatsa.ee\/index.php\/wp-json\/wp\/v2\/types\/page"}],"author":[{"embeddable":true,"href":"http:\/\/lasteaed.vaatsa.ee\/index.php\/wp-json\/wp\/v2\/users\/1"}],"replies":[{"embeddable":true,"href":"http:\/\/lasteaed.vaatsa.ee\/index.php\/wp-json\/wp\/v2\/comments?post=3306"}],"version-history":[{"count":15,"href":"http:\/\/lasteaed.vaatsa.ee\/index.php\/wp-json\/wp\/v2\/pages\/3306\/revisions"}],"predecessor-version":[{"id":4293,"href":"http:\/\/lasteaed.vaatsa.ee\/index.php\/wp-json\/wp\/v2\/pages\/3306\/revisions\/4293"}],"wp:attachment":[{"href":"http:\/\/lasteaed.vaatsa.ee\/index.php\/wp-json\/wp\/v2\/media?parent=3306"}],"curies":[{"name":"wp","href":"https:\/\/api.w.org\/{rel}","templated":true}]}}