{"id":3991,"date":"2023-11-21T10:47:56","date_gmt":"2023-11-21T10:47:56","guid":{"rendered":"http:\/\/lasteaed.vaatsa.ee\/?page_id=3991"},"modified":"2024-06-10T06:42:42","modified_gmt":"2024-06-10T06:42:42","slug":"ujumine","status":"publish","type":"page","link":"http:\/\/lasteaed.vaatsa.ee\/index.php\/ujumine\/","title":{"rendered":"BASSEINI KASUTAMINE"},"content":{"rendered":"\n<p>Suvekuudel on bassein suletud!<\/p>\n\n\n\n<div class=\"wp-block-group is-layout-constrained wp-block-group-is-layout-constrained\">\n<p><strong>BASSEINI KASUTAMISE KORD<\/strong><\/p>\n\n\n\n<p><strong>Bassein<\/strong>&nbsp;pikkus on 6,8 m, s\u00fcgavus basseini madalamas osas 1.11 cm ja s\u00fcgavamas osas 1,24 cm , veetemperatuur on 32\u00b0C) &nbsp;<strong>Basseini kasutamisel juhindu&nbsp; olevatest selgitavatest viitadest ja m\u00e4rkidest.<\/strong><\/p>\n\n\n\n<p><strong>Lapsed v\u00f5ivad kasutada basseini ainult t\u00e4iskasvanu juuresolekul ja vastutusel.<\/strong><\/p>\n\n\n\n<ul class=\"wp-block-list\">\n<li><strong>Vetteh\u00fcpped on keelatud!<\/strong><\/li>\n\n\n\n<li><strong>Filmimine ning fotoj\u00e4\u00e4dvustamine on rangelt keelatud!<\/strong><\/li>\n<\/ul>\n\n\n\n<p><strong><u>LIHTSAD REEGLID BASSEINI MINEKUKS<\/u><\/strong><\/p>\n\n\n\n<ul class=\"wp-block-list\">\n<li><strong>PALUN PESKE ENNE UJUMA MINEKUT OMA KEHA PALJALT (ILMA RIIETETA)!<\/strong><\/li>\n\n\n\n<li>Juuste v\u00e4rvimine, erinevate kehahooldusvahendite m\u00e4\u00e4rimine ning raseerimine on keelatud \u2013 see on ebaeetiline.<\/li>\n\n\n\n<li><strong>&nbsp;PALUN SIDUGE KINNI (PATSI) OMA LAHTISED JUUKSED V\u00d5I KASUTAGE UJUMISM\u00dcTSI !<\/strong><\/li>\n\n\n\n<li><strong>\u00c4ra kiirusta ja jookse!&nbsp;<\/strong>Liigu riietusruumides, basseini ja du\u0161\u0161iruumis kiirustamata \u2013 m\u00e4rjal p\u00f5randal kiirustamine\/jooksmine on ohtlik.<\/li>\n<\/ul>\n\n\n\n<ul class=\"wp-block-list\">\n<li><strong>Beebide<\/strong> puhul n\u00f5utav <strong>ujumism\u00e4hkme<\/strong> kasutamine.<\/li>\n\n\n\n<li><strong>K\u00f5igil ujujatel<\/strong>, ka v\u00e4ikelastel, <strong>on kohustuslik kanda ujumisriideid.<\/strong> Soovitatav on ujuda traditsioonilistes ujumistrikoodes ja -p\u00fckstes.<\/li>\n\n\n\n<li>\u00c4ra tule basseini ebakaines olekus! V\u00e4\u00e4tsa Lasteaed soosib tervislikke eluviise ning seet\u00f5ttu ei ole suitsetamine ja alkoholi tarbimine lubatud.<\/li>\n\n\n\n<li>Palun k\u00fclasta meid kui oled terve, haigusn\u00e4htudega p\u00fcsi kodus.<\/li>\n<\/ul>\n\n\n\n<ul class=\"wp-block-list\">\n<li>Unustatud ja kaotatud esemed, mis leitakse hoitakse alles kaks (2) kuud, peale mida need utiliseeritakse.<\/li>\n\n\n\n<li>Probleemide tekkimisel p\u00f6\u00f6rdu <strong>majaperenaise Maiu Juht (mobiil 51924454) poole.<\/strong><\/li>\n<\/ul>\n<\/div>\n\n\n\n<div data-wp-interactive=\"core\/file\" class=\"wp-block-file\"><object data-wp-bind--hidden=\"!state.hasPdfPreview\" hidden class=\"wp-block-file__embed\" data=\"http:\/\/lasteaed.vaatsa.ee\/wp-content\/uploads\/2023\/11\/Korraldus_nr_347-1.pdf\" type=\"application\/pdf\" style=\"width:100%;height:600px\" aria-label=\"Lisa Korraldus_nr_347-1.\"><\/object><a id=\"wp-block-file--media-b4a6b02d-a0a7-4b0b-99f4-09c1ff3d3646\" href=\"http:\/\/lasteaed.vaatsa.ee\/wp-content\/uploads\/2023\/11\/Korraldus_nr_347-1.pdf\">Korraldus_nr_347-1<\/a><a href=\"http:\/\/lasteaed.vaatsa.ee\/wp-content\/uploads\/2023\/11\/Korraldus_nr_347-1.pdf\" class=\"wp-block-file__button wp-element-button\" download aria-describedby=\"wp-block-file--media-b4a6b02d-a0a7-4b0b-99f4-09c1ff3d3646\">Laadi alla<\/a><\/div>\n","protected":false},"excerpt":{"rendered":"<p>Suvekuudel on bassein suletud! BASSEINI KASUTAMISE KORD Bassein&nbsp;pikkus on 6,8 m, s\u00fcgavus basseini madalamas osas 1.11 cm ja s\u00fcgavamas osas [&hellip;]<\/p>\n","protected":false},"author":1,"featured_media":0,"parent":0,"menu_order":0,"comment_status":"closed","ping_status":"closed","template":"","meta":{"site-sidebar-layout":"default","site-content-layout":"","ast-site-content-layout":"default","site-content-style":"default","site-sidebar-style":"default","ast-global-header-display":"","ast-banner-title-visibility":"","ast-main-header-display":"","ast-hfb-above-header-display":"","ast-hfb-below-header-display":"","ast-hfb-mobile-header-display":"","site-post-title":"","ast-breadcrumbs-content":"","ast-featured-img":"","footer-sml-layout":"","ast-disable-related-posts":"","theme-transparent-header-meta":"","adv-header-id-meta":"","stick-header-meta":"","header-above-stick-meta":"","header-main-stick-meta":"","header-below-stick-meta":"","astra-migrate-meta-layouts":"default","ast-page-background-enabled":"default","ast-page-background-meta":{"desktop":{"background-color":"var(--ast-global-color-5)","background-image":"","background-repeat":"repeat","background-position":"center center","background-size":"auto","background-attachment":"scroll","background-type":"","background-media":"","overlay-type":"","overlay-color":"","overlay-opacity":"","overlay-gradient":""},"tablet":{"background-color":"","background-image":"","background-repeat":"repeat","background-position":"center center","background-size":"auto","background-attachment":"scroll","background-type":"","background-media":"","overlay-type":"","overlay-color":"","overlay-opacity":"","overlay-gradient":""},"mobile":{"background-color":"","background-image":"","background-repeat":"repeat","background-position":"center center","background-size":"auto","background-attachment":"scroll","background-type":"","background-media":"","overlay-type":"","overlay-color":"","overlay-opacity":"","overlay-gradient":""}},"ast-content-background-meta":{"desktop":{"background-color":"var(--ast-global-color-4)","background-image":"","background-repeat":"repeat","background-position":"center center","background-size":"auto","background-attachment":"scroll","background-type":"","background-media":"","overlay-type":"","overlay-color":"","overlay-opacity":"","overlay-gradient":""},"tablet":{"background-color":"var(--ast-global-color-4)","background-image":"","background-repeat":"repeat","background-position":"center center","background-size":"auto","background-attachment":"scroll","background-type":"","background-media":"","overlay-type":"","overlay-color":"","overlay-opacity":"","overlay-gradient":""},"mobile":{"background-color":"var(--ast-global-color-4)","background-image":"","background-repeat":"repeat","background-position":"center center","background-size":"auto","background-attachment":"scroll","background-type":"","background-media":"","overlay-type":"","overlay-color":"","overlay-opacity":"","overlay-gradient":""}},"footnotes":""},"class_list":["post-3991","page","type-page","status-publish","hentry"],"_links":{"self":[{"href":"http:\/\/lasteaed.vaatsa.ee\/index.php\/wp-json\/wp\/v2\/pages\/3991","targetHints":{"allow":["GET"]}}],"collection":[{"href":"http:\/\/lasteaed.vaatsa.ee\/index.php\/wp-json\/wp\/v2\/pages"}],"about":[{"href":"http:\/\/lasteaed.vaatsa.ee\/index.php\/wp-json\/wp\/v2\/types\/page"}],"author":[{"embeddable":true,"href":"http:\/\/lasteaed.vaatsa.ee\/index.php\/wp-json\/wp\/v2\/users\/1"}],"replies":[{"embeddable":true,"href":"http:\/\/lasteaed.vaatsa.ee\/index.php\/wp-json\/wp\/v2\/comments?post=3991"}],"version-history":[{"count":6,"href":"http:\/\/lasteaed.vaatsa.ee\/index.php\/wp-json\/wp\/v2\/pages\/3991\/revisions"}],"predecessor-version":[{"id":4109,"href":"http:\/\/lasteaed.vaatsa.ee\/index.php\/wp-json\/wp\/v2\/pages\/3991\/revisions\/4109"}],"wp:attachment":[{"href":"http:\/\/lasteaed.vaatsa.ee\/index.php\/wp-json\/wp\/v2\/media?parent=3991"}],"curies":[{"name":"wp","href":"https:\/\/api.w.org\/{rel}","templated":true}]}}