{"id":4203,"date":"2024-12-18T11:18:37","date_gmt":"2024-12-18T11:18:37","guid":{"rendered":"http:\/\/lasteaed.vaatsa.ee\/?page_id=4203"},"modified":"2026-01-08T12:01:01","modified_gmt":"2026-01-08T12:01:01","slug":"roheline-kool","status":"publish","type":"page","link":"http:\/\/lasteaed.vaatsa.ee\/index.php\/roheline-kool\/","title":{"rendered":"Roheline Kool"},"content":{"rendered":"\n<p><\/p>\n\n\n\n<figure class=\"wp-block-image size-large\"><a href=\"http:\/\/lasteaed.vaatsa.ee\/wp-content\/uploads\/2025\/08\/RK_lipp_lasteaed_veebi_1920x1080px-1.png\"><img fetchpriority=\"high\" decoding=\"async\" width=\"1024\" height=\"576\" src=\"http:\/\/lasteaed.vaatsa.ee\/wp-content\/uploads\/2025\/08\/RK_lipp_lasteaed_veebi_1920x1080px-1-1024x576.png\" alt=\"\" class=\"wp-image-4413\" srcset=\"http:\/\/lasteaed.vaatsa.ee\/wp-content\/uploads\/2025\/08\/RK_lipp_lasteaed_veebi_1920x1080px-1-1024x576.png 1024w, http:\/\/lasteaed.vaatsa.ee\/wp-content\/uploads\/2025\/08\/RK_lipp_lasteaed_veebi_1920x1080px-1-300x169.png 300w, http:\/\/lasteaed.vaatsa.ee\/wp-content\/uploads\/2025\/08\/RK_lipp_lasteaed_veebi_1920x1080px-1-768x432.png 768w, http:\/\/lasteaed.vaatsa.ee\/wp-content\/uploads\/2025\/08\/RK_lipp_lasteaed_veebi_1920x1080px-1-1536x864.png 1536w, http:\/\/lasteaed.vaatsa.ee\/wp-content\/uploads\/2025\/08\/RK_lipp_lasteaed_veebi_1920x1080px-1.png 1920w\" sizes=\"(max-width: 1024px) 100vw, 1024px\" \/><\/a><\/figure>\n\n\n\n<p>Rohelise kooli programm toob keskkonnahoidliku m\u00f5tteviisi ja tegutsemist \u00f5ppeasutustesse. Programm pakub \u00f5ppematerjale, meetodeid ning suuniseid, kuidas l\u00f5imida keskkonnaharidust k\u00f5igisse \u00f5ppeainetesse ja tegevustesse. Loe lisaks: <a href=\"https:\/\/rohelinekool.ee\/\">https:\/\/rohelinekool.ee\/<\/a><\/p>\n\n\n\n<p><strong>V\u00c4\u00c4TSA LASTEAIA KESKKONNAP\u00d5HIM\u00d5TTED<\/strong><\/p>\n\n\n\n<p>J\u00e4rjepideva keskkonnahariduse andmisega kasvatame teadlikud ning keskkonda v\u00e4\u00e4rtustavaid ja hoidvaid inimesi- sorteerime igap\u00e4evaselt pr\u00fcgi, komposteerime bioj\u00e4\u00e4tmeid, k\u00e4ime kaks korda aastas lasteaiast v\u00e4ljas pr\u00fcgi korjamas, juhime laste t\u00e4helepanu vee s\u00e4\u00e4stmise olulisusele (vihmavee korjamine kastmiseks ning kraanivee s\u00e4\u00e4stmine k\u00e4te-ja hambapesul).<\/p>\n\n\n\n<p>Oleme terved ja tugevad- men\u00fc\u00fc koostamisel v\u00e4hendame suhkru tarbimist, toidu valmistamisel kasutame rohkem kohalikke ning mahetooteid. Kokkame koos lastega, \u00f5petame selle k\u00e4igus toiduh\u00fcgieeni esimesi t\u00f5desid, juhime t\u00e4helepanu ohutusele, toiduj\u00e4\u00e4tmete v\u00e4hendamise olulisusele. Kasvatame endale taimekastides ja kasvuhoones v\u00e4rskeid k\u00f6\u00f6givilju ja maitsetaimi. Suvel ja s\u00fcgisel korjame aiast \u00f5unu ja marju, s\u00f6\u00f6me neid v\u00e4rskelt ja valmistame tervislikke hoidiseid.<\/p>\n\n\n\n<p>Liigume palju aastaringselt. Propageerime autovaba liikumist lasteaeda ja koju, r\u00e4\u00e4gime heitgaaside v\u00e4hendamise olulisusest. K\u00e4ime palju \u00f5ppek\u00e4ikudel ja matkadel lasteaiast v\u00e4ljas. Talvel suusatame ning \u00f5pime ujumise algt\u00f5desid lasteaia basseinis.<\/p>\n\n\n\n<p>Kui v\u00f5imalik, siis taaskasutame olemasolevat. Vahetame r\u00fchmade vahel m\u00e4nguasju ja varuriideid vastavalt laste vanusele, taaskasutame paberit, kasutame tr\u00fckikodades \u00fclej\u00e4\u00e4vaid paberij\u00e4\u00e4ke (koost\u00f6\u00f6 AS Kumaga).<\/p>\n\n\n\n<p>Hoiame ja aitame loomi, linde, putukaid. Igal aastal j\u00e4tame osa aiast niitmata, et v\u00f5imaldada putukatele paremaid elutingimusi, samuti rajame igal aastal putukate peenart. Talvel s\u00f6\u00f6dame paigalinde ning suvel tagame neile ohutu joogin\u00f5u olemasolu. Igal talvel k\u00e4ime metsas tutvumas metsloomade j\u00e4lgedega ning viime neile toitu. Kevadel ja suvel kasvatame lasteaias kanu, lapsed osalevad nende eest hoolitsemisel ning saavad tutvuda kodulindude eluviisiga.<\/p>\n\n\n\n<figure class=\"wp-block-image size-large\"><a href=\"http:\/\/lasteaed.vaatsa.ee\/wp-content\/uploads\/2025\/04\/vaatsa-lasteaia-keskkonna-pohimotted.png\"><img decoding=\"async\" width=\"724\" height=\"1024\" src=\"http:\/\/lasteaed.vaatsa.ee\/wp-content\/uploads\/2025\/04\/vaatsa-lasteaia-keskkonna-pohimotted-724x1024.png\" alt=\"\" class=\"wp-image-4364\" srcset=\"http:\/\/lasteaed.vaatsa.ee\/wp-content\/uploads\/2025\/04\/vaatsa-lasteaia-keskkonna-pohimotted-724x1024.png 724w, http:\/\/lasteaed.vaatsa.ee\/wp-content\/uploads\/2025\/04\/vaatsa-lasteaia-keskkonna-pohimotted-212x300.png 212w, http:\/\/lasteaed.vaatsa.ee\/wp-content\/uploads\/2025\/04\/vaatsa-lasteaia-keskkonna-pohimotted-768x1086.png 768w, http:\/\/lasteaed.vaatsa.ee\/wp-content\/uploads\/2025\/04\/vaatsa-lasteaia-keskkonna-pohimotted-1086x1536.png 1086w, http:\/\/lasteaed.vaatsa.ee\/wp-content\/uploads\/2025\/04\/vaatsa-lasteaia-keskkonna-pohimotted-1448x2048.png 1448w, http:\/\/lasteaed.vaatsa.ee\/wp-content\/uploads\/2025\/04\/vaatsa-lasteaia-keskkonna-pohimotted.png 1587w\" sizes=\"(max-width: 724px) 100vw, 724px\" \/><\/a><\/figure>\n\n\n\n<p><strong>ROHELISE KOOLI MEESKONNA LIIKMED<\/strong><\/p>\n\n\n\n<p>Meie meeskonna moodustavad k\u00f5ik lasteaias t\u00f6\u00f6tavad \u00f5petajad (ka liikumis- ja muusika\u00f5petaja), lisaks kuulub meeskonda juhtkonna esindaja, lapsevanematest hoolekogu esindaja. K\u00f5ik \u00f5petajad juhivad t\u00f6\u00f6gruppi, mis toetavad oma tegevusega Rohelise kooli meeskonna tegevust ning p\u00f5him\u00f5tete elluviimist.  Lapsed on kaasatud l\u00e4bi arutelude hommikuringides, tagasisidestamine toimub r\u00fchma\u00f5petajate kaudu. Koosolekud toimuvad vastavalt vajadusele, kuid v\u00e4hemalt korra poolaasta jooksul, infot tulevaste s\u00fcndmuste ning projektide kohta jagatakse jooksvalt ELIIS-keskkonnas. <\/p>\n\n\n\n<p><strong>DOKUMENTATSIOON<\/strong><\/p>\n\n\n\n<p>Rohelise kooli tegevuskava koostatakse enne \u00f5ppeaasta algust ning p\u00f5hir\u00f5hk tegevuse planeerimisel on kolmel aasta p\u00f5hiteemal. 2024\/2025 aastal on V\u00e4\u00e4tsa Lasteaia fookus teemadel- toit, tervis ja heaolu, globaalne kodakondsus. Tegevuskavas kajastatakse ka teisi Rohelise kooli teemade \u00fcritusi. Tegevuskava planeerimisel v\u00f5etakse arvesse lasteaia keskkonnaanal\u00fc\u00fcsi tulemusi ning meeskonna eelistusi.  Anal\u00fc\u00fcs viiakse l\u00e4bi intervjuu v\u00f5i k\u00fcsitluse vormis lapsevanemate, lasteaia personali ning lastega. Kokkuv\u00f5tted anal\u00fc\u00fcsist teeb meeskonna juht. Rohelise kooli \u00fcritusi kajastatakse lasteaia Facebooki lehel ning osaliselt Rohelise kooli v\u00f5rgustiku Facebooki lehel. <\/p>\n\n\n\n<p><strong>TEGEVUSKAVA<\/strong><\/p>\n\n\n\n<div data-wp-interactive=\"core\/file\" class=\"wp-block-file\"><object data-wp-bind--hidden=\"!state.hasPdfPreview\" hidden class=\"wp-block-file__embed\" data=\"http:\/\/lasteaed.vaatsa.ee\/wp-content\/uploads\/2026\/01\/Rohelise-kooli-tegevuskava-Vaatsa-2025-2026.pdf\" type=\"application\/pdf\" style=\"width:100%;height:600px\" aria-label=\"Lisa Rohelise kooli tegevuskava V\u00e4\u00e4tsa - 2025-2026.\"><\/object><a id=\"wp-block-file--media-254e8f6c-618e-4129-8f6f-e48af84610a2\" href=\"http:\/\/lasteaed.vaatsa.ee\/wp-content\/uploads\/2026\/01\/Rohelise-kooli-tegevuskava-Vaatsa-2025-2026.pdf\">Rohelise kooli tegevuskava V\u00e4\u00e4tsa &#8211; 2025-2026<\/a><a href=\"http:\/\/lasteaed.vaatsa.ee\/wp-content\/uploads\/2026\/01\/Rohelise-kooli-tegevuskava-Vaatsa-2025-2026.pdf\" class=\"wp-block-file__button wp-element-button\" download aria-describedby=\"wp-block-file--media-254e8f6c-618e-4129-8f6f-e48af84610a2\">Laadi alla<\/a><\/div>\n\n\n\n<p><\/p>\n","protected":false},"excerpt":{"rendered":"<p>Rohelise kooli programm toob keskkonnahoidliku m\u00f5tteviisi ja tegutsemist \u00f5ppeasutustesse. Programm pakub \u00f5ppematerjale, meetodeid ning suuniseid, kuidas l\u00f5imida keskkonnaharidust k\u00f5igisse \u00f5ppeainetesse [&hellip;]<\/p>\n","protected":false},"author":1,"featured_media":0,"parent":0,"menu_order":0,"comment_status":"closed","ping_status":"closed","template":"","meta":{"site-sidebar-layout":"default","site-content-layout":"","ast-site-content-layout":"default","site-content-style":"default","site-sidebar-style":"default","ast-global-header-display":"","ast-banner-title-visibility":"","ast-main-header-display":"","ast-hfb-above-header-display":"","ast-hfb-below-header-display":"","ast-hfb-mobile-header-display":"","site-post-title":"","ast-breadcrumbs-content":"","ast-featured-img":"","footer-sml-layout":"","ast-disable-related-posts":"","theme-transparent-header-meta":"","adv-header-id-meta":"","stick-header-meta":"","header-above-stick-meta":"","header-main-stick-meta":"","header-below-stick-meta":"","astra-migrate-meta-layouts":"default","ast-page-background-enabled":"default","ast-page-background-meta":{"desktop":{"background-color":"var(--ast-global-color-5)","background-image":"","background-repeat":"repeat","background-position":"center center","background-size":"auto","background-attachment":"scroll","background-type":"","background-media":"","overlay-type":"","overlay-color":"","overlay-opacity":"","overlay-gradient":""},"tablet":{"background-color":"","background-image":"","background-repeat":"repeat","background-position":"center center","background-size":"auto","background-attachment":"scroll","background-type":"","background-media":"","overlay-type":"","overlay-color":"","overlay-opacity":"","overlay-gradient":""},"mobile":{"background-color":"","background-image":"","background-repeat":"repeat","background-position":"center center","background-size":"auto","background-attachment":"scroll","background-type":"","background-media":"","overlay-type":"","overlay-color":"","overlay-opacity":"","overlay-gradient":""}},"ast-content-background-meta":{"desktop":{"background-color":"var(--ast-global-color-4)","background-image":"","background-repeat":"repeat","background-position":"center center","background-size":"auto","background-attachment":"scroll","background-type":"","background-media":"","overlay-type":"","overlay-color":"","overlay-opacity":"","overlay-gradient":""},"tablet":{"background-color":"var(--ast-global-color-4)","background-image":"","background-repeat":"repeat","background-position":"center center","background-size":"auto","background-attachment":"scroll","background-type":"","background-media":"","overlay-type":"","overlay-color":"","overlay-opacity":"","overlay-gradient":""},"mobile":{"background-color":"var(--ast-global-color-4)","background-image":"","background-repeat":"repeat","background-position":"center center","background-size":"auto","background-attachment":"scroll","background-type":"","background-media":"","overlay-type":"","overlay-color":"","overlay-opacity":"","overlay-gradient":""}},"footnotes":""},"class_list":["post-4203","page","type-page","status-publish","hentry"],"_links":{"self":[{"href":"http:\/\/lasteaed.vaatsa.ee\/index.php\/wp-json\/wp\/v2\/pages\/4203","targetHints":{"allow":["GET"]}}],"collection":[{"href":"http:\/\/lasteaed.vaatsa.ee\/index.php\/wp-json\/wp\/v2\/pages"}],"about":[{"href":"http:\/\/lasteaed.vaatsa.ee\/index.php\/wp-json\/wp\/v2\/types\/page"}],"author":[{"embeddable":true,"href":"http:\/\/lasteaed.vaatsa.ee\/index.php\/wp-json\/wp\/v2\/users\/1"}],"replies":[{"embeddable":true,"href":"http:\/\/lasteaed.vaatsa.ee\/index.php\/wp-json\/wp\/v2\/comments?post=4203"}],"version-history":[{"count":16,"href":"http:\/\/lasteaed.vaatsa.ee\/index.php\/wp-json\/wp\/v2\/pages\/4203\/revisions"}],"predecessor-version":[{"id":4430,"href":"http:\/\/lasteaed.vaatsa.ee\/index.php\/wp-json\/wp\/v2\/pages\/4203\/revisions\/4430"}],"wp:attachment":[{"href":"http:\/\/lasteaed.vaatsa.ee\/index.php\/wp-json\/wp\/v2\/media?parent=4203"}],"curies":[{"name":"wp","href":"https:\/\/api.w.org\/{rel}","templated":true}]}}