{"id":4309,"date":"2025-02-17T04:43:07","date_gmt":"2025-02-17T04:43:07","guid":{"rendered":"http:\/\/lasteaed.vaatsa.ee\/?page_id=4309"},"modified":"2025-08-04T12:37:09","modified_gmt":"2025-08-04T12:37:09","slug":"e-twinning","status":"publish","type":"page","link":"http:\/\/lasteaed.vaatsa.ee\/index.php\/e-twinning\/","title":{"rendered":"e-Twinning"},"content":{"rendered":"\n<figure class=\"wp-block-image size-large\"><a href=\"http:\/\/lasteaed.vaatsa.ee\/wp-content\/uploads\/2025\/08\/Pictures-for-recognition-page3.png\"><img fetchpriority=\"high\" decoding=\"async\" width=\"1024\" height=\"427\" src=\"http:\/\/lasteaed.vaatsa.ee\/wp-content\/uploads\/2025\/08\/Pictures-for-recognition-page3-1024x427.png\" alt=\"\" class=\"wp-image-4415\" srcset=\"http:\/\/lasteaed.vaatsa.ee\/wp-content\/uploads\/2025\/08\/Pictures-for-recognition-page3-1024x427.png 1024w, http:\/\/lasteaed.vaatsa.ee\/wp-content\/uploads\/2025\/08\/Pictures-for-recognition-page3-300x125.png 300w, http:\/\/lasteaed.vaatsa.ee\/wp-content\/uploads\/2025\/08\/Pictures-for-recognition-page3-768x320.png 768w, http:\/\/lasteaed.vaatsa.ee\/wp-content\/uploads\/2025\/08\/Pictures-for-recognition-page3-1536x641.png 1536w, http:\/\/lasteaed.vaatsa.ee\/wp-content\/uploads\/2025\/08\/Pictures-for-recognition-page3-2048x855.png 2048w, http:\/\/lasteaed.vaatsa.ee\/wp-content\/uploads\/2025\/08\/Pictures-for-recognition-page3-1140x475.png 1140w\" sizes=\"(max-width: 1024px) 100vw, 1024px\" \/><\/a><\/figure>\n\n\n\n<p>V\u00e4\u00e4tsa Lasteaeda tunnustati 2025. a eTwinningu kooli m\u00e4rgisega.<\/p>\n\n\n\n<p>eTwinning on lasteaia-, \u00fcldharidus- ja kutsekoolide \u00f5petajatele m\u00f5eldud virtuaalne platvorm ning koost\u00f6\u00f6v\u00f5rgustik. See v\u00f5imaldab \u00f5ppida nii Eesti kui ka v\u00e4lismaa kolleegidelt, jagada h\u00e4id kogemusi ning osaleda koos lastega rahvusvahelistes \u00f5piprojektides. Koost\u00f6\u00f6d saab teha \u00fcle 40 riigi kooli v\u00f5i lasteaiaga \u00fcle Euroopa. <\/p>\n\n\n\n<div data-wp-interactive=\"core\/file\" class=\"wp-block-file\"><object data-wp-bind--hidden=\"!state.hasPdfPreview\" hidden class=\"wp-block-file__embed\" data=\"http:\/\/lasteaed.vaatsa.ee\/wp-content\/uploads\/2025\/02\/e-Twinning.pdf\" type=\"application\/pdf\" style=\"width:100%;height:600px\" aria-label=\"Lisa e-Twinning.\"><\/object><a id=\"wp-block-file--media-45b568a4-e2d4-4481-bb0c-15d158d27d68\" href=\"http:\/\/lasteaed.vaatsa.ee\/wp-content\/uploads\/2025\/02\/e-Twinning.pdf\">e-Twinning<\/a><a href=\"http:\/\/lasteaed.vaatsa.ee\/wp-content\/uploads\/2025\/02\/e-Twinning.pdf\" class=\"wp-block-file__button wp-element-button\" download aria-describedby=\"wp-block-file--media-45b568a4-e2d4-4481-bb0c-15d158d27d68\">Laadi alla<\/a><\/div>\n\n\n\n<p><\/p>\n","protected":false},"excerpt":{"rendered":"<p>V\u00e4\u00e4tsa Lasteaeda tunnustati 2025. a eTwinningu kooli m\u00e4rgisega. eTwinning on lasteaia-, \u00fcldharidus- ja kutsekoolide \u00f5petajatele m\u00f5eldud virtuaalne platvorm ning koost\u00f6\u00f6v\u00f5rgustik. See v\u00f5imaldab \u00f5ppida nii Eesti kui ka v\u00e4lismaa kolleegidelt, jagada h\u00e4id kogemusi ning osaleda koos lastega rahvusvahelistes \u00f5piprojektides. Koost\u00f6\u00f6d saab &hellip; <\/p>\n","protected":false},"author":1,"featured_media":0,"parent":0,"menu_order":0,"comment_status":"closed","ping_status":"closed","template":"","meta":{"footnotes":""},"class_list":["post-4309","page","type-page","status-publish","hentry"],"_links":{"self":[{"href":"http:\/\/lasteaed.vaatsa.ee\/index.php\/wp-json\/wp\/v2\/pages\/4309","targetHints":{"allow":["GET"]}}],"collection":[{"href":"http:\/\/lasteaed.vaatsa.ee\/index.php\/wp-json\/wp\/v2\/pages"}],"about":[{"href":"http:\/\/lasteaed.vaatsa.ee\/index.php\/wp-json\/wp\/v2\/types\/page"}],"author":[{"embeddable":true,"href":"http:\/\/lasteaed.vaatsa.ee\/index.php\/wp-json\/wp\/v2\/users\/1"}],"replies":[{"embeddable":true,"href":"http:\/\/lasteaed.vaatsa.ee\/index.php\/wp-json\/wp\/v2\/comments?post=4309"}],"version-history":[{"count":4,"href":"http:\/\/lasteaed.vaatsa.ee\/index.php\/wp-json\/wp\/v2\/pages\/4309\/revisions"}],"predecessor-version":[{"id":4418,"href":"http:\/\/lasteaed.vaatsa.ee\/index.php\/wp-json\/wp\/v2\/pages\/4309\/revisions\/4418"}],"wp:attachment":[{"href":"http:\/\/lasteaed.vaatsa.ee\/index.php\/wp-json\/wp\/v2\/media?parent=4309"}],"curies":[{"name":"wp","href":"https:\/\/api.w.org\/{rel}","templated":true}]}}