{"id":4444,"date":"2026-03-15T16:05:18","date_gmt":"2026-03-15T16:05:18","guid":{"rendered":"http:\/\/lasteaed.vaatsa.ee\/?page_id=4444"},"modified":"2026-04-13T19:05:37","modified_gmt":"2026-04-13T19:05:37","slug":"esileht","status":"publish","type":"page","link":"http:\/\/lasteaed.vaatsa.ee\/","title":{"rendered":"Esileht"},"content":{"rendered":"\t\t<div data-elementor-type=\"wp-page\" data-elementor-id=\"4444\" class=\"elementor elementor-4444\">\n\t\t\t\t<div class=\"elementor-element elementor-element-23a97bd e-con-full e-flex e-con e-parent\" data-id=\"23a97bd\" data-element_type=\"container\" data-e-type=\"container\" data-settings=\"{&quot;background_background&quot;:&quot;classic&quot;}\">\n\t\t\t\t<div class=\"elementor-element elementor-element-638b22b elementor-widget__width-initial elementor-widget elementor-widget-heading\" data-id=\"638b22b\" data-element_type=\"widget\" data-e-type=\"widget\" data-widget_type=\"heading.default\">\n\t\t\t\t\t<h1 class=\"elementor-heading-title elementor-size-default\">V\u00e4\u00e4tsa Lasteaed <span style=\"color:#F9C80E\"><br>Paik\u00e4pp<\/span><\/h1>\t\t\t\t<\/div>\n\t\t\t\t<\/div>\n\t\t<div class=\"elementor-element elementor-element-6712d78 e-flex e-con-boxed e-con e-parent\" data-id=\"6712d78\" data-element_type=\"container\" data-e-type=\"container\">\n\t\t\t\t\t<div class=\"e-con-inner\">\n\t\t<div class=\"elementor-element elementor-element-e0f6f2b e-con-full e-flex e-con e-child\" data-id=\"e0f6f2b\" data-element_type=\"container\" data-e-type=\"container\">\n\t\t\t\t<div class=\"elementor-element elementor-element-e1e69a7 elementor-widget elementor-widget-heading\" data-id=\"e1e69a7\" data-element_type=\"widget\" data-e-type=\"widget\" data-widget_type=\"heading.default\">\n\t\t\t\t\t<h2 class=\"elementor-heading-title elementor-size-default\">Meie lasteaiast<\/h2>\t\t\t\t<\/div>\n\t\t\t\t<div class=\"elementor-element elementor-element-83e711c elementor-widget elementor-widget-text-editor\" data-id=\"83e711c\" data-element_type=\"widget\" data-e-type=\"widget\" data-widget_type=\"text-editor.default\">\n\t\t\t\t\t\t\t\t\t<p>V\u00e4\u00e4tsa Lasteaed Paik\u00e4pp keskendub kodukoha ja looduskeskkonna v\u00e4\u00e4rtustamisele, toetades seda \u00f5ues\u00f5ppe metoodikaga. Seame esiplaanile liikumise ja tervislike eluviiside kujundamise, loome lapse arengut toetava ning inspireeriva kasvukeskkonna. Koost\u00f6\u00f6s perega aitame kaasa lapse igak\u00fclgse ja harmoonilisele arengule ning samuti p\u00f6\u00f6rame erilist t\u00e4helepanu digitaalse \u00f5ppe integreerimisele.<\/p>\t\t\t\t\t\t\t\t<\/div>\n\t\t\t\t<div class=\"elementor-element elementor-element-db2ccc6 elementor-widget elementor-widget-button\" data-id=\"db2ccc6\" data-element_type=\"widget\" data-e-type=\"widget\" data-widget_type=\"button.default\">\n\t\t\t\t\t\t\t\t\t\t<a class=\"elementor-button elementor-button-link elementor-size-sm\" href=\"http:\/\/lasteaed.vaatsa.ee\/index.php\/lasteaiast-uus\/\">\n\t\t\t\t\t\t<span class=\"elementor-button-content-wrapper\">\n\t\t\t\t\t\t\t\t\t<span class=\"elementor-button-text\">Loe rohkem<\/span>\n\t\t\t\t\t<\/span>\n\t\t\t\t\t<\/a>\n\t\t\t\t\t\t\t\t<\/div>\n\t\t\t\t<div class=\"elementor-element elementor-element-588a9c7 elementor-position-inline-start elementor-mobile-position-inline-start elementor-view-default elementor-widget elementor-widget-icon-box\" data-id=\"588a9c7\" data-element_type=\"widget\" data-e-type=\"widget\" data-widget_type=\"icon-box.default\">\n\t\t\t\t\t\t\t<div class=\"elementor-icon-box-wrapper\">\n\n\t\t\t\t\t\t<div class=\"elementor-icon-box-icon\">\n\t\t\t\t<a href=\"https:\/\/www.facebook.com\/paikapp\" class=\"elementor-icon\" tabindex=\"-1\" aria-label=\"J\u00e4lgi meie tegemisi\">\n\t\t\t\t<svg aria-hidden=\"true\" class=\"e-font-icon-svg e-fab-facebook\" viewBox=\"0 0 512 512\" xmlns=\"http:\/\/www.w3.org\/2000\/svg\"><path d=\"M504 256C504 119 393 8 256 8S8 119 8 256c0 123.78 90.69 226.38 209.25 245V327.69h-63V256h63v-54.64c0-62.15 37-96.48 93.67-96.48 27.14 0 55.52 4.84 55.52 4.84v61h-31.28c-30.8 0-40.41 19.12-40.41 38.73V256h68.78l-11 71.69h-57.78V501C413.31 482.38 504 379.78 504 256z\"><\/path><\/svg>\t\t\t\t<\/a>\n\t\t\t<\/div>\n\t\t\t\n\t\t\t\t\t\t<div class=\"elementor-icon-box-content\">\n\n\t\t\t\t\t\t\t\t\t<h3 class=\"elementor-icon-box-title\">\n\t\t\t\t\t\t<a href=\"https:\/\/www.facebook.com\/paikapp\" >\n\t\t\t\t\t\t\tJ\u00e4lgi meie tegemisi\t\t\t\t\t\t<\/a>\n\t\t\t\t\t<\/h3>\n\t\t\t\t\n\t\t\t\t\n\t\t\t<\/div>\n\t\t\t\n\t\t<\/div>\n\t\t\t\t\t\t<\/div>\n\t\t\t\t<\/div>\n\t\t<div class=\"elementor-element elementor-element-058d630 e-con-full e-flex e-con e-child\" data-id=\"058d630\" data-element_type=\"container\" data-e-type=\"container\">\n\t\t\t\t<div class=\"elementor-element elementor-element-72c990d elementor-widget elementor-widget-image\" data-id=\"72c990d\" data-element_type=\"widget\" data-e-type=\"widget\" data-widget_type=\"image.default\">\n\t\t\t\t\t\t\t\t\t\t\t\t\t\t\t<img fetchpriority=\"high\" decoding=\"async\" width=\"1024\" height=\"768\" src=\"http:\/\/lasteaed.vaatsa.ee\/wp-content\/uploads\/2022\/01\/IMG_5251-1024x768.jpeg\" class=\"attachment-large size-large wp-image-3662\" alt=\"\" srcset=\"http:\/\/lasteaed.vaatsa.ee\/wp-content\/uploads\/2022\/01\/IMG_5251-1024x768.jpeg 1024w, http:\/\/lasteaed.vaatsa.ee\/wp-content\/uploads\/2022\/01\/IMG_5251-300x225.jpeg 300w, http:\/\/lasteaed.vaatsa.ee\/wp-content\/uploads\/2022\/01\/IMG_5251-768x576.jpeg 768w, http:\/\/lasteaed.vaatsa.ee\/wp-content\/uploads\/2022\/01\/IMG_5251-1536x1152.jpeg 1536w, http:\/\/lasteaed.vaatsa.ee\/wp-content\/uploads\/2022\/01\/IMG_5251.jpeg 2048w\" sizes=\"(max-width: 1024px) 100vw, 1024px\" \/>\t\t\t\t\t\t\t\t\t\t\t\t\t\t\t<\/div>\n\t\t\t\t<\/div>\n\t\t\t\t\t<\/div>\n\t\t\t\t<\/div>\n\t\t<div class=\"elementor-element elementor-element-a4ad950 e-flex e-con-boxed e-con e-parent\" data-id=\"a4ad950\" data-element_type=\"container\" data-e-type=\"container\" data-settings=\"{&quot;background_background&quot;:&quot;classic&quot;}\">\n\t\t\t\t\t<div class=\"e-con-inner\">\n\t\t<div class=\"elementor-element elementor-element-f07b355 e-con-full e-flex e-con e-child\" data-id=\"f07b355\" data-element_type=\"container\" data-e-type=\"container\">\n\t\t\t\t<div class=\"elementor-element elementor-element-1f4e24e elementor-widget elementor-widget-image\" data-id=\"1f4e24e\" data-element_type=\"widget\" data-e-type=\"widget\" data-widget_type=\"image.default\">\n\t\t\t\t\t\t\t\t\t\t\t\t\t\t\t\t<a href=\"https:\/\/eliis.eu\/auth\/login\">\n\t\t\t\t\t\t\t<img decoding=\"async\" width=\"400\" height=\"132\" src=\"http:\/\/lasteaed.vaatsa.ee\/wp-content\/uploads\/2025\/01\/image-2.png\" class=\"attachment-large size-large wp-image-4241\" alt=\"\" srcset=\"http:\/\/lasteaed.vaatsa.ee\/wp-content\/uploads\/2025\/01\/image-2.png 400w, http:\/\/lasteaed.vaatsa.ee\/wp-content\/uploads\/2025\/01\/image-2-300x99.png 300w\" sizes=\"(max-width: 400px) 100vw, 400px\" \/>\t\t\t\t\t\t\t\t<\/a>\n\t\t\t\t\t\t\t\t\t\t\t\t\t\t\t<\/div>\n\t\t\t\t<\/div>\n\t\t<div class=\"elementor-element elementor-element-55596c1 e-con-full e-flex e-con e-child\" data-id=\"55596c1\" data-element_type=\"container\" data-e-type=\"container\">\n\t\t\t\t<div class=\"elementor-element elementor-element-d853f37 elementor-widget elementor-widget-heading\" data-id=\"d853f37\" data-element_type=\"widget\" data-e-type=\"widget\" data-widget_type=\"heading.default\">\n\t\t\t\t\t<h2 class=\"elementor-heading-title elementor-size-default\">Ole meie p\u00e4evaste tegemistega kursis<\/h2>\t\t\t\t<\/div>\n\t\t\t\t<div class=\"elementor-element elementor-element-8809993 elementor-widget elementor-widget-button\" data-id=\"8809993\" data-element_type=\"widget\" data-e-type=\"widget\" data-widget_type=\"button.default\">\n\t\t\t\t\t\t\t\t\t\t<a class=\"elementor-button elementor-button-link elementor-size-sm\" href=\"https:\/\/eliis.eu\/auth\/login\">\n\t\t\t\t\t\t<span class=\"elementor-button-content-wrapper\">\n\t\t\t\t\t\t\t\t\t<span class=\"elementor-button-text\">Sisenen Eliisi<\/span>\n\t\t\t\t\t<\/span>\n\t\t\t\t\t<\/a>\n\t\t\t\t\t\t\t\t<\/div>\n\t\t\t\t<\/div>\n\t\t\t\t\t<\/div>\n\t\t\t\t<\/div>\n\t\t<div class=\"elementor-element elementor-element-a9e7965 e-flex e-con-boxed e-con e-parent\" data-id=\"a9e7965\" data-element_type=\"container\" data-e-type=\"container\">\n\t\t\t\t\t<div class=\"e-con-inner\">\n\t\t<div class=\"elementor-element elementor-element-497f974 e-con-full e-flex e-con e-child\" data-id=\"497f974\" data-element_type=\"container\" data-e-type=\"container\">\n\t\t\t\t<div class=\"elementor-element elementor-element-1e4094a elementor-widget elementor-widget-image\" data-id=\"1e4094a\" data-element_type=\"widget\" data-e-type=\"widget\" data-widget_type=\"image.default\">\n\t\t\t\t\t\t\t\t\t\t\t\t\t\t\t<img decoding=\"async\" width=\"720\" height=\"720\" src=\"http:\/\/lasteaed.vaatsa.ee\/wp-content\/uploads\/2025\/01\/image-7.png\" class=\"attachment-large size-large wp-image-4247\" alt=\"\" srcset=\"http:\/\/lasteaed.vaatsa.ee\/wp-content\/uploads\/2025\/01\/image-7.png 720w, http:\/\/lasteaed.vaatsa.ee\/wp-content\/uploads\/2025\/01\/image-7-300x300.png 300w, http:\/\/lasteaed.vaatsa.ee\/wp-content\/uploads\/2025\/01\/image-7-150x150.png 150w, http:\/\/lasteaed.vaatsa.ee\/wp-content\/uploads\/2025\/01\/image-7-186x185.png 186w, http:\/\/lasteaed.vaatsa.ee\/wp-content\/uploads\/2025\/01\/image-7-220x220.png 220w, http:\/\/lasteaed.vaatsa.ee\/wp-content\/uploads\/2025\/01\/image-7-60x60.png 60w\" sizes=\"(max-width: 720px) 100vw, 720px\" \/>\t\t\t\t\t\t\t\t\t\t\t\t\t\t\t<\/div>\n\t\t\t\t<\/div>\n\t\t<div class=\"elementor-element elementor-element-c1ef547 e-con-full e-flex e-con e-child\" data-id=\"c1ef547\" data-element_type=\"container\" data-e-type=\"container\">\n\t\t\t\t<div class=\"elementor-element elementor-element-adc2733 elementor-widget elementor-widget-image\" data-id=\"adc2733\" data-element_type=\"widget\" data-e-type=\"widget\" data-widget_type=\"image.default\">\n\t\t\t\t\t\t\t\t\t\t\t\t\t\t\t<img loading=\"lazy\" decoding=\"async\" width=\"600\" height=\"400\" src=\"http:\/\/lasteaed.vaatsa.ee\/wp-content\/uploads\/2025\/01\/image-6.png\" class=\"attachment-large size-large wp-image-4245\" alt=\"\" srcset=\"http:\/\/lasteaed.vaatsa.ee\/wp-content\/uploads\/2025\/01\/image-6.png 600w, http:\/\/lasteaed.vaatsa.ee\/wp-content\/uploads\/2025\/01\/image-6-300x200.png 300w\" sizes=\"(max-width: 600px) 100vw, 600px\" \/>\t\t\t\t\t\t\t\t\t\t\t\t\t\t\t<\/div>\n\t\t\t\t<\/div>\n\t\t<div class=\"elementor-element elementor-element-b873d62 e-con-full e-flex e-con e-child\" data-id=\"b873d62\" data-element_type=\"container\" data-e-type=\"container\">\n\t\t\t\t<div class=\"elementor-element elementor-element-1f707db elementor-widget elementor-widget-image\" data-id=\"1f707db\" data-element_type=\"widget\" data-e-type=\"widget\" data-widget_type=\"image.default\">\n\t\t\t\t\t\t\t\t\t\t\t\t\t\t\t<img loading=\"lazy\" decoding=\"async\" width=\"261\" height=\"193\" src=\"http:\/\/lasteaed.vaatsa.ee\/wp-content\/uploads\/2025\/01\/image-3.png\" class=\"attachment-large size-large wp-image-4242\" alt=\"\" \/>\t\t\t\t\t\t\t\t\t\t\t\t\t\t\t<\/div>\n\t\t\t\t<\/div>\n\t\t<div class=\"elementor-element elementor-element-e4c7862 e-con-full e-flex e-con e-child\" data-id=\"e4c7862\" data-element_type=\"container\" data-e-type=\"container\">\n\t\t<div class=\"elementor-element elementor-element-9ebbc2f e-con-full e-flex e-con e-child\" data-id=\"9ebbc2f\" data-element_type=\"container\" data-e-type=\"container\">\n\t\t\t\t<div class=\"elementor-element elementor-element-7200776 elementor-widget elementor-widget-image\" data-id=\"7200776\" data-element_type=\"widget\" data-e-type=\"widget\" data-widget_type=\"image.default\">\n\t\t\t\t\t\t\t\t\t\t\t\t\t\t\t<img loading=\"lazy\" decoding=\"async\" width=\"450\" height=\"167\" src=\"http:\/\/lasteaed.vaatsa.ee\/wp-content\/uploads\/2025\/01\/image-8.png\" class=\"attachment-large size-large wp-image-4255\" alt=\"\" srcset=\"http:\/\/lasteaed.vaatsa.ee\/wp-content\/uploads\/2025\/01\/image-8.png 450w, http:\/\/lasteaed.vaatsa.ee\/wp-content\/uploads\/2025\/01\/image-8-300x111.png 300w\" sizes=\"(max-width: 450px) 100vw, 450px\" \/>\t\t\t\t\t\t\t\t\t\t\t\t\t\t\t<\/div>\n\t\t\t\t<\/div>\n\t\t\t\t<div class=\"elementor-element elementor-element-0d519af elementor-widget elementor-widget-image\" data-id=\"0d519af\" data-element_type=\"widget\" data-e-type=\"widget\" data-widget_type=\"image.default\">\n\t\t\t\t\t\t\t\t\t\t\t\t\t\t\t<img loading=\"lazy\" decoding=\"async\" width=\"1000\" height=\"474\" src=\"http:\/\/lasteaed.vaatsa.ee\/wp-content\/uploads\/2025\/01\/image-4.png\" class=\"attachment-large size-large wp-image-4243\" alt=\"\" srcset=\"http:\/\/lasteaed.vaatsa.ee\/wp-content\/uploads\/2025\/01\/image-4.png 1000w, http:\/\/lasteaed.vaatsa.ee\/wp-content\/uploads\/2025\/01\/image-4-300x142.png 300w, http:\/\/lasteaed.vaatsa.ee\/wp-content\/uploads\/2025\/01\/image-4-768x364.png 768w\" sizes=\"(max-width: 1000px) 100vw, 1000px\" \/>\t\t\t\t\t\t\t\t\t\t\t\t\t\t\t<\/div>\n\t\t\t\t<\/div>\n\t\t\t\t\t<\/div>\n\t\t\t\t<\/div>\n\t\t<div class=\"elementor-element elementor-element-07c6c48 e-flex e-con-boxed e-con e-parent\" data-id=\"07c6c48\" data-element_type=\"container\" data-e-type=\"container\">\n\t\t\t\t\t<div class=\"e-con-inner\">\n\t\t<div class=\"elementor-element elementor-element-685b902 e-con-full e-flex e-con e-child\" data-id=\"685b902\" data-element_type=\"container\" data-e-type=\"container\">\n\t\t\t\t<div class=\"elementor-element elementor-element-b35069d elementor-widget elementor-widget-image\" data-id=\"b35069d\" data-element_type=\"widget\" data-e-type=\"widget\" data-widget_type=\"image.default\">\n\t\t\t\t\t\t\t\t\t\t\t\t\t\t\t<img loading=\"lazy\" decoding=\"async\" width=\"245\" height=\"206\" src=\"http:\/\/lasteaed.vaatsa.ee\/wp-content\/uploads\/2025\/02\/image.png\" class=\"attachment-large size-large wp-image-4302\" alt=\"\" \/>\t\t\t\t\t\t\t\t\t\t\t\t\t\t\t<\/div>\n\t\t\t\t<\/div>\n\t\t<div class=\"elementor-element elementor-element-8cad932 e-con-full e-flex e-con e-child\" data-id=\"8cad932\" data-element_type=\"container\" data-e-type=\"container\">\n\t\t\t\t<div class=\"elementor-element elementor-element-23da153 elementor-widget elementor-widget-image\" data-id=\"23da153\" data-element_type=\"widget\" data-e-type=\"widget\" data-widget_type=\"image.default\">\n\t\t\t\t\t\t\t\t\t\t\t\t\t\t\t<img loading=\"lazy\" decoding=\"async\" width=\"225\" height=\"225\" src=\"http:\/\/lasteaed.vaatsa.ee\/wp-content\/uploads\/2025\/01\/image-5.png\" class=\"attachment-large size-large wp-image-4244\" alt=\"\" srcset=\"http:\/\/lasteaed.vaatsa.ee\/wp-content\/uploads\/2025\/01\/image-5.png 225w, http:\/\/lasteaed.vaatsa.ee\/wp-content\/uploads\/2025\/01\/image-5-150x150.png 150w, http:\/\/lasteaed.vaatsa.ee\/wp-content\/uploads\/2025\/01\/image-5-186x185.png 186w, http:\/\/lasteaed.vaatsa.ee\/wp-content\/uploads\/2025\/01\/image-5-220x220.png 220w, http:\/\/lasteaed.vaatsa.ee\/wp-content\/uploads\/2025\/01\/image-5-60x60.png 60w\" sizes=\"(max-width: 225px) 100vw, 225px\" \/>\t\t\t\t\t\t\t\t\t\t\t\t\t\t\t<\/div>\n\t\t\t\t<\/div>\n\t\t<div class=\"elementor-element elementor-element-8c6e2ef e-con-full e-flex e-con e-child\" data-id=\"8c6e2ef\" data-element_type=\"container\" data-e-type=\"container\">\n\t\t\t\t<div class=\"elementor-element elementor-element-6edf0a0 elementor-widget elementor-widget-image\" data-id=\"6edf0a0\" data-element_type=\"widget\" data-e-type=\"widget\" data-widget_type=\"image.default\">\n\t\t\t\t\t\t\t\t\t\t\t\t\t\t\t<img loading=\"lazy\" decoding=\"async\" width=\"600\" height=\"749\" src=\"http:\/\/lasteaed.vaatsa.ee\/wp-content\/uploads\/2025\/01\/image.png\" class=\"attachment-large size-large wp-image-4238\" alt=\"\" srcset=\"http:\/\/lasteaed.vaatsa.ee\/wp-content\/uploads\/2025\/01\/image.png 600w, http:\/\/lasteaed.vaatsa.ee\/wp-content\/uploads\/2025\/01\/image-240x300.png 240w\" sizes=\"(max-width: 600px) 100vw, 600px\" \/>\t\t\t\t\t\t\t\t\t\t\t\t\t\t\t<\/div>\n\t\t\t\t<\/div>\n\t\t<div class=\"elementor-element elementor-element-3b26ddb e-con-full e-flex e-con e-child\" data-id=\"3b26ddb\" data-element_type=\"container\" data-e-type=\"container\">\n\t\t\t\t<div class=\"elementor-element elementor-element-d49935f elementor-widget elementor-widget-image\" data-id=\"d49935f\" data-element_type=\"widget\" data-e-type=\"widget\" data-widget_type=\"image.default\">\n\t\t\t\t\t\t\t\t\t\t\t\t\t\t\t<img loading=\"lazy\" decoding=\"async\" width=\"600\" height=\"601\" src=\"http:\/\/lasteaed.vaatsa.ee\/wp-content\/uploads\/2025\/09\/parim-koolitoit-2025.png\" class=\"attachment-large size-large wp-image-4424\" alt=\"\" srcset=\"http:\/\/lasteaed.vaatsa.ee\/wp-content\/uploads\/2025\/09\/parim-koolitoit-2025.png 600w, http:\/\/lasteaed.vaatsa.ee\/wp-content\/uploads\/2025\/09\/parim-koolitoit-2025-300x300.png 300w, http:\/\/lasteaed.vaatsa.ee\/wp-content\/uploads\/2025\/09\/parim-koolitoit-2025-150x150.png 150w, http:\/\/lasteaed.vaatsa.ee\/wp-content\/uploads\/2025\/09\/parim-koolitoit-2025-186x185.png 186w, http:\/\/lasteaed.vaatsa.ee\/wp-content\/uploads\/2025\/09\/parim-koolitoit-2025-220x220.png 220w, http:\/\/lasteaed.vaatsa.ee\/wp-content\/uploads\/2025\/09\/parim-koolitoit-2025-60x60.png 60w\" sizes=\"(max-width: 600px) 100vw, 600px\" \/>\t\t\t\t\t\t\t\t\t\t\t\t\t\t\t<\/div>\n\t\t\t\t<\/div>\n\t\t<div class=\"elementor-element elementor-element-6cd5c95 e-con-full e-flex e-con e-child\" data-id=\"6cd5c95\" data-element_type=\"container\" data-e-type=\"container\">\n\t\t\t\t<div class=\"elementor-element elementor-element-439fdab elementor-widget elementor-widget-image\" data-id=\"439fdab\" data-element_type=\"widget\" data-e-type=\"widget\" data-widget_type=\"image.default\">\n\t\t\t\t\t\t\t\t\t\t\t\t\t\t\t<img decoding=\"async\" width=\"400\" height=\"132\" src=\"http:\/\/lasteaed.vaatsa.ee\/wp-content\/uploads\/2025\/01\/image-2.png\" class=\"attachment-large size-large wp-image-4241\" alt=\"\" srcset=\"http:\/\/lasteaed.vaatsa.ee\/wp-content\/uploads\/2025\/01\/image-2.png 400w, http:\/\/lasteaed.vaatsa.ee\/wp-content\/uploads\/2025\/01\/image-2-300x99.png 300w\" sizes=\"(max-width: 400px) 100vw, 400px\" \/>\t\t\t\t\t\t\t\t\t\t\t\t\t\t\t<\/div>\n\t\t\t\t<\/div>\n\t\t\t\t\t<\/div>\n\t\t\t\t<\/div>\n\t\t\t\t<\/div>\n\t\t","protected":false},"excerpt":{"rendered":"<p>V\u00e4\u00e4tsa Lasteaed Paik\u00e4pp Meie lasteaiast V\u00e4\u00e4tsa Lasteaed Paik\u00e4pp keskendub kodukoha ja looduskeskkonna v\u00e4\u00e4rtustamisele, toetades seda \u00f5ues\u00f5ppe metoodikaga. Seame esiplaanile liikumise [&hellip;]<\/p>\n","protected":false},"author":6,"featured_media":0,"parent":0,"menu_order":0,"comment_status":"closed","ping_status":"closed","template":"elementor_header_footer","meta":{"site-sidebar-layout":"no-sidebar","site-content-layout":"","ast-site-content-layout":"full-width-container","site-content-style":"default","site-sidebar-style":"default","ast-global-header-display":"","ast-banner-title-visibility":"","ast-main-header-display":"","ast-hfb-above-header-display":"","ast-hfb-below-header-display":"","ast-hfb-mobile-header-display":"","site-post-title":"disabled","ast-breadcrumbs-content":"","ast-featured-img":"","footer-sml-layout":"","ast-disable-related-posts":"","theme-transparent-header-meta":"","adv-header-id-meta":"","stick-header-meta":"","header-above-stick-meta":"","header-main-stick-meta":"","header-below-stick-meta":"","astra-migrate-meta-layouts":"default","ast-page-background-enabled":"default","ast-page-background-meta":{"desktop":{"background-color":"var(--ast-global-color-5)","background-image":"","background-repeat":"repeat","background-position":"center center","background-size":"auto","background-attachment":"scroll","background-type":"","background-media":"","overlay-type":"","overlay-color":"","overlay-opacity":"","overlay-gradient":""},"tablet":{"background-color":"","background-image":"","background-repeat":"repeat","background-position":"center center","background-size":"auto","background-attachment":"scroll","background-type":"","background-media":"","overlay-type":"","overlay-color":"","overlay-opacity":"","overlay-gradient":""},"mobile":{"background-color":"","background-image":"","background-repeat":"repeat","background-position":"center center","background-size":"auto","background-attachment":"scroll","background-type":"","background-media":"","overlay-type":"","overlay-color":"","overlay-opacity":"","overlay-gradient":""}},"ast-content-background-meta":{"desktop":{"background-color":"var(--ast-global-color-4)","background-image":"","background-repeat":"repeat","background-position":"center center","background-size":"auto","background-attachment":"scroll","background-type":"","background-media":"","overlay-type":"","overlay-color":"","overlay-opacity":"","overlay-gradient":""},"tablet":{"background-color":"var(--ast-global-color-4)","background-image":"","background-repeat":"repeat","background-position":"center center","background-size":"auto","background-attachment":"scroll","background-type":"","background-media":"","overlay-type":"","overlay-color":"","overlay-opacity":"","overlay-gradient":""},"mobile":{"background-color":"var(--ast-global-color-4)","background-image":"","background-repeat":"repeat","background-position":"center center","background-size":"auto","background-attachment":"scroll","background-type":"","background-media":"","overlay-type":"","overlay-color":"","overlay-opacity":"","overlay-gradient":""}},"footnotes":""},"class_list":["post-4444","page","type-page","status-publish","hentry"],"_links":{"self":[{"href":"http:\/\/lasteaed.vaatsa.ee\/index.php\/wp-json\/wp\/v2\/pages\/4444","targetHints":{"allow":["GET"]}}],"collection":[{"href":"http:\/\/lasteaed.vaatsa.ee\/index.php\/wp-json\/wp\/v2\/pages"}],"about":[{"href":"http:\/\/lasteaed.vaatsa.ee\/index.php\/wp-json\/wp\/v2\/types\/page"}],"author":[{"embeddable":true,"href":"http:\/\/lasteaed.vaatsa.ee\/index.php\/wp-json\/wp\/v2\/users\/6"}],"replies":[{"embeddable":true,"href":"http:\/\/lasteaed.vaatsa.ee\/index.php\/wp-json\/wp\/v2\/comments?post=4444"}],"version-history":[{"count":102,"href":"http:\/\/lasteaed.vaatsa.ee\/index.php\/wp-json\/wp\/v2\/pages\/4444\/revisions"}],"predecessor-version":[{"id":5175,"href":"http:\/\/lasteaed.vaatsa.ee\/index.php\/wp-json\/wp\/v2\/pages\/4444\/revisions\/5175"}],"wp:attachment":[{"href":"http:\/\/lasteaed.vaatsa.ee\/index.php\/wp-json\/wp\/v2\/media?parent=4444"}],"curies":[{"name":"wp","href":"https:\/\/api.w.org\/{rel}","templated":true}]}}