{"id":4508,"date":"2026-03-21T12:54:25","date_gmt":"2026-03-21T12:54:25","guid":{"rendered":"http:\/\/lasteaed.vaatsa.ee\/?page_id=4508"},"modified":"2026-04-13T18:40:09","modified_gmt":"2026-04-13T18:40:09","slug":"ruhmad","status":"publish","type":"page","link":"http:\/\/lasteaed.vaatsa.ee\/index.php\/ruhmad\/","title":{"rendered":"R\u00fchmad ja personal"},"content":{"rendered":"\t\t<div data-elementor-type=\"wp-page\" data-elementor-id=\"4508\" class=\"elementor elementor-4508\">\n\t\t\t\t<div class=\"elementor-element elementor-element-8d8be83 e-flex e-con-boxed e-con e-parent\" data-id=\"8d8be83\" data-element_type=\"container\" data-e-type=\"container\" data-settings=\"{&quot;background_background&quot;:&quot;classic&quot;}\">\n\t\t\t\t\t<div class=\"e-con-inner\">\n\t\t\t\t<div class=\"elementor-element elementor-element-5bb6e53 elementor-widget elementor-widget-heading\" data-id=\"5bb6e53\" data-element_type=\"widget\" data-e-type=\"widget\" data-widget_type=\"heading.default\">\n\t\t\t\t\t<h2 class=\"elementor-heading-title elementor-size-default\">Meie lasteaia r\u00fchmad<\/h2>\t\t\t\t<\/div>\n\t\t\t\t\t<\/div>\n\t\t\t\t<\/div>\n\t\t<div class=\"elementor-element elementor-element-4387d9f e-flex e-con-boxed e-con e-parent\" data-id=\"4387d9f\" data-element_type=\"container\" data-e-type=\"container\">\n\t\t\t\t\t<div class=\"e-con-inner\">\n\t\t<div class=\"elementor-element elementor-element-d89b3be e-con-full e-flex e-con e-child\" data-id=\"d89b3be\" data-element_type=\"container\" data-e-type=\"container\" data-settings=\"{&quot;background_background&quot;:&quot;classic&quot;}\">\n\t\t\t\t<div class=\"elementor-element elementor-element-1435132 elementor-widget elementor-widget-image\" data-id=\"1435132\" data-element_type=\"widget\" data-e-type=\"widget\" data-widget_type=\"image.default\">\n\t\t\t\t\t\t\t\t\t\t\t\t\t\t\t<img fetchpriority=\"high\" decoding=\"async\" width=\"1024\" height=\"681\" src=\"http:\/\/lasteaed.vaatsa.ee\/wp-content\/uploads\/2026\/04\/679_6002_PAIKESEKIIRED_0_81-1024x681.jpg\" class=\"attachment-large size-large wp-image-5143\" alt=\"\" srcset=\"http:\/\/lasteaed.vaatsa.ee\/wp-content\/uploads\/2026\/04\/679_6002_PAIKESEKIIRED_0_81-1024x681.jpg 1024w, http:\/\/lasteaed.vaatsa.ee\/wp-content\/uploads\/2026\/04\/679_6002_PAIKESEKIIRED_0_81-300x200.jpg 300w, http:\/\/lasteaed.vaatsa.ee\/wp-content\/uploads\/2026\/04\/679_6002_PAIKESEKIIRED_0_81-768x511.jpg 768w, http:\/\/lasteaed.vaatsa.ee\/wp-content\/uploads\/2026\/04\/679_6002_PAIKESEKIIRED_0_81-1536x1022.jpg 1536w, http:\/\/lasteaed.vaatsa.ee\/wp-content\/uploads\/2026\/04\/679_6002_PAIKESEKIIRED_0_81-2048x1363.jpg 2048w\" sizes=\"(max-width: 1024px) 100vw, 1024px\" \/>\t\t\t\t\t\t\t\t\t\t\t\t\t\t\t<\/div>\n\t\t\t\t<div class=\"elementor-element elementor-element-52e5eac elementor-widget elementor-widget-heading\" data-id=\"52e5eac\" data-element_type=\"widget\" data-e-type=\"widget\" data-widget_type=\"heading.default\">\n\t\t\t\t\t<h3 class=\"elementor-heading-title elementor-size-default\">P\u00c4IKESEKIIRED<\/h3>\t\t\t\t<\/div>\n\t\t\t\t<div class=\"elementor-element elementor-element-46c4c3e elementor-widget elementor-widget-text-editor\" data-id=\"46c4c3e\" data-element_type=\"widget\" data-e-type=\"widget\" data-widget_type=\"text-editor.default\">\n\t\t\t\t\t\t\t\t\t<p>S\u00d5IMER\u00dcHM<\/p>\t\t\t\t\t\t\t\t<\/div>\n\t\t\t\t<div class=\"elementor-element elementor-element-3d4f253 elementor-widget elementor-widget-text-editor\" data-id=\"3d4f253\" data-element_type=\"widget\" data-e-type=\"widget\" data-widget_type=\"text-editor.default\">\n\t\t\t\t\t\t\t\t\t<p><strong>\u00d5petajad:<\/strong> <br \/>Marget, Jaanika, abi\u00f5petaja Annely<\/p><p>+372 53445890<br \/>paikesekiiredla@gmail.com<\/p>\t\t\t\t\t\t\t\t<\/div>\n\t\t\t\t<\/div>\n\t\t<div class=\"elementor-element elementor-element-ef1693b e-con-full e-flex e-con e-child\" data-id=\"ef1693b\" data-element_type=\"container\" data-e-type=\"container\" data-settings=\"{&quot;background_background&quot;:&quot;classic&quot;}\">\n\t\t\t\t<div class=\"elementor-element elementor-element-7a4eb80 elementor-widget elementor-widget-image\" data-id=\"7a4eb80\" data-element_type=\"widget\" data-e-type=\"widget\" data-widget_type=\"image.default\">\n\t\t\t\t\t\t\t\t\t\t\t\t\t\t\t<img decoding=\"async\" width=\"1024\" height=\"681\" src=\"http:\/\/lasteaed.vaatsa.ee\/wp-content\/uploads\/2026\/04\/679_6004_MESIMUMMID_0_81-1024x681.jpg\" class=\"attachment-large size-large wp-image-5144\" alt=\"\" srcset=\"http:\/\/lasteaed.vaatsa.ee\/wp-content\/uploads\/2026\/04\/679_6004_MESIMUMMID_0_81-1024x681.jpg 1024w, http:\/\/lasteaed.vaatsa.ee\/wp-content\/uploads\/2026\/04\/679_6004_MESIMUMMID_0_81-300x200.jpg 300w, http:\/\/lasteaed.vaatsa.ee\/wp-content\/uploads\/2026\/04\/679_6004_MESIMUMMID_0_81-768x511.jpg 768w, http:\/\/lasteaed.vaatsa.ee\/wp-content\/uploads\/2026\/04\/679_6004_MESIMUMMID_0_81-1536x1022.jpg 1536w, http:\/\/lasteaed.vaatsa.ee\/wp-content\/uploads\/2026\/04\/679_6004_MESIMUMMID_0_81-2048x1363.jpg 2048w\" sizes=\"(max-width: 1024px) 100vw, 1024px\" \/>\t\t\t\t\t\t\t\t\t\t\t\t\t\t\t<\/div>\n\t\t\t\t<div class=\"elementor-element elementor-element-a0ff0d1 elementor-widget elementor-widget-heading\" data-id=\"a0ff0d1\" data-element_type=\"widget\" data-e-type=\"widget\" data-widget_type=\"heading.default\">\n\t\t\t\t\t<h3 class=\"elementor-heading-title elementor-size-default\">MESIMUMMID<\/h3>\t\t\t\t<\/div>\n\t\t\t\t<div class=\"elementor-element elementor-element-423553c elementor-widget elementor-widget-text-editor\" data-id=\"423553c\" data-element_type=\"widget\" data-e-type=\"widget\" data-widget_type=\"text-editor.default\">\n\t\t\t\t\t\t\t\t\t<p>LIITR\u00dcHM<\/p>\t\t\t\t\t\t\t\t<\/div>\n\t\t\t\t<div class=\"elementor-element elementor-element-537f680 elementor-widget elementor-widget-text-editor\" data-id=\"537f680\" data-element_type=\"widget\" data-e-type=\"widget\" data-widget_type=\"text-editor.default\">\n\t\t\t\t\t\t\t\t\t<p><strong>\u00d5petajad:<\/strong> <br \/>K\u00e4rt, Kersti, abi\u00f5petaja Maria<\/p><p>+372 53090895<br \/>vmesimummid@gmail.com<\/p>\t\t\t\t\t\t\t\t<\/div>\n\t\t\t\t<\/div>\n\t\t<div class=\"elementor-element elementor-element-4762d1b e-con-full e-flex e-con e-child\" data-id=\"4762d1b\" data-element_type=\"container\" data-e-type=\"container\" data-settings=\"{&quot;background_background&quot;:&quot;classic&quot;}\">\n\t\t\t\t<div class=\"elementor-element elementor-element-7d19cb7 elementor-widget elementor-widget-image\" data-id=\"7d19cb7\" data-element_type=\"widget\" data-e-type=\"widget\" data-widget_type=\"image.default\">\n\t\t\t\t\t\t\t\t\t\t\t\t\t\t\t<img decoding=\"async\" width=\"1024\" height=\"681\" src=\"http:\/\/lasteaed.vaatsa.ee\/wp-content\/uploads\/2026\/04\/679_6005_PAEVALILLED_0_81-1024x681.jpg\" class=\"attachment-large size-large wp-image-5145\" alt=\"\" srcset=\"http:\/\/lasteaed.vaatsa.ee\/wp-content\/uploads\/2026\/04\/679_6005_PAEVALILLED_0_81-1024x681.jpg 1024w, http:\/\/lasteaed.vaatsa.ee\/wp-content\/uploads\/2026\/04\/679_6005_PAEVALILLED_0_81-300x200.jpg 300w, http:\/\/lasteaed.vaatsa.ee\/wp-content\/uploads\/2026\/04\/679_6005_PAEVALILLED_0_81-768x511.jpg 768w, http:\/\/lasteaed.vaatsa.ee\/wp-content\/uploads\/2026\/04\/679_6005_PAEVALILLED_0_81-1536x1022.jpg 1536w, http:\/\/lasteaed.vaatsa.ee\/wp-content\/uploads\/2026\/04\/679_6005_PAEVALILLED_0_81-2048x1363.jpg 2048w\" sizes=\"(max-width: 1024px) 100vw, 1024px\" \/>\t\t\t\t\t\t\t\t\t\t\t\t\t\t\t<\/div>\n\t\t\t\t<div class=\"elementor-element elementor-element-bd18a1c elementor-widget elementor-widget-heading\" data-id=\"bd18a1c\" data-element_type=\"widget\" data-e-type=\"widget\" data-widget_type=\"heading.default\">\n\t\t\t\t\t<h3 class=\"elementor-heading-title elementor-size-default\">P\u00c4EVALILLED<\/h3>\t\t\t\t<\/div>\n\t\t\t\t<div class=\"elementor-element elementor-element-0d0344c elementor-widget elementor-widget-text-editor\" data-id=\"0d0344c\" data-element_type=\"widget\" data-e-type=\"widget\" data-widget_type=\"text-editor.default\">\n\t\t\t\t\t\t\t\t\t<p>AIAR\u00dcHM<\/p>\t\t\t\t\t\t\t\t<\/div>\n\t\t\t\t<div class=\"elementor-element elementor-element-73c7f4c elementor-widget elementor-widget-text-editor\" data-id=\"73c7f4c\" data-element_type=\"widget\" data-e-type=\"widget\" data-widget_type=\"text-editor.default\">\n\t\t\t\t\t\t\t\t\t<p><strong>\u00d5petajad:<\/strong> <br \/>Marina, Marianne, abi\u00f5petaja Reelika, tugiisik <span data-olk-copy-source=\"MessageBody\">Gerda Uuselu<\/span><\/p><p>+372 53437540<br \/>paevalilled33@gmail.com<\/p>\t\t\t\t\t\t\t\t<\/div>\n\t\t\t\t<\/div>\n\t\t<div class=\"elementor-element elementor-element-658ac76 e-con-full e-flex e-con e-child\" data-id=\"658ac76\" data-element_type=\"container\" data-e-type=\"container\" data-settings=\"{&quot;background_background&quot;:&quot;classic&quot;}\">\n\t\t\t\t<div class=\"elementor-element elementor-element-7b6b393 elementor-widget elementor-widget-image\" data-id=\"7b6b393\" data-element_type=\"widget\" data-e-type=\"widget\" data-widget_type=\"image.default\">\n\t\t\t\t\t\t\t\t\t\t\t\t\t\t\t<img loading=\"lazy\" decoding=\"async\" width=\"1024\" height=\"681\" src=\"http:\/\/lasteaed.vaatsa.ee\/wp-content\/uploads\/2026\/04\/679_6009_KAISUKARUD_0_81-1024x681.jpg\" class=\"attachment-large size-large wp-image-5146\" alt=\"\" srcset=\"http:\/\/lasteaed.vaatsa.ee\/wp-content\/uploads\/2026\/04\/679_6009_KAISUKARUD_0_81-1024x681.jpg 1024w, http:\/\/lasteaed.vaatsa.ee\/wp-content\/uploads\/2026\/04\/679_6009_KAISUKARUD_0_81-300x200.jpg 300w, http:\/\/lasteaed.vaatsa.ee\/wp-content\/uploads\/2026\/04\/679_6009_KAISUKARUD_0_81-768x511.jpg 768w, http:\/\/lasteaed.vaatsa.ee\/wp-content\/uploads\/2026\/04\/679_6009_KAISUKARUD_0_81-1536x1022.jpg 1536w, http:\/\/lasteaed.vaatsa.ee\/wp-content\/uploads\/2026\/04\/679_6009_KAISUKARUD_0_81-2048x1362.jpg 2048w\" sizes=\"(max-width: 1024px) 100vw, 1024px\" \/>\t\t\t\t\t\t\t\t\t\t\t\t\t\t\t<\/div>\n\t\t\t\t<div class=\"elementor-element elementor-element-b999aaa elementor-widget elementor-widget-heading\" data-id=\"b999aaa\" data-element_type=\"widget\" data-e-type=\"widget\" data-widget_type=\"heading.default\">\n\t\t\t\t\t<h3 class=\"elementor-heading-title elementor-size-default\">KAISUKARUD<\/h3>\t\t\t\t<\/div>\n\t\t\t\t<div class=\"elementor-element elementor-element-cf88ece elementor-widget elementor-widget-text-editor\" data-id=\"cf88ece\" data-element_type=\"widget\" data-e-type=\"widget\" data-widget_type=\"text-editor.default\">\n\t\t\t\t\t\t\t\t\t<p>AIAR\u00dcHM<\/p>\t\t\t\t\t\t\t\t<\/div>\n\t\t\t\t<div class=\"elementor-element elementor-element-f24f69c elementor-widget elementor-widget-text-editor\" data-id=\"f24f69c\" data-element_type=\"widget\" data-e-type=\"widget\" data-widget_type=\"text-editor.default\">\n\t\t\t\t\t\t\t\t\t<p><strong>\u00d5petajad:<\/strong> <br \/>Kadi, Heidi, abi\u00f5petaja Ivanna<\/p><p>+372 53466303<br \/>vkaisukarud@gmail.com<\/p>\t\t\t\t\t\t\t\t<\/div>\n\t\t\t\t<\/div>\n\t\t\t\t\t<\/div>\n\t\t\t\t<\/div>\n\t\t<div class=\"elementor-element elementor-element-6d71bbe e-flex e-con-boxed e-con e-parent\" data-id=\"6d71bbe\" data-element_type=\"container\" data-e-type=\"container\" data-settings=\"{&quot;background_background&quot;:&quot;classic&quot;}\">\n\t\t\t\t\t<div class=\"e-con-inner\">\n\t\t<div class=\"elementor-element elementor-element-33e60bb e-con-full e-flex e-con e-child\" data-id=\"33e60bb\" data-element_type=\"container\" data-e-type=\"container\">\n\t\t\t\t<div class=\"elementor-element elementor-element-608a344 elementor-widget elementor-widget-heading\" data-id=\"608a344\" data-element_type=\"widget\" data-e-type=\"widget\" data-widget_type=\"heading.default\">\n\t\t\t\t\t<h2 class=\"elementor-heading-title elementor-size-default\">Meie lasteaia personal<\/h2>\t\t\t\t<\/div>\n\t\t\t\t<\/div>\n\t\t<div class=\"elementor-element elementor-element-c3a38df e-con-full e-flex e-con e-child\" data-id=\"c3a38df\" data-element_type=\"container\" data-e-type=\"container\">\n\t\t\t\t<div class=\"elementor-element elementor-element-955ba85 elementor-widget elementor-widget-image\" data-id=\"955ba85\" data-element_type=\"widget\" data-e-type=\"widget\" data-widget_type=\"image.default\">\n\t\t\t\t\t\t\t\t\t\t\t\t\t\t\t<img loading=\"lazy\" decoding=\"async\" width=\"1024\" height=\"683\" src=\"http:\/\/lasteaed.vaatsa.ee\/wp-content\/uploads\/2026\/04\/Personal-1024x683.jpg\" class=\"attachment-large size-large wp-image-5147\" alt=\"\" srcset=\"http:\/\/lasteaed.vaatsa.ee\/wp-content\/uploads\/2026\/04\/Personal-1024x683.jpg 1024w, http:\/\/lasteaed.vaatsa.ee\/wp-content\/uploads\/2026\/04\/Personal-300x200.jpg 300w, http:\/\/lasteaed.vaatsa.ee\/wp-content\/uploads\/2026\/04\/Personal-768x512.jpg 768w, http:\/\/lasteaed.vaatsa.ee\/wp-content\/uploads\/2026\/04\/Personal-1536x1024.jpg 1536w, http:\/\/lasteaed.vaatsa.ee\/wp-content\/uploads\/2026\/04\/Personal-2048x1365.jpg 2048w\" sizes=\"(max-width: 1024px) 100vw, 1024px\" \/>\t\t\t\t\t\t\t\t\t\t\t\t\t\t\t<\/div>\n\t\t\t\t<\/div>\n\t\t\t\t\t<\/div>\n\t\t\t\t<\/div>\n\t\t<div class=\"elementor-element elementor-element-25a6cda e-flex e-con-boxed e-con e-parent\" data-id=\"25a6cda\" data-element_type=\"container\" data-e-type=\"container\">\n\t\t\t\t\t<div class=\"e-con-inner\">\n\t\t<div class=\"elementor-element elementor-element-48fa078 e-con-full e-flex e-con e-child\" data-id=\"48fa078\" data-element_type=\"container\" data-e-type=\"container\" data-settings=\"{&quot;background_background&quot;:&quot;classic&quot;}\">\n\t\t\t\t<div class=\"elementor-element elementor-element-0af9a55 elementor-widget elementor-widget-heading\" data-id=\"0af9a55\" data-element_type=\"widget\" data-e-type=\"widget\" data-widget_type=\"heading.default\">\n\t\t\t\t\t<h3 class=\"elementor-heading-title elementor-size-default\">Liia Koppel\n<br>\n<span style=\"font-size:0.8em;color:#4a4a4a;opacity:0.8\">\nDirektor\n<\/span><\/h3>\t\t\t\t<\/div>\n\t\t\t\t<\/div>\n\t\t<div class=\"elementor-element elementor-element-70cc18d e-con-full e-flex e-con e-child\" data-id=\"70cc18d\" data-element_type=\"container\" data-e-type=\"container\" data-settings=\"{&quot;background_background&quot;:&quot;classic&quot;}\">\n\t\t\t\t<div class=\"elementor-element elementor-element-a17a748 elementor-widget elementor-widget-heading\" data-id=\"a17a748\" data-element_type=\"widget\" data-e-type=\"widget\" data-widget_type=\"heading.default\">\n\t\t\t\t\t<h3 class=\"elementor-heading-title elementor-size-default\">Kerstin Sireli\n<br>\n<span style=\"font-size:0.8em;color:#4a4a4a;opacity:0.8\">\nEripedagoog\/TUKO\n<\/span><\/h3>\t\t\t\t<\/div>\n\t\t\t\t<\/div>\n\t\t<div class=\"elementor-element elementor-element-7695d40 e-con-full e-flex e-con e-child\" data-id=\"7695d40\" data-element_type=\"container\" data-e-type=\"container\" data-settings=\"{&quot;background_background&quot;:&quot;classic&quot;}\">\n\t\t\t\t<div class=\"elementor-element elementor-element-1ec2fb7 elementor-widget elementor-widget-heading\" data-id=\"1ec2fb7\" data-element_type=\"widget\" data-e-type=\"widget\" data-widget_type=\"heading.default\">\n\t\t\t\t\t<h3 class=\"elementor-heading-title elementor-size-default\">Klaire Uustalu\n<br>\n<span style=\"font-size:0.8em;color:#4a4a4a;opacity:0.8\">\nLogopeed\n<\/span><\/h3>\t\t\t\t<\/div>\n\t\t\t\t<\/div>\n\t\t<div class=\"elementor-element elementor-element-2460e40 e-con-full e-flex e-con e-child\" data-id=\"2460e40\" data-element_type=\"container\" data-e-type=\"container\" data-settings=\"{&quot;background_background&quot;:&quot;classic&quot;}\">\n\t\t\t\t<div class=\"elementor-element elementor-element-72246f5 elementor-widget elementor-widget-heading\" data-id=\"72246f5\" data-element_type=\"widget\" data-e-type=\"widget\" data-widget_type=\"heading.default\">\n\t\t\t\t\t<h3 class=\"elementor-heading-title elementor-size-default\">Tiiu Vellamaa\n<br>\n<span style=\"font-size:0.8em;color:#4a4a4a;opacity:0.8\">\nLiikumis- ja ujumis\u00f5petaja\n<\/span><\/h3>\t\t\t\t<\/div>\n\t\t\t\t<\/div>\n\t\t\t\t\t<\/div>\n\t\t\t\t<\/div>\n\t\t<div class=\"elementor-element elementor-element-a3d8fcd e-flex e-con-boxed e-con e-parent\" data-id=\"a3d8fcd\" data-element_type=\"container\" data-e-type=\"container\">\n\t\t\t\t\t<div class=\"e-con-inner\">\n\t\t<div class=\"elementor-element elementor-element-f3fef3f e-con-full e-flex e-con e-child\" data-id=\"f3fef3f\" data-element_type=\"container\" data-e-type=\"container\" data-settings=\"{&quot;background_background&quot;:&quot;classic&quot;}\">\n\t\t\t\t<div class=\"elementor-element elementor-element-8f23e98 elementor-widget elementor-widget-heading\" data-id=\"8f23e98\" data-element_type=\"widget\" data-e-type=\"widget\" data-widget_type=\"heading.default\">\n\t\t\t\t\t<h3 class=\"elementor-heading-title elementor-size-default\">Sirje Grauberg\n<br>\n<span style=\"font-size:0.8em;color:#4a4a4a;opacity:0.8\">\nMuusika\u00f5petaja\n<\/span><\/h3>\t\t\t\t<\/div>\n\t\t\t\t<\/div>\n\t\t<div class=\"elementor-element elementor-element-2a774f2 e-con-full e-flex e-con e-child\" data-id=\"2a774f2\" data-element_type=\"container\" data-e-type=\"container\" data-settings=\"{&quot;background_background&quot;:&quot;classic&quot;}\">\n\t\t\t\t<div class=\"elementor-element elementor-element-2bd50fa elementor-widget elementor-widget-heading\" data-id=\"2bd50fa\" data-element_type=\"widget\" data-e-type=\"widget\" data-widget_type=\"heading.default\">\n\t\t\t\t\t<h3 class=\"elementor-heading-title elementor-size-default\">Kaire Koha\n<br>\n<span style=\"font-size:0.8em;color:#4a4a4a;opacity:0.8\">\nKokk\n<\/span><\/h3>\t\t\t\t<\/div>\n\t\t\t\t<\/div>\n\t\t<div class=\"elementor-element elementor-element-9af69bb e-con-full e-flex e-con e-child\" data-id=\"9af69bb\" data-element_type=\"container\" data-e-type=\"container\" data-settings=\"{&quot;background_background&quot;:&quot;classic&quot;}\">\n\t\t\t\t<div class=\"elementor-element elementor-element-6029502 elementor-widget elementor-widget-heading\" data-id=\"6029502\" data-element_type=\"widget\" data-e-type=\"widget\" data-widget_type=\"heading.default\">\n\t\t\t\t\t<h3 class=\"elementor-heading-title elementor-size-default\">Maiu Juht\n<br>\n<span style=\"font-size:0.8em;color:#4a4a4a;opacity:0.8\">\nMajaperenaine\n<\/span><\/h3>\t\t\t\t<\/div>\n\t\t\t\t<\/div>\n\t\t<div class=\"elementor-element elementor-element-43488ef e-con-full e-flex e-con e-child\" data-id=\"43488ef\" data-element_type=\"container\" data-e-type=\"container\" data-settings=\"{&quot;background_background&quot;:&quot;classic&quot;}\">\n\t\t\t\t<div class=\"elementor-element elementor-element-3cd9364 elementor-widget elementor-widget-heading\" data-id=\"3cd9364\" data-element_type=\"widget\" data-e-type=\"widget\" data-widget_type=\"heading.default\">\n\t\t\t\t\t<h3 class=\"elementor-heading-title elementor-size-default\">Gerda Uuselu\n<br>\n<span style=\"font-size:0.8em;color:#4a4a4a;opacity:0.8\">\nTugiisik\n<\/span><\/h3>\t\t\t\t<\/div>\n\t\t\t\t<\/div>\n\t\t\t\t\t<\/div>\n\t\t\t\t<\/div>\n\t\t\t\t<\/div>\n\t\t","protected":false},"excerpt":{"rendered":"<p>Meie lasteaia r\u00fchmad P\u00c4IKESEKIIRED S\u00d5IMER\u00dcHM \u00d5petajad: Marget, Jaanika, abi\u00f5petaja Annely +372 53445890paikesekiiredla@gmail.com MESIMUMMID LIITR\u00dcHM \u00d5petajad: K\u00e4rt, Kersti, abi\u00f5petaja Maria +372 [&hellip;]<\/p>\n","protected":false},"author":6,"featured_media":0,"parent":0,"menu_order":0,"comment_status":"closed","ping_status":"closed","template":"elementor_header_footer","meta":{"site-sidebar-layout":"no-sidebar","site-content-layout":"","ast-site-content-layout":"full-width-container","site-content-style":"default","site-sidebar-style":"default","ast-global-header-display":"","ast-banner-title-visibility":"","ast-main-header-display":"","ast-hfb-above-header-display":"","ast-hfb-below-header-display":"","ast-hfb-mobile-header-display":"","site-post-title":"disabled","ast-breadcrumbs-content":"","ast-featured-img":"","footer-sml-layout":"","ast-disable-related-posts":"","theme-transparent-header-meta":"","adv-header-id-meta":"","stick-header-meta":"","header-above-stick-meta":"","header-main-stick-meta":"","header-below-stick-meta":"","astra-migrate-meta-layouts":"default","ast-page-background-enabled":"default","ast-page-background-meta":{"desktop":{"background-color":"var(--ast-global-color-5)","background-image":"","background-repeat":"repeat","background-position":"center center","background-size":"auto","background-attachment":"scroll","background-type":"","background-media":"","overlay-type":"","overlay-color":"","overlay-opacity":"","overlay-gradient":""},"tablet":{"background-color":"","background-image":"","background-repeat":"repeat","background-position":"center center","background-size":"auto","background-attachment":"scroll","background-type":"","background-media":"","overlay-type":"","overlay-color":"","overlay-opacity":"","overlay-gradient":""},"mobile":{"background-color":"","background-image":"","background-repeat":"repeat","background-position":"center center","background-size":"auto","background-attachment":"scroll","background-type":"","background-media":"","overlay-type":"","overlay-color":"","overlay-opacity":"","overlay-gradient":""}},"ast-content-background-meta":{"desktop":{"background-color":"var(--ast-global-color-4)","background-image":"","background-repeat":"repeat","background-position":"center center","background-size":"auto","background-attachment":"scroll","background-type":"","background-media":"","overlay-type":"","overlay-color":"","overlay-opacity":"","overlay-gradient":""},"tablet":{"background-color":"var(--ast-global-color-4)","background-image":"","background-repeat":"repeat","background-position":"center center","background-size":"auto","background-attachment":"scroll","background-type":"","background-media":"","overlay-type":"","overlay-color":"","overlay-opacity":"","overlay-gradient":""},"mobile":{"background-color":"var(--ast-global-color-4)","background-image":"","background-repeat":"repeat","background-position":"center center","background-size":"auto","background-attachment":"scroll","background-type":"","background-media":"","overlay-type":"","overlay-color":"","overlay-opacity":"","overlay-gradient":""}},"footnotes":""},"class_list":["post-4508","page","type-page","status-publish","hentry"],"_links":{"self":[{"href":"http:\/\/lasteaed.vaatsa.ee\/index.php\/wp-json\/wp\/v2\/pages\/4508","targetHints":{"allow":["GET"]}}],"collection":[{"href":"http:\/\/lasteaed.vaatsa.ee\/index.php\/wp-json\/wp\/v2\/pages"}],"about":[{"href":"http:\/\/lasteaed.vaatsa.ee\/index.php\/wp-json\/wp\/v2\/types\/page"}],"author":[{"embeddable":true,"href":"http:\/\/lasteaed.vaatsa.ee\/index.php\/wp-json\/wp\/v2\/users\/6"}],"replies":[{"embeddable":true,"href":"http:\/\/lasteaed.vaatsa.ee\/index.php\/wp-json\/wp\/v2\/comments?post=4508"}],"version-history":[{"count":90,"href":"http:\/\/lasteaed.vaatsa.ee\/index.php\/wp-json\/wp\/v2\/pages\/4508\/revisions"}],"predecessor-version":[{"id":5150,"href":"http:\/\/lasteaed.vaatsa.ee\/index.php\/wp-json\/wp\/v2\/pages\/4508\/revisions\/5150"}],"wp:attachment":[{"href":"http:\/\/lasteaed.vaatsa.ee\/index.php\/wp-json\/wp\/v2\/media?parent=4508"}],"curies":[{"name":"wp","href":"https:\/\/api.w.org\/{rel}","templated":true}]}}