{"id":4623,"date":"2026-03-28T15:33:46","date_gmt":"2026-03-28T15:33:46","guid":{"rendered":"http:\/\/lasteaed.vaatsa.ee\/?page_id=4623"},"modified":"2026-04-11T14:16:06","modified_gmt":"2026-04-11T14:16:06","slug":"projektid","status":"publish","type":"page","link":"http:\/\/lasteaed.vaatsa.ee\/index.php\/projektid\/","title":{"rendered":"Projektid"},"content":{"rendered":"\t\t<div data-elementor-type=\"wp-page\" data-elementor-id=\"4623\" class=\"elementor elementor-4623\">\n\t\t\t\t<div class=\"elementor-element elementor-element-5130122 e-con-full e-flex e-con e-parent\" data-id=\"5130122\" data-element_type=\"container\" data-e-type=\"container\" data-settings=\"{&quot;background_background&quot;:&quot;classic&quot;}\">\n\t\t\t\t<div class=\"elementor-element elementor-element-ea6bdb8 elementor-widget elementor-widget-heading\" data-id=\"ea6bdb8\" data-element_type=\"widget\" data-e-type=\"widget\" data-widget_type=\"heading.default\">\n\t\t\t\t\t<h1 class=\"elementor-heading-title elementor-size-default\">PROJEKTID<\/h1>\t\t\t\t<\/div>\n\t\t\t\t<\/div>\n\t\t<div class=\"elementor-element elementor-element-8950fe6 e-flex e-con-boxed e-con e-parent\" data-id=\"8950fe6\" data-element_type=\"container\" data-e-type=\"container\">\n\t\t\t\t\t<div class=\"e-con-inner\">\n\t\t\t\t<div class=\"elementor-element elementor-element-51a6d75 elementor-widget elementor-widget-button\" data-id=\"51a6d75\" data-element_type=\"widget\" data-e-type=\"widget\" data-widget_type=\"button.default\">\n\t\t\t\t\t\t\t\t\t\t<a class=\"elementor-button elementor-button-link elementor-size-sm\" href=\"\">\n\t\t\t\t\t\t<span class=\"elementor-button-content-wrapper\">\n\t\t\t\t\t\t\t\t\t<span class=\"elementor-button-text\">eTwinning<\/span>\n\t\t\t\t\t<\/span>\n\t\t\t\t\t<\/a>\n\t\t\t\t\t\t\t\t<\/div>\n\t\t\t\t<div class=\"elementor-element elementor-element-841ab74 elementor-widget elementor-widget-button\" data-id=\"841ab74\" data-element_type=\"widget\" data-e-type=\"widget\" data-widget_type=\"button.default\">\n\t\t\t\t\t\t\t\t\t\t<a class=\"elementor-button elementor-button-link elementor-size-sm\" href=\"\">\n\t\t\t\t\t\t<span class=\"elementor-button-content-wrapper\">\n\t\t\t\t\t\t\t\t\t<span class=\"elementor-button-text\">................<\/span>\n\t\t\t\t\t<\/span>\n\t\t\t\t\t<\/a>\n\t\t\t\t\t\t\t\t<\/div>\n\t\t\t\t\t<\/div>\n\t\t\t\t<\/div>\n\t\t<div class=\"elementor-element elementor-element-1094bf0 e-flex e-con-boxed e-con e-parent\" data-id=\"1094bf0\" data-element_type=\"container\" data-e-type=\"container\">\n\t\t\t\t\t<div class=\"e-con-inner\">\n\t\t\t\t<div class=\"elementor-element elementor-element-7d8bb79 elementor-grid-eael-col-3 elementor-grid-tablet-eael-col-2 elementor-grid-mobile-eael-col-1 elementor-widget elementor-widget-eael-post-grid\" data-id=\"7d8bb79\" data-element_type=\"widget\" data-e-type=\"widget\" data-settings=\"{&quot;eael_post_grid_columns&quot;:&quot;eael-col-3&quot;,&quot;eael_post_grid_columns_tablet&quot;:&quot;eael-col-2&quot;,&quot;eael_post_grid_columns_mobile&quot;:&quot;eael-col-1&quot;}\" data-widget_type=\"eael-post-grid.default\">\n\t\t\t\t\t<div id=\"eael-post-grid-7d8bb79\" class=\"eael-post-grid-container\">\n            <div class=\"eael-post-grid eael-post-appender eael-post-appender-7d8bb79 eael-post-grid-style-two\" data-layout-mode=\"grid\"><article class=\"eael-grid-post  eael-post-grid-column eael-pg-post-4658 category-etwinning\" data-id=\"4658\">\n    <div class=\"eael-grid-post-holder\">\n        <div class=\"eael-grid-post-holder-inner\"><div class=\"eael-entry-media\"><div class=\"eael-entry-overlay fade-in\"><i class=\"fas fa-long-arrow-alt-right\" aria-hidden=\"true\"><\/i><a href=\"http:\/\/lasteaed.vaatsa.ee\/index.php\/projektid1\/maalimine-kujunditega-matemaatika-varvidega\/\"><\/a><\/div><div class=\"eael-entry-thumbnail eael-image-ratio\">\n                            <img decoding=\"async\" width=\"300\" height=\"125\" src=\"http:\/\/lasteaed.vaatsa.ee\/wp-content\/uploads\/2025\/08\/Pictures-for-recognition-page3-300x125.png\" class=\"attachment-medium size-medium wp-image-4415\" alt=\"\" srcset=\"http:\/\/lasteaed.vaatsa.ee\/wp-content\/uploads\/2025\/08\/Pictures-for-recognition-page3-300x125.png 300w, http:\/\/lasteaed.vaatsa.ee\/wp-content\/uploads\/2025\/08\/Pictures-for-recognition-page3-1024x427.png 1024w, http:\/\/lasteaed.vaatsa.ee\/wp-content\/uploads\/2025\/08\/Pictures-for-recognition-page3-768x320.png 768w, http:\/\/lasteaed.vaatsa.ee\/wp-content\/uploads\/2025\/08\/Pictures-for-recognition-page3-1536x641.png 1536w, http:\/\/lasteaed.vaatsa.ee\/wp-content\/uploads\/2025\/08\/Pictures-for-recognition-page3-2048x855.png 2048w, http:\/\/lasteaed.vaatsa.ee\/wp-content\/uploads\/2025\/08\/Pictures-for-recognition-page3-1140x475.png 1140w\" sizes=\"(max-width: 300px) 100vw, 300px\" \/>\n                            <\/div>\n                    <\/div><div class=\"eael-entry-wrapper\"><header class=\"eael-entry-header\"><h2 class=\"eael-entry-title\"><a class=\"eael-grid-post-link\" href=\"http:\/\/lasteaed.vaatsa.ee\/index.php\/projektid1\/maalimine-kujunditega-matemaatika-varvidega\/\" title=\"Maalimine kujunditega, matemaatika v\u00e4rvidega\u00a0\">Maalimine kujunditega, matemaatika v\u00e4rvidega\u00a0<\/a><\/h2><\/header><div class=\"eael-entry-header-after style-two\"><div class=\"eael-entry-meta\"><span class=\"eael-posted-on eael-meta-posted-on\"><i class=\"far fa-clock\"><\/i><time datetime=\"m\u00e4rts 28, 2026\">m\u00e4rts 28, 2026<\/time><\/span><\/div><\/div><div class=\"eael-entry-content\">\n                                <div class=\"eael-grid-post-excerpt\"><a href=\"http:\/\/lasteaed.vaatsa.ee\/index.php\/projektid1\/maalimine-kujunditega-matemaatika-varvidega\/\" class=\"eael-post-elements-readmore-btn\">Loe rohkem<\/a><\/div>\n                            <\/div><\/div><\/div>\n    <\/div>\n<\/article><article class=\"eael-grid-post  eael-post-grid-column eael-pg-post-4629 category-etwinning\" data-id=\"4629\">\n    <div class=\"eael-grid-post-holder\">\n        <div class=\"eael-grid-post-holder-inner\"><div class=\"eael-entry-media\"><div class=\"eael-entry-overlay fade-in\"><i class=\"fas fa-long-arrow-alt-right\" aria-hidden=\"true\"><\/i><a href=\"http:\/\/lasteaed.vaatsa.ee\/index.php\/projektid1\/magic-words-our-superpowersvolusonad-meie-supervoimed\/\"><\/a><\/div><div class=\"eael-entry-thumbnail eael-image-ratio\">\n                            <img decoding=\"async\" width=\"300\" height=\"125\" src=\"http:\/\/lasteaed.vaatsa.ee\/wp-content\/uploads\/2025\/08\/Pictures-for-recognition-page3-300x125.png\" class=\"attachment-medium size-medium wp-image-4415\" alt=\"\" srcset=\"http:\/\/lasteaed.vaatsa.ee\/wp-content\/uploads\/2025\/08\/Pictures-for-recognition-page3-300x125.png 300w, http:\/\/lasteaed.vaatsa.ee\/wp-content\/uploads\/2025\/08\/Pictures-for-recognition-page3-1024x427.png 1024w, http:\/\/lasteaed.vaatsa.ee\/wp-content\/uploads\/2025\/08\/Pictures-for-recognition-page3-768x320.png 768w, http:\/\/lasteaed.vaatsa.ee\/wp-content\/uploads\/2025\/08\/Pictures-for-recognition-page3-1536x641.png 1536w, http:\/\/lasteaed.vaatsa.ee\/wp-content\/uploads\/2025\/08\/Pictures-for-recognition-page3-2048x855.png 2048w, http:\/\/lasteaed.vaatsa.ee\/wp-content\/uploads\/2025\/08\/Pictures-for-recognition-page3-1140x475.png 1140w\" sizes=\"(max-width: 300px) 100vw, 300px\" \/>\n                            <\/div>\n                    <\/div><div class=\"eael-entry-wrapper\"><header class=\"eael-entry-header\"><h2 class=\"eael-entry-title\"><a class=\"eael-grid-post-link\" href=\"http:\/\/lasteaed.vaatsa.ee\/index.php\/projektid1\/magic-words-our-superpowersvolusonad-meie-supervoimed\/\" title=\"V\u00f5lus\u00f5nad: meie superv\u00f5imed!\">V\u00f5lus\u00f5nad: meie superv\u00f5imed!<\/a><\/h2><\/header><div class=\"eael-entry-header-after style-two\"><div class=\"eael-entry-meta\"><span class=\"eael-posted-on eael-meta-posted-on\"><i class=\"far fa-clock\"><\/i><time datetime=\"m\u00e4rts 28, 2026\">m\u00e4rts 28, 2026<\/time><\/span><\/div><\/div><div class=\"eael-entry-content\">\n                                <div class=\"eael-grid-post-excerpt\"><a href=\"http:\/\/lasteaed.vaatsa.ee\/index.php\/projektid1\/magic-words-our-superpowersvolusonad-meie-supervoimed\/\" class=\"eael-post-elements-readmore-btn\">Loe rohkem<\/a><\/div>\n                            <\/div><\/div><\/div>\n    <\/div>\n<\/article><\/div>\n            <div class=\"clearfix\"><\/div>\n        <\/div>\t\t\t\t<\/div>\n\t\t\t\t\t<\/div>\n\t\t\t\t<\/div>\n\t\t\t\t<\/div>\n\t\t","protected":false},"excerpt":{"rendered":"<p>PROJEKTID eTwinning &#8230;&#8230;&#8230;&#8230;&#8230;. Maalimine kujunditega, matemaatika v\u00e4rvidega\u00a0 m\u00e4rts 28, 2026 Loe rohkem V\u00f5lus\u00f5nad: meie superv\u00f5imed! m\u00e4rts 28, 2026 Loe rohkem<\/p>\n","protected":false},"author":6,"featured_media":0,"parent":0,"menu_order":0,"comment_status":"closed","ping_status":"closed","template":"elementor_header_footer","meta":{"site-sidebar-layout":"no-sidebar","site-content-layout":"","ast-site-content-layout":"full-width-container","site-content-style":"default","site-sidebar-style":"default","ast-global-header-display":"","ast-banner-title-visibility":"","ast-main-header-display":"","ast-hfb-above-header-display":"","ast-hfb-below-header-display":"","ast-hfb-mobile-header-display":"","site-post-title":"","ast-breadcrumbs-content":"","ast-featured-img":"","footer-sml-layout":"","ast-disable-related-posts":"","theme-transparent-header-meta":"","adv-header-id-meta":"","stick-header-meta":"","header-above-stick-meta":"","header-main-stick-meta":"","header-below-stick-meta":"","astra-migrate-meta-layouts":"default","ast-page-background-enabled":"default","ast-page-background-meta":{"desktop":{"background-color":"var(--ast-global-color-5)","background-image":"","background-repeat":"repeat","background-position":"center center","background-size":"auto","background-attachment":"scroll","background-type":"","background-media":"","overlay-type":"","overlay-color":"","overlay-opacity":"","overlay-gradient":""},"tablet":{"background-color":"","background-image":"","background-repeat":"repeat","background-position":"center center","background-size":"auto","background-attachment":"scroll","background-type":"","background-media":"","overlay-type":"","overlay-color":"","overlay-opacity":"","overlay-gradient":""},"mobile":{"background-color":"","background-image":"","background-repeat":"repeat","background-position":"center center","background-size":"auto","background-attachment":"scroll","background-type":"","background-media":"","overlay-type":"","overlay-color":"","overlay-opacity":"","overlay-gradient":""}},"ast-content-background-meta":{"desktop":{"background-color":"var(--ast-global-color-4)","background-image":"","background-repeat":"repeat","background-position":"center center","background-size":"auto","background-attachment":"scroll","background-type":"","background-media":"","overlay-type":"","overlay-color":"","overlay-opacity":"","overlay-gradient":""},"tablet":{"background-color":"var(--ast-global-color-4)","background-image":"","background-repeat":"repeat","background-position":"center center","background-size":"auto","background-attachment":"scroll","background-type":"","background-media":"","overlay-type":"","overlay-color":"","overlay-opacity":"","overlay-gradient":""},"mobile":{"background-color":"var(--ast-global-color-4)","background-image":"","background-repeat":"repeat","background-position":"center center","background-size":"auto","background-attachment":"scroll","background-type":"","background-media":"","overlay-type":"","overlay-color":"","overlay-opacity":"","overlay-gradient":""}},"footnotes":""},"class_list":["post-4623","page","type-page","status-publish","hentry"],"_links":{"self":[{"href":"http:\/\/lasteaed.vaatsa.ee\/index.php\/wp-json\/wp\/v2\/pages\/4623","targetHints":{"allow":["GET"]}}],"collection":[{"href":"http:\/\/lasteaed.vaatsa.ee\/index.php\/wp-json\/wp\/v2\/pages"}],"about":[{"href":"http:\/\/lasteaed.vaatsa.ee\/index.php\/wp-json\/wp\/v2\/types\/page"}],"author":[{"embeddable":true,"href":"http:\/\/lasteaed.vaatsa.ee\/index.php\/wp-json\/wp\/v2\/users\/6"}],"replies":[{"embeddable":true,"href":"http:\/\/lasteaed.vaatsa.ee\/index.php\/wp-json\/wp\/v2\/comments?post=4623"}],"version-history":[{"count":50,"href":"http:\/\/lasteaed.vaatsa.ee\/index.php\/wp-json\/wp\/v2\/pages\/4623\/revisions"}],"predecessor-version":[{"id":5066,"href":"http:\/\/lasteaed.vaatsa.ee\/index.php\/wp-json\/wp\/v2\/pages\/4623\/revisions\/5066"}],"wp:attachment":[{"href":"http:\/\/lasteaed.vaatsa.ee\/index.php\/wp-json\/wp\/v2\/media?parent=4623"}],"curies":[{"name":"wp","href":"https:\/\/api.w.org\/{rel}","templated":true}]}}