{"id":4667,"date":"2026-04-05T11:23:50","date_gmt":"2026-04-05T11:23:50","guid":{"rendered":"http:\/\/lasteaed.vaatsa.ee\/?page_id=4667"},"modified":"2026-04-05T11:32:23","modified_gmt":"2026-04-05T11:32:23","slug":"lasteaiaga-kohanemine","status":"publish","type":"page","link":"http:\/\/lasteaed.vaatsa.ee\/index.php\/lasteaiaga-kohanemine\/","title":{"rendered":"Lasteaiaga kohanemine"},"content":{"rendered":"\t\t<div data-elementor-type=\"wp-page\" data-elementor-id=\"4667\" class=\"elementor elementor-4667\">\n\t\t\t\t<div class=\"elementor-element elementor-element-5fb0371 e-flex e-con-boxed e-con e-parent\" data-id=\"5fb0371\" data-element_type=\"container\" data-e-type=\"container\">\n\t\t\t\t\t<div class=\"e-con-inner\">\n\t\t\t\t\t\t\t<h1 \n\t\tdata-interaction-id=\"b185210\" \n\t\tclass=\"e-heading-base\" \n\t\t \n\t\t\n\t>\n\t\n\t\t\tLapse kohanemine lasteaiaga\n\t\t<\/h1>\n\t\t\t\t<div class=\"elementor-element elementor-element-142c829 elementor-widget elementor-widget-text-editor\" data-id=\"142c829\" data-element_type=\"widget\" data-e-type=\"widget\" data-widget_type=\"text-editor.default\">\n\t\t\t\t\t\t\t\t\t<p>Lapse minek lastehoidu on tema elus \u00fcks esimesi suuremaid muutusi v\u00e4ljaspool kodust keskkonda. Kohanemine ei t\u00e4henda \u00fcksnes harjumist uue ruumi v\u00f5i p\u00e4evakavaga \u2013 see on emotsionaalne, sotsiaalne ja arenguline protsess, mille sujuvus m\u00f5jutab lapse edasist heaolu, \u00f5ppimist ja suhteid. Laps, kes on harjunud olema igap\u00e4evaselt koos lapsevanemaga, v\u00f5ib uues keskkonnas kogeda \u00e4revust, hirmu ja ebakindlust. Lastehoiuga kohanemine on lapse enesekindluse, iseseisvumise ja sotsiaalsete oskuste arengu seisukohalt \u00fclioluline. Just selles etapis omandab laps esimesed kogemused grupis toime tulemisest, koost\u00f6\u00f6st teiste lastega ning oma tunnete v\u00e4ljendamisest ja reguleerimisest uues sotsiaalses olukorras.<\/p><p>Lastehoidu tulekuga, kohanemise perioodil, toimub lapses teatud stereot\u00fc\u00fcpide murrang: tuttavast kodusest keskkonnast satub laps harjumatusse, uude keskkonda, muudatused v\u00f5ivad lapse viia pingeseisundisse, mille tulemusena muutub laps isutuks, ilmnevad hirmud, laps keeldub m\u00e4ngimast, on kahvatu jumega, rahutu, on sagedamini haige. Lapse organism teeb k\u00f5ik selleks, et kohaneda uue keskkonnaga.<\/p>\t\t\t\t\t\t\t\t<\/div>\n\t\t\t\t<div class=\"elementor-element elementor-element-6a431c2 elementor-widget elementor-widget-heading\" data-id=\"6a431c2\" data-element_type=\"widget\" data-e-type=\"widget\" data-widget_type=\"heading.default\">\n\t\t\t\t\t<h2 class=\"elementor-heading-title elementor-size-default\">1,5 aastase lapse t\u00fc\u00fcpilised emotsionaalsed ja k\u00e4itumisreaktsioonid kohanemisel lastehoiuga<\/h2>\t\t\t\t<\/div>\n\t\t\t\t<div class=\"elementor-element elementor-element-06af95f elementor-widget elementor-widget-text-editor\" data-id=\"06af95f\" data-element_type=\"widget\" data-e-type=\"widget\" data-widget_type=\"text-editor.default\">\n\t\t\t\t\t\t\t\t\t<p>Umbes 1,5-aastasel lapsel on kiindumussuhe esmase hooldajaga v\u00e4ga tugev ning v\u00f5\u00f5rasse keskkonda sisenemine v\u00f5ib p\u00f5hjustada tugevaid emotsionaalseid reaktsioone. \u00dcks levinumaid on eraldumis\u00e4revus \u2013 laps v\u00f5ib hakata nutma, klammerduda vanema k\u00fclge v\u00f5i keelduda uue t\u00e4iskasvanuga kontakti astumast. Lapsel on soov pidevalt \u00f5petaja\/lapsehoidja s\u00fcles olla v\u00f5i lapsevanemat otsida. Ta ei m\u00f5ista veel, et vanem naaseb hiljem, mist\u00f5ttu tundub lahkumine talle l\u00f5plik. Lisaks v\u00f5ivad tekkida hirm ja segadus. Laps v\u00f5ib olla<\/p><p>vaikne, eemalolev v\u00f5i t\u00f5mbuda endasse, j\u00e4lgida tegevusi eelmalt ja v\u00e4ltida aktiivset osalemist. Selline \u201ek\u00fclmumine\u201d on lapse stressireaktsioon. M\u00f5nel lapsel v\u00f5ib stress avalduda rohkem rahutuse, \u00e4rrituvuse ja jonnina. Kuna selles vanuses lapse keelev\u00f5imekus alles kujuneb, ei suuda ta oma emotsioone veel s\u00f5nadesse panna, mis suurendab frustratsiooni. Tavap\u00e4rased on ka kiired meeleoluk\u00f5ikumised, n\u00e4iteks kiire \u00fcleminek r\u00f5\u00f5must kurbuse v\u00f5i vihani.<\/p>\t\t\t\t\t\t\t\t<\/div>\n\t\t\t\t<div class=\"elementor-element elementor-element-462e35d elementor-widget elementor-widget-heading\" data-id=\"462e35d\" data-element_type=\"widget\" data-e-type=\"widget\" data-widget_type=\"heading.default\">\n\t\t\t\t\t<h2 class=\"elementor-heading-title elementor-size-default\">2- aastase lapse kohanemine lasteaiaga<\/h2>\t\t\t\t<\/div>\n\t\t\t\t<div class=\"elementor-element elementor-element-8995a7b elementor-widget elementor-widget-text-editor\" data-id=\"8995a7b\" data-element_type=\"widget\" data-e-type=\"widget\" data-widget_type=\"text-editor.default\">\n\t\t\t\t\t\t\t\t\t<p>Kaheaastane laps on arengufaasis, kus \u201eei!\u201c \u00fctlemine on tema viis katsetada iseseisvust ja v\u00e4ljendada oma tahet. Uues keskkonnas v\u00f5i tegevuses v\u00f5ib see keeldumine olla seotud hirmu v\u00f5i ebakindlusega. Selline reaktsioon on loomulik arengusamm, mis aitab lapsel piire katsetada ja \u00f5ppida, et tema h\u00e4\u00e4l ja soovid on t\u00e4htsad. Passiivsus v\u00f5i eemalt j\u00e4lgimine on kaheaastase lapse puhul sage reaktsioon uues ja v\u00f5\u00f5ras keskkonnas, sest laps vajab aega, et tutvuda ruumi, inimeste ja olukorraga turvalisest kaugusest. Selline k\u00e4itumine ei t\u00e4henda huvi puudumist, pigem kogub laps julgust, j\u00e4lgib teiste tegevusi ja hakkab osalema siis, kui tunneb end piisavalt kindlalt. Lapse kohanemisprotsessis on tavaline ka regressioon \u2013 ta v\u00f5ib ajutiselt taanduda varasematesse arenguetappidesse, n\u00e4iteks vajada rohkem f\u00fc\u00fcsilist kontakti, p\u00f6\u00f6rduda tagasi m\u00e4hkmete kasutamise juurde v\u00f5i v\u00e4heneb tema k\u00f5neaktiivsus. K\u00f5ik need reaktsioonid on osa normaalsest kohanemisest ja taanduvad tavaliselt siis, kui laps on loonud uues keskkonnas turvalise suhte t\u00e4iskasvanuga ja saanud stabiilse kogemuse.<\/p>\t\t\t\t\t\t\t\t<\/div>\n\t\t\t\t<div class=\"elementor-element elementor-element-c721c92 elementor-widget elementor-widget-heading\" data-id=\"c721c92\" data-element_type=\"widget\" data-e-type=\"widget\" data-widget_type=\"heading.default\">\n\t\t\t\t\t<h2 class=\"elementor-heading-title elementor-size-default\">Kuidas last lasteaiaks ette valmistada?<\/h2>\t\t\t\t<\/div>\n\t\t\t\t<div class=\"elementor-element elementor-element-9814a99 elementor-widget elementor-widget-text-editor\" data-id=\"9814a99\" data-element_type=\"widget\" data-e-type=\"widget\" data-widget_type=\"text-editor.default\">\n\t\t\t\t\t\t\t\t\t<p>Et \u00fcleminek tuttavast keskkonnast uude oleks sujuv, oleks hea last pikemalt ette valmistada. Lapsevanema hoiakud, tegevused loovad aluse lapse turvatundele ja usaldusele uue keskkonna suhtes.<\/p><ol><li><strong>\u00dcHTNE R\u00dcTM<\/strong> -Lapse ettevalmistamine lastehoidu minekuks v\u00f5iks alata juba m\u00f5nda aega enne esimest hoiup\u00e4eva. Soovitatav on kujundada kodus p\u00e4evakava, mis sarnaneb lastehoiu r\u00fctmile \u2013 n\u00e4iteks kindlad s\u00f6\u00f6gi- ja uneajad. On oluline, et enne lastehoidu tulekut vajaks laps \u00fchte l\u00f5unaund.<br \/><br \/><\/li><li><strong>ENESETEENINDUSOSKUSTE ARENDAMINE<\/strong>&#8211; toetada last iseseisval s\u00f6\u00f6misel, riietumisel ja potil k\u00e4imisel, nende tegevustega iseseisvalt toimetulek t\u00f5stab lapse enesekindlust uues keskkonnas.<br \/><br \/><\/li><li><strong>HARJUTA ERALDUMIST<\/strong>&#8211; Selleks et laps m\u00f5istaks, et vanem lahkub vaid ajutiselt, tuleks talle tutvustada lahkumise ja naasmise ideed. N\u00e4iteks v\u00f5ib kasutada igap\u00e4evaseid olukordi, kus vanem l\u00e4heb hetkeks poodi v\u00f5i viib pr\u00fcgi v\u00e4lja, samal ajal kui laps j\u00e4\u00e4b teise usaldusv\u00e4\u00e4rse t\u00e4iskasvanu hoolde \u2013 see aitab lapsel harjuda m\u00f5ttega, et vanem k\u00fcll lahkub, kuid tuleb alati tagasi.<br \/><br \/><\/li><li><strong>V\u00d5TA AEGA HARJUTAMISEKS<\/strong>&#8211; planeeri harjutamise aeg oma t\u00f6\u00f6plaanidesse, et seel\u00e4bi paremini toetada last tema kohanemisprotsessis. too laps rahulikus tempos hoidu ja tule talle varakult j\u00e4rele. Samuti on oluline s\u00e4ilitada j\u00e4rjepidevus ja luua hommikurutiinid, mis annavad lapsele struktuuri- ja turvatunde. Esimestel n\u00e4dalatel v\u00f5iks laps k\u00e4ia lastehoius iga p\u00e4ev, kuid l\u00fchemat aega, et harjumine toimuks j\u00e4rk-j\u00e4rgult. Hiljem v\u00f5ib sobiva r\u00fctmi leidmiseks teha ka puhkep\u00e4evi.<br \/><br \/><\/li><li><strong>LEHVITA LAHKUDES<\/strong>&#8211; Lapsevanem peaks lahkudes lapsega selgelt h\u00fcvasti j\u00e4tma, nii et laps saab aru, et vanem l\u00e4heb \u00e4ra. Kindlasti ei tohi vaikselt \u00e4ra hiilida, see muudab lapse ebakindlaks ja ta peab lapsevanemat kogu aeg n-\u00f6 valvama. Oluline, et lapsevanem ise on lahkudes r\u00f5\u00f5msameelne, kindel ja rahulik, sest laps tunnetab vanema emotsioone ja need kanduvad temale \u00fcle. Lapsevanema n\u00e4rvilisus, murelik olek v\u00f5i nutt annavad lapsele signaali, et midagi on valesti.<br \/><br \/><\/li><li><strong>VEEDA AEGA LAPSEGA<\/strong>&#8211; P\u00e4rast hoiup\u00e4eva l\u00f5ppu on soovitatav veeta lapsega \u00fcks-\u00fchele aega, n\u00e4iteks koos m\u00e4ngides v\u00f5i raamatut lugedes. See aitab maandada p\u00e4eva jooksul kogunenud emotsionaalseid pingeid ja kinnitab lapsele, et vanema toetus on alati olemas.<br \/><br \/><\/li><li><strong>TURVAESE<\/strong>&#8211; Turvatunde toetamiseks v\u00f5ib lapsel olla hoius kaasas talle armas ese, n\u00e4iteks kaisuloom v\u00f5i lemmikm\u00e4nguasi, mis annab vajaliku turvatunde ja emotsionaalse toe. Nii ei tunne laps end v\u00f5\u00f5ras kohas \u00fcksi, vaid on koos oma s\u00f5braga.<\/li><\/ol><p>Lapse kohanemine lastehoiuga on individuaalne protsess, mille sujuvust saab m\u00e4rkimisv\u00e4\u00e4rselt toetada teadliku ja rahuliku vanemliku k\u00e4itumise kaudu.<\/p>\t\t\t\t\t\t\t\t<\/div>\n\t\t\t\t\t<\/div>\n\t\t\t\t<\/div>\n\t\t\t\t<\/div>\n\t\t","protected":false},"excerpt":{"rendered":"<p>Lapse kohanemine lasteaiaga Lapse minek lastehoidu on tema elus \u00fcks esimesi suuremaid muutusi v\u00e4ljaspool kodust keskkonda. Kohanemine ei t\u00e4henda \u00fcksnes harjumist uue ruumi v\u00f5i p\u00e4evakavaga \u2013 see on emotsionaalne, sotsiaalne ja arenguline protsess, mille sujuvus m\u00f5jutab lapse edasist heaolu, \u00f5ppimist &hellip; <\/p>\n","protected":false},"author":6,"featured_media":0,"parent":0,"menu_order":0,"comment_status":"closed","ping_status":"closed","template":"","meta":{"footnotes":""},"class_list":["post-4667","page","type-page","status-publish","hentry"],"_links":{"self":[{"href":"http:\/\/lasteaed.vaatsa.ee\/index.php\/wp-json\/wp\/v2\/pages\/4667","targetHints":{"allow":["GET"]}}],"collection":[{"href":"http:\/\/lasteaed.vaatsa.ee\/index.php\/wp-json\/wp\/v2\/pages"}],"about":[{"href":"http:\/\/lasteaed.vaatsa.ee\/index.php\/wp-json\/wp\/v2\/types\/page"}],"author":[{"embeddable":true,"href":"http:\/\/lasteaed.vaatsa.ee\/index.php\/wp-json\/wp\/v2\/users\/6"}],"replies":[{"embeddable":true,"href":"http:\/\/lasteaed.vaatsa.ee\/index.php\/wp-json\/wp\/v2\/comments?post=4667"}],"version-history":[{"count":4,"href":"http:\/\/lasteaed.vaatsa.ee\/index.php\/wp-json\/wp\/v2\/pages\/4667\/revisions"}],"predecessor-version":[{"id":4672,"href":"http:\/\/lasteaed.vaatsa.ee\/index.php\/wp-json\/wp\/v2\/pages\/4667\/revisions\/4672"}],"wp:attachment":[{"href":"http:\/\/lasteaed.vaatsa.ee\/index.php\/wp-json\/wp\/v2\/media?parent=4667"}],"curies":[{"name":"wp","href":"https:\/\/api.w.org\/{rel}","templated":true}]}}